{"id":980,"date":"2026-04-08T18:50:41","date_gmt":"2026-04-08T16:50:41","guid":{"rendered":"https:\/\/student.tzn.dg.pl\/newtzn\/?page_id=980"},"modified":"2026-04-08T18:57:55","modified_gmt":"2026-04-08T16:57:55","slug":"matura","status":"publish","type":"page","link":"https:\/\/student.tzn.dg.pl\/newtzn\/?page_id=980","title":{"rendered":"EGZAMINY MATURALNE"},"content":{"rendered":"\t\t<div data-elementor-type=\"wp-page\" data-elementor-id=\"980\" class=\"elementor elementor-980\">\n\t\t\t\t<div class=\"elementor-element elementor-element-cc45cd8 e-flex e-con-boxed e-con e-parent\" data-id=\"cc45cd8\" data-element_type=\"container\" data-e-type=\"container\" data-settings=\"{&quot;background_background&quot;:&quot;classic&quot;}\">\n\t\t\t\t\t<div class=\"e-con-inner\">\n\t\t\t\t<div class=\"elementor-element elementor-element-3637415 elementor-widget elementor-widget-heading\" data-id=\"3637415\" data-element_type=\"widget\" data-e-type=\"widget\" data-widget_type=\"heading.default\">\n\t\t\t\t\t<h2 class=\"elementor-heading-title elementor-size-default\"><font color=\"#972626\" face=\"Open Sans\"><span style=\"font-size: 26px;letter-spacing: 0.5px;text-transform: uppercase\">komunikaty<\/span><\/font><\/h2>\t\t\t\t<\/div>\n\t\t\t\t\t<\/div>\n\t\t\t\t<\/div>\n\t\t<div class=\"elementor-element elementor-element-e13cba8 e-flex e-con-boxed e-con e-parent\" data-id=\"e13cba8\" data-element_type=\"container\" data-e-type=\"container\">\n\t\t\t\t\t<div class=\"e-con-inner\">\n\t\t\t\t<div class=\"elementor-element elementor-element-e31d173 elementor-widget elementor-widget-text-editor\" data-id=\"e31d173\" data-element_type=\"widget\" data-e-type=\"widget\" data-widget_type=\"text-editor.default\">\n\t\t\t\t\t\t\t\t\t<ul><li><a href=\"https:\/\/cke.gov.pl\/images\/_EGZAMIN_MATURALNY_OD_2023\/komunikaty\/2026\/komunikaty\/20250820%20E8%20EM%20Komunikat%20o%20harmonogramie%202026.pdf\" target=\"_blank\" rel=\"noopener\">Komunikat o harmonogramie egzamin\u00f3w w 2026 r.<\/a><\/li><li><a href=\"https:\/\/cke.gov.pl\/images\/_EGZAMIN_MATURALNY_OD_2023\/komunikaty\/2026\/komunikaty\/20250820%20E8_EM%20Komunikat%20o%20przyborach%202026.pdf\" target=\"_blank\" rel=\"noopener\">Komunikat o materia\u0142ach i przyborach pomocniczych w 2026 r.<\/a><\/li><li><a href=\"https:\/\/oke.jaworzno.pl\/www3\/wp-content\/uploads\/em\/2026\/M2026-szkolenie%20o%20dostosowaniach_KS.pdf\" target=\"_blank\" rel=\"noopener\">Dostosowania warunk\u00f3w i formy egzaminu<\/a><\/li><\/ul><p>Wszystkie informacje i komunikaty OKE s\u0105 dost\u0119pne na stronie internetowej <strong><a href=\"https:\/\/oke.jaworzno.pl\/www3\/egzamin-maturalny\/komunikaty-egzamin-maturalny\/\" target=\"_blank\" rel=\"noopener\">OKE Jaworzno<\/a><\/strong><\/p>\t\t\t\t\t\t\t\t<\/div>\n\t\t\t\t\t<\/div>\n\t\t\t\t<\/div>\n\t\t<div class=\"elementor-element elementor-element-5061e19 e-flex e-con-boxed e-con e-parent\" data-id=\"5061e19\" data-element_type=\"container\" data-e-type=\"container\" data-settings=\"{&quot;background_background&quot;:&quot;classic&quot;}\">\n\t\t\t\t\t<div class=\"e-con-inner\">\n\t\t\t\t<div class=\"elementor-element elementor-element-c6763bf elementor-widget elementor-widget-heading\" data-id=\"c6763bf\" data-element_type=\"widget\" data-e-type=\"widget\" data-widget_type=\"heading.default\">\n\t\t\t\t\t<h2 class=\"elementor-heading-title elementor-size-default\"><font color=\"#972626\" face=\"Open Sans\"><span style=\"font-size: 26px;letter-spacing: 0.5px;text-transform: uppercase\">kalendarz<\/span><\/font><\/h2>\t\t\t\t<\/div>\n\t\t\t\t\t<\/div>\n\t\t\t\t<\/div>\n\t\t<div class=\"elementor-element elementor-element-34aad21 e-flex e-con-boxed e-con e-parent\" data-id=\"34aad21\" data-element_type=\"container\" data-e-type=\"container\">\n\t\t\t\t\t<div class=\"e-con-inner\">\n\t\t<div class=\"elementor-element elementor-element-a38dc2f e-con-full e-flex e-con e-child\" data-id=\"a38dc2f\" data-element_type=\"container\" data-e-type=\"container\">\n\t\t<div class=\"elementor-element elementor-element-cf6c9d0 e-con-full e-flex e-con e-child\" data-id=\"cf6c9d0\" data-element_type=\"container\" data-e-type=\"container\">\n\t\t\t\t<div class=\"elementor-element elementor-element-9f2d4ae elementor-widget elementor-widget-text-editor\" data-id=\"9f2d4ae\" data-element_type=\"widget\" data-e-type=\"widget\" data-widget_type=\"text-editor.default\">\n\t\t\t\t\t\t\t\t\t<p><strong>4.05.2026<\/strong>\u00a0(poniedzia\u0142ek) \u2013 j.polski<br \/><strong>5.05.2026<\/strong>\u00a0(wtorek) \u2013 matematyka<br \/><strong>6.05.2026<\/strong>\u00a0(\u015broda) \u2013 j.angielski<br \/><strong>7.05.2026<\/strong>\u00a0(czwartek) \u2013 j. angielski rozszerzony<br \/><strong>8.05.2026<\/strong>\u00a0(pi\u0105tek) \u2013 biologia (r)<\/p>\t\t\t\t\t\t\t\t<\/div>\n\t\t\t\t<\/div>\n\t\t<div class=\"elementor-element elementor-element-58779ef e-con-full e-flex e-con e-child\" data-id=\"58779ef\" data-element_type=\"container\" data-e-type=\"container\">\n\t\t\t\t<div class=\"elementor-element elementor-element-13cdad6 elementor-widget elementor-widget-text-editor\" data-id=\"13cdad6\" data-element_type=\"widget\" data-e-type=\"widget\" data-widget_type=\"text-editor.default\">\n\t\t\t\t\t\t\t\t\t<p><strong>Egzamin maturalny \u2013 cz\u0119\u015b\u0107 ustna:<\/strong><br \/><strong>7- 30.05.2026<\/strong><\/p><p><strong>Wyniki egzaminu maturalnego:<\/strong><br \/><strong>8.07.2026<\/strong>\u00a0(\u015broda)<\/p><p><strong>Egzamin maturalny \u2013 poprawkowy:<\/strong><br \/><strong>24.08.026<\/strong>\u00a0\u2013 pisemne<br \/><strong>25.08.2026<\/strong>\u00a0\u2013 ustne<\/p>\t\t\t\t\t\t\t\t<\/div>\n\t\t\t\t<\/div>\n\t\t\t\t<\/div>\n\t\t\t\t\t<\/div>\n\t\t\t\t<\/div>\n\t\t\t\t<\/div>\n\t\t","protected":false},"excerpt":{"rendered":"<p>komunikaty Komunikat o harmonogramie egzamin\u00f3w w 2026 r. Komunikat o materia\u0142ach i przyborach pomocniczych w 2026 r. Dostosowania warunk\u00f3w i formy egzaminu Wszystkie informacje i komunikaty OKE s\u0105 dost\u0119pne na stronie internetowej OKE Jaworzno kalendarz 4.05.2026\u00a0(poniedzia\u0142ek) \u2013 j.polski5.05.2026\u00a0(wtorek) \u2013 matematyka6.05.2026\u00a0(\u015broda) \u2013 j.angielski7.05.2026\u00a0(czwartek) \u2013 j. angielski rozszerzony8.05.2026\u00a0(pi\u0105tek) \u2013 biologia (r) Egzamin maturalny \u2013 cz\u0119\u015b\u0107 ustna:7- 30.05.2026 &#8230; <a title=\"EGZAMINY MATURALNE\" class=\"read-more\" href=\"https:\/\/student.tzn.dg.pl\/newtzn\/?page_id=980\" aria-label=\"Dowiedz si\u0119 wi\u0119cej o EGZAMINY MATURALNE\">Dowiedz si\u0119 wi\u0119cej<\/a><\/p>\n","protected":false},"author":2,"featured_media":0,"parent":0,"menu_order":0,"comment_status":"closed","ping_status":"closed","template":"","meta":{"footnotes":""},"class_list":["post-980","page","type-page","status-publish"],"_links":{"self":[{"href":"https:\/\/student.tzn.dg.pl\/newtzn\/index.php?rest_route=\/wp\/v2\/pages\/980","targetHints":{"allow":["GET"]}}],"collection":[{"href":"https:\/\/student.tzn.dg.pl\/newtzn\/index.php?rest_route=\/wp\/v2\/pages"}],"about":[{"href":"https:\/\/student.tzn.dg.pl\/newtzn\/index.php?rest_route=\/wp\/v2\/types\/page"}],"author":[{"embeddable":true,"href":"https:\/\/student.tzn.dg.pl\/newtzn\/index.php?rest_route=\/wp\/v2\/users\/2"}],"replies":[{"embeddable":true,"href":"https:\/\/student.tzn.dg.pl\/newtzn\/index.php?rest_route=%2Fwp%2Fv2%2Fcomments&post=980"}],"version-history":[{"count":7,"href":"https:\/\/student.tzn.dg.pl\/newtzn\/index.php?rest_route=\/wp\/v2\/pages\/980\/revisions"}],"predecessor-version":[{"id":988,"href":"https:\/\/student.tzn.dg.pl\/newtzn\/index.php?rest_route=\/wp\/v2\/pages\/980\/revisions\/988"}],"wp:attachment":[{"href":"https:\/\/student.tzn.dg.pl\/newtzn\/index.php?rest_route=%2Fwp%2Fv2%2Fmedia&parent=980"}],"curies":[{"name":"wp","href":"https:\/\/api.w.org\/{rel}","templated":true}]}}