{"id":875,"date":"2026-04-06T20:18:46","date_gmt":"2026-04-06T18:18:46","guid":{"rendered":"https:\/\/student.tzn.dg.pl\/newtzn\/?page_id=875"},"modified":"2026-04-08T19:05:47","modified_gmt":"2026-04-08T17:05:47","slug":"dokumenty","status":"publish","type":"page","link":"https:\/\/student.tzn.dg.pl\/newtzn\/?page_id=875","title":{"rendered":"DOKUMENTY"},"content":{"rendered":"\t\t<div data-elementor-type=\"wp-page\" data-elementor-id=\"875\" class=\"elementor elementor-875\">\n\t\t\t\t<div class=\"elementor-element elementor-element-c346a6d e-flex e-con-boxed e-con e-parent\" data-id=\"c346a6d\" data-element_type=\"container\" data-e-type=\"container\">\n\t\t\t\t\t<div class=\"e-con-inner\">\n\t\t\t\t<div class=\"elementor-element elementor-element-92abfdd e-n-tabs-mobile elementor-widget elementor-widget-n-tabs\" data-id=\"92abfdd\" data-element_type=\"widget\" data-e-type=\"widget\" data-settings=\"{&quot;horizontal_scroll&quot;:&quot;disable&quot;}\" data-widget_type=\"nested-tabs.default\">\n\t\t\t\t\t\t\t<div class=\"e-n-tabs\" data-widget-number=\"153796573\" aria-label=\"Karty. Otwieraj elementy za pomoc\u0105 Enter lub Spacji, zamykaj za pomoc\u0105 Escape i nawiguj za pomoc\u0105 klawiszy strza\u0142ek.\">\n\t\t\t<div class=\"e-n-tabs-heading\" role=\"tablist\">\n\t\t\t\t\t<button id=\"e-n-tab-title-1537965731\" data-tab-title-id=\"e-n-tab-title-1537965731\" class=\"e-n-tab-title\" aria-selected=\"true\" data-tab-index=\"1\" role=\"tab\" tabindex=\"0\" aria-controls=\"e-n-tab-content-1537965731\" style=\"--n-tabs-title-order: 1;\">\n\t\t\t\t\t\t<span class=\"e-n-tab-title-text\">\n\t\t\t\tDOKUMENTACJA SZKOLNA\t\t\t<\/span>\n\t\t<\/button>\n\t\t\t\t<button id=\"e-n-tab-title-1537965732\" data-tab-title-id=\"e-n-tab-title-1537965732\" class=\"e-n-tab-title\" aria-selected=\"false\" data-tab-index=\"2\" role=\"tab\" tabindex=\"-1\" aria-controls=\"e-n-tab-content-1537965732\" style=\"--n-tabs-title-order: 2;\">\n\t\t\t\t\t\t<span class=\"e-n-tab-title-text\">\n\t\t\t\tWYCIECZKI\t\t\t<\/span>\n\t\t<\/button>\n\t\t\t\t<button id=\"e-n-tab-title-1537965733\" data-tab-title-id=\"e-n-tab-title-1537965733\" class=\"e-n-tab-title\" aria-selected=\"false\" data-tab-index=\"3\" role=\"tab\" tabindex=\"-1\" aria-controls=\"e-n-tab-content-1537965733\" style=\"--n-tabs-title-order: 3;\">\n\t\t\t\t\t\t<span class=\"e-n-tab-title-text\">\n\t\t\t\tDLA NAUCZYCIELI\t\t\t<\/span>\n\t\t<\/button>\n\t\t\t\t<button id=\"e-n-tab-title-1537965734\" data-tab-title-id=\"e-n-tab-title-1537965734\" class=\"e-n-tab-title\" aria-selected=\"false\" data-tab-index=\"4\" role=\"tab\" tabindex=\"-1\" aria-controls=\"e-n-tab-content-1537965734\" style=\"--n-tabs-title-order: 4;\">\n\t\t\t\t\t\t<span class=\"e-n-tab-title-text\">\n\t\t\t\tDLA PRACOWNIK\u00d3W\t\t\t<\/span>\n\t\t<\/button>\n\t\t\t\t<button id=\"e-n-tab-title-1537965735\" data-tab-title-id=\"e-n-tab-title-1537965735\" class=\"e-n-tab-title\" aria-selected=\"false\" data-tab-index=\"5\" role=\"tab\" tabindex=\"-1\" aria-controls=\"e-n-tab-content-1537965735\" style=\"--n-tabs-title-order: 5;\">\n\t\t\t\t\t\t<span class=\"e-n-tab-title-text\">\n\t\t\t\tDLA UCZNI\u00d3W\t\t\t<\/span>\n\t\t<\/button>\n\t\t\t\t\t<\/div>\n\t\t\t<div class=\"e-n-tabs-content\">\n\t\t\t\t<div id=\"e-n-tab-content-1537965731\" role=\"tabpanel\" aria-labelledby=\"e-n-tab-title-1537965731\" data-tab-index=\"1\" style=\"--n-tabs-title-order: 1;\" class=\"e-active elementor-element elementor-element-118ea27 e-con-full e-flex e-con e-child\" data-id=\"118ea27\" data-element_type=\"container\" data-e-type=\"container\">\n\t\t<div class=\"elementor-element elementor-element-0ccfa44 e-flex e-con-boxed e-con e-child\" data-id=\"0ccfa44\" data-element_type=\"container\" data-e-type=\"container\">\n\t\t\t\t\t<div class=\"e-con-inner\">\n\t\t\t\t<div class=\"elementor-element elementor-element-1977088 elementor-widget elementor-widget-text-editor\" data-id=\"1977088\" data-element_type=\"widget\" data-e-type=\"widget\" data-widget_type=\"text-editor.default\">\n\t\t\t\t\t\t\t\t\t<ul><li><strong><a href=\"https:\/\/student.tzn.dg.pl\/newtzn\/wp-content\/uploads\/2026\/04\/STATUT-TZN-11-wrzesnia-2025-mniejszy-plik.pdf\" target=\"_blank\" rel=\"noopener\">STATUT TZN<\/a><\/strong><\/li><li><a href=\"https:\/\/student.tzn.dg.pl\/newtzn\/wp-content\/uploads\/2026\/04\/Standardy-Ochrony-Maloletnich-1.pdf\"><strong>Standardy ochrony ma\u0142oletnich<\/strong><\/a><\/li><\/ul>\t\t\t\t\t\t\t\t<\/div>\n\t\t\t\t<div class=\"elementor-element elementor-element-11d80db elementor-widget elementor-widget-heading\" data-id=\"11d80db\" data-element_type=\"widget\" data-e-type=\"widget\" data-widget_type=\"heading.default\">\n\t\t\t\t\t<h2 class=\"elementor-heading-title elementor-size-default\">RODO:<\/h2>\t\t\t\t<\/div>\n\t\t\t\t\t<\/div>\n\t\t\t\t<\/div>\n\t\t\t\t<div class=\"elementor-element elementor-element-2a150b5 elementor-widget elementor-widget-text-editor\" data-id=\"2a150b5\" data-element_type=\"widget\" data-e-type=\"widget\" data-widget_type=\"text-editor.default\">\n\t\t\t\t\t\t\t\t\t<ul><li><a href=\"https:\/\/student.tzn.dg.pl\/newtzn\/wp-content\/uploads\/2026\/04\/INFORMACJA-ODO_monitoring-TZN.pdf\" target=\"_blank\" rel=\"noopener\">monitoring wizyjny<\/a><\/li><li><a href=\"https:\/\/student.tzn.dg.pl\/newtzn\/wp-content\/uploads\/2026\/04\/INFORMACJA-ODO-rekrutacja.pdf\" target=\"_blank\" rel=\"noopener\">Informacja dotycz\u0105ca rekrutacji<\/a><\/li><li><a href=\"https:\/\/student.tzn.dg.pl\/newtzn\/wp-content\/uploads\/2026\/04\/INFORMACJA-ODO_pelnoletni-uczen.pdf\" target=\"_blank\" rel=\"noopener\">Informacja o przetwarzaniu danych \u2013 ucze\u0144 pe\u0142noletni<\/a><\/li><li><a href=\"https:\/\/student.tzn.dg.pl\/newtzn\/wp-content\/uploads\/2026\/04\/INFORMACJA-ODO-rodzic_-opiekun-prawny.pdf\" target=\"_blank\" rel=\"noopener\">Informacja o przetwarzaniu danych \u2013 rodzic\/opiekun prawny<\/a><\/li><li><a href=\"https:\/\/student.tzn.dg.pl\/newtzn\/wp-content\/uploads\/2026\/04\/INFORMACJA_ODO_Informacja_publiczna_wnioskodawcy.pdf\" target=\"_blank\" rel=\"noopener\">Informacja o przetwarzaniu danych osobowych wnioskodawcy<\/a><\/li><\/ul>\t\t\t\t\t\t\t\t<\/div>\n\t\t\t\t<\/div>\n\t\t<div id=\"e-n-tab-content-1537965732\" role=\"tabpanel\" aria-labelledby=\"e-n-tab-title-1537965732\" data-tab-index=\"2\" style=\"--n-tabs-title-order: 2;\" class=\" elementor-element elementor-element-3797429 e-con-full e-flex e-con e-child\" data-id=\"3797429\" data-element_type=\"container\" data-e-type=\"container\">\n\t\t<div class=\"elementor-element elementor-element-89e5533 e-flex e-con-boxed e-con e-child\" data-id=\"89e5533\" data-element_type=\"container\" data-e-type=\"container\">\n\t\t\t\t\t<div class=\"e-con-inner\">\n\t\t\t\t<div class=\"elementor-element elementor-element-566156b elementor-widget elementor-widget-text-editor\" data-id=\"566156b\" data-element_type=\"widget\" data-e-type=\"widget\" data-widget_type=\"text-editor.default\">\n\t\t\t\t\t\t\t\t\t<ul><li><a href=\"https:\/\/student.tzn.dg.pl\/newtzn\/wp-content\/uploads\/2026\/04\/REGULAMIN-WYJSC-I-WYCIECZEK-SZKOLNYCH.pdf\" target=\"_blank\" rel=\"noopener\">REGULAMIN WYJ\u015a\u0106 I WYCIECZEK SZKOLNYCH<\/a><\/li><li><a href=\"https:\/\/student.tzn.dg.pl\/newtzn\/wp-content\/uploads\/2026\/04\/Zal.-nr-1-KARTA-WYCIECZKI.pdf\" target=\"_blank\" rel=\"noopener\">Za\u0142. nr 1 &#8211; karta wycieczki<\/a><\/li><li><a href=\"https:\/\/student.tzn.dg.pl\/newtzn\/wp-content\/uploads\/2026\/04\/Zal.-nr-2-LISTA-UCZESTNIKOW-WYCIECZKI.pdf\" target=\"_blank\" rel=\"noopener\">Za\u0142. nr 2 &#8211; lista uczestnik\u00f3w wycieczki<\/a><\/li><li><a href=\"https:\/\/student.tzn.dg.pl\/newtzn\/wp-content\/uploads\/2026\/04\/Zal.-nr-3-KARTA-WYJSCIA-NA-KONKURS-ZAWODY-SPORTOWEWOLONTARIAT.pdf\" target=\"_blank\" rel=\"noopener\">Za\u0142. nr 3 &#8211; karta wyj\u015bcia na konkurs\/zawody sportowe<\/a><\/li><li><a href=\"https:\/\/student.tzn.dg.pl\/newtzn\/wp-content\/uploads\/2026\/04\/Zal.-nr-4-oswiadczenie-zgody.pdf\" target=\"_blank\" rel=\"noopener\">Za\u0142. nr 4 &#8211; o\u015bwiadczenie\/zgoda<\/a><\/li><li><a href=\"https:\/\/student.tzn.dg.pl\/newtzn\/wp-content\/uploads\/2026\/04\/Zal.-nr-5-REGULAMIN-WYCIECZKI-WYJSCIA.pdf\" target=\"_blank\" rel=\"noopener\">Za\u0142. nr 5 &#8211; regulamin wycieczki\/wyj\u015bcia<\/a><\/li><li><a href=\"https:\/\/student.tzn.dg.pl\/newtzn\/wp-content\/uploads\/2026\/04\/Zal.-nr-6-ROZLICZENIE.pdf\" target=\"_blank\" rel=\"noopener\">Za\u0142. nr 6 &#8211; rozliczenie<\/a><\/li><li><a href=\"https:\/\/student.tzn.dg.pl\/newtzn\/wp-content\/uploads\/2026\/04\/Zal.-nr-7-Informacja-o-organizacji-wycieczki-za-granica.pdf\" target=\"_blank\" rel=\"noopener\">Za\u0142. nr 7 &#8211; informacja o organizacji wycieczki za granic\u0119<\/a><\/li><\/ul>\t\t\t\t\t\t\t\t<\/div>\n\t\t\t\t\t<\/div>\n\t\t\t\t<\/div>\n\t\t\t\t<\/div>\n\t\t<div id=\"e-n-tab-content-1537965733\" role=\"tabpanel\" aria-labelledby=\"e-n-tab-title-1537965733\" data-tab-index=\"3\" style=\"--n-tabs-title-order: 3;\" class=\" elementor-element elementor-element-c643914 e-con-full e-flex e-con e-child\" data-id=\"c643914\" data-element_type=\"container\" data-e-type=\"container\">\n\t\t\t\t<div class=\"elementor-element elementor-element-aea80cd elementor-widget elementor-widget-text-editor\" data-id=\"aea80cd\" data-element_type=\"widget\" data-e-type=\"widget\" data-widget_type=\"text-editor.default\">\n\t\t\t\t\t\t\t\t\t<p><strong>Szkolenia bran\u017cowe:<\/strong><\/p><ul><li><a href=\"https:\/\/student.tzn.dg.pl\/newtzn\/wp-content\/uploads\/2026\/04\/TZN-kompendium-wiedzy-dla-nauczycieli-dot.-szkolen-branzowych-2.docx\" target=\"_blank\" rel=\"noopener\">TZN &#8211;\u00a0 kompendium wiedzy dla nauczycieli dot. szkole\u0144 bran\u017cowych<\/a><\/li><li><a href=\"https:\/\/student.tzn.dg.pl\/newtzn\/wp-content\/uploads\/2026\/04\/TZN-wniosek-o-skierowanie-na-szkolenie-branzowe-1.docx\" target=\"_blank\" rel=\"noopener\">TZN &#8211; wniosek do dyrektora o skierowanie na szkolenie bran\u017cowe<\/a><\/li><li><a href=\"https:\/\/student.tzn.dg.pl\/newtzn\/wp-content\/uploads\/2026\/04\/TZN-skierowanie-na-szkolenie-branzowe.docx\" target=\"_blank\" rel=\"noopener\">TZN &#8211; skierowanie na szkolenie bran\u017cowe<\/a><\/li><li><a href=\"https:\/\/student.tzn.dg.pl\/newtzn\/wp-content\/uploads\/2026\/04\/TZN-potwierdzenie-odbycia-szkolenia-branzowego-1.docx\" target=\"_blank\" rel=\"noopener\">TZN &#8211; potwierdzenie odbycia szkolenia bran\u017cowego<\/a><\/li><li><a href=\"https:\/\/student.tzn.dg.pl\/newtzn\/wp-content\/uploads\/2026\/04\/TZN-zaswiadczenie-o-zatrudnieniuoswiadczenie-o-PDG.docx\" target=\"_blank\" rel=\"noopener\">TZN &#8211; za\u015bwiadczenie o zatrudnieniu\/PDG<\/a><\/li><\/ul><p><strong>Wnioski dot. dnia wolnego od pracy:<\/strong><\/p><ul><li><a href=\"https:\/\/student.tzn.dg.pl\/newtzn\/wp-content\/uploads\/2026\/04\/wniosek_opieka-nad-dzieckiem_nauczyciele.docx\" target=\"_blank\" rel=\"noopener\">Wniosek o opiek\u0119 nad dzieckiem<\/a><\/li><\/ul><p><strong>Inne:<\/strong><\/p><ul><li><a href=\"https:\/\/student.tzn.dg.pl\/newtzn\/wp-content\/uploads\/2026\/04\/Wniosek-o-zapomoge-zdrowotna-art-72-KN-.docx\" target=\"_blank\" rel=\"noopener\">wniosek o zapomog\u0119 zdrowotn\u0105 (art. 72. KN)<\/a><\/li><\/ul>\t\t\t\t\t\t\t\t<\/div>\n\t\t\t\t<\/div>\n\t\t<div id=\"e-n-tab-content-1537965734\" role=\"tabpanel\" aria-labelledby=\"e-n-tab-title-1537965734\" data-tab-index=\"4\" style=\"--n-tabs-title-order: 4;\" class=\" elementor-element elementor-element-9a9367c e-con-full e-flex e-con e-child\" data-id=\"9a9367c\" data-element_type=\"container\" data-e-type=\"container\">\n\t\t\t\t<div class=\"elementor-element elementor-element-7973c0e elementor-widget elementor-widget-text-editor\" data-id=\"7973c0e\" data-element_type=\"widget\" data-e-type=\"widget\" data-widget_type=\"text-editor.default\">\n\t\t\t\t\t\t\t\t\t<p><strong>Dokumenty Zak\u0142adowego Funduszu \u015awiadcze\u0144 Socjalnych:<\/strong><\/p><ul><li><a href=\"https:\/\/student.tzn.dg.pl\/newtzn\/wp-content\/uploads\/2026\/04\/Regulamin-ZFSS-TZN.pdf\" target=\"_blank\" rel=\"noopener\">Regulamin ZF\u015aS<\/a><\/li><li><a href=\"https:\/\/student.tzn.dg.pl\/newtzn\/wp-content\/uploads\/2026\/04\/Zalacznik-nr-1-do-Regulaminu-ZFSS-plan-finansowy.docx\" target=\"_blank\" rel=\"noopener\">Za\u0142. nr 1. do Regulaminu ZF\u015aS &#8211; plan finansowy<\/a><\/li><li><a href=\"https:\/\/student.tzn.dg.pl\/newtzn\/wp-content\/uploads\/2026\/04\/Zalacznik-nr-2-do-Regulaminu-ZFSS-tabele-dofinansowan.docx\" target=\"_blank\" rel=\"noopener\">Za\u0142. nr 2. do Regulaminu ZF\u015aS &#8211; tabele dofinansowa\u0144<\/a><\/li><li><a href=\"https:\/\/student.tzn.dg.pl\/newtzn\/wp-content\/uploads\/2026\/04\/Zalacznik-nr-3-do-Regulaminu-ZFSS-wniosek-o-przyznanie-swiadczenia-socjalnego-1.docx\" target=\"_blank\" rel=\"noopener\">Za\u0142. nr 3. do Regulaminu ZF\u015aS &#8211; wniosek o przyznanie \u015bwiadczenia socjalnego<\/a><\/li><li><a href=\"https:\/\/student.tzn.dg.pl\/newtzn\/wp-content\/uploads\/2026\/04\/Zalacznik-nr-4-do-Regulaminu-ZFSS-wniosek-o-udzielenie-pozyczki-na-cele-mieszkaniowe.docx\">Za\u0142. nr 4. do Regulaminu ZF\u015aS &#8211; wniosek o udzielenie po\u017cyczki na cele mieszkaniowe<\/a><\/li><li><a href=\"https:\/\/student.tzn.dg.pl\/newtzn\/wp-content\/uploads\/2026\/04\/Zalacznik-nr-5-do-Regulaminu-ZFSS-umowa-pozyczkina-cele-mieszkaniowe.docx\" target=\"_blank\" rel=\"noopener\">Za\u0142. nr 5. do Regulaminu ZF\u015aS &#8211; umowa po\u017cyczki na cele mieszkaniowe<\/a><\/li><\/ul>\t\t\t\t\t\t\t\t<\/div>\n\t\t\t\t<\/div>\n\t\t<div id=\"e-n-tab-content-1537965735\" role=\"tabpanel\" aria-labelledby=\"e-n-tab-title-1537965735\" data-tab-index=\"5\" style=\"--n-tabs-title-order: 5;\" class=\" elementor-element elementor-element-d483faf e-con-full e-flex e-con e-child\" data-id=\"d483faf\" data-element_type=\"container\" data-e-type=\"container\">\n\t\t\t\t<div class=\"elementor-element elementor-element-852ceb6 elementor-widget elementor-widget-text-editor\" data-id=\"852ceb6\" data-element_type=\"widget\" data-e-type=\"widget\" data-widget_type=\"text-editor.default\">\n\t\t\t\t\t\t\t\t\t<ul><li><a href=\"https:\/\/student.tzn.dg.pl\/newtzn\/wp-content\/uploads\/2026\/04\/REGULAMIN-PRAKTYK-ZAWODOWYCH-W-TZN.pdf\" target=\"_blank\" rel=\"noopener\">Regulamin praktyk zawodowych<\/a><\/li><li><a href=\"https:\/\/student.tzn.dg.pl\/newtzn\/wp-content\/uploads\/2026\/04\/Regulamin-warsztatow-szkolnych-w-TZN-DG-2.pdf\" target=\"_blank\" rel=\"noopener\">Regulamin warsztat\u00f3w szkolnych<\/a><\/li><li>Regulamin Samorz\u0105du Uczniowskiego<\/li><li><a href=\"https:\/\/student.tzn.dg.pl\/newtzn\/wp-content\/uploads\/2026\/04\/regulamin-mlegitymacje-1.pdf\" target=\"_blank\" rel=\"noopener\">Regulamin m-legitymacje<\/a><\/li><li><a href=\"https:\/\/student.tzn.dg.pl\/newtzn\/wp-content\/uploads\/2026\/04\/karta_obiegowa.pdf\" target=\"_blank\" rel=\"noopener\">Karta obiegowa<\/a><\/li><\/ul>\t\t\t\t\t\t\t\t<\/div>\n\t\t\t\t<\/div>\n\t\t\t\t\t<\/div>\n\t\t<\/div>\n\t\t\t\t\t\t<\/div>\n\t\t\t\t\t<\/div>\n\t\t\t\t<\/div>\n\t\t\t\t<\/div>\n\t\t","protected":false},"excerpt":{"rendered":"<p>DOKUMENTACJA SZKOLNA WYCIECZKI DLA NAUCZYCIELI DLA PRACOWNIK\u00d3W DLA UCZNI\u00d3W STATUT TZN Standardy ochrony ma\u0142oletnich RODO: monitoring wizyjny Informacja dotycz\u0105ca rekrutacji Informacja o przetwarzaniu danych \u2013 ucze\u0144 pe\u0142noletni Informacja o przetwarzaniu danych \u2013 rodzic\/opiekun prawny Informacja o przetwarzaniu danych osobowych wnioskodawcy REGULAMIN WYJ\u015a\u0106 I WYCIECZEK SZKOLNYCH Za\u0142. nr 1 &#8211; karta wycieczki Za\u0142. nr 2 &#8211; &#8230; <a title=\"DOKUMENTY\" class=\"read-more\" href=\"https:\/\/student.tzn.dg.pl\/newtzn\/?page_id=875\" aria-label=\"Dowiedz si\u0119 wi\u0119cej o DOKUMENTY\">Dowiedz si\u0119 wi\u0119cej<\/a><\/p>\n","protected":false},"author":2,"featured_media":0,"parent":0,"menu_order":0,"comment_status":"closed","ping_status":"closed","template":"","meta":{"footnotes":""},"class_list":["post-875","page","type-page","status-publish"],"_links":{"self":[{"href":"https:\/\/student.tzn.dg.pl\/newtzn\/index.php?rest_route=\/wp\/v2\/pages\/875","targetHints":{"allow":["GET"]}}],"collection":[{"href":"https:\/\/student.tzn.dg.pl\/newtzn\/index.php?rest_route=\/wp\/v2\/pages"}],"about":[{"href":"https:\/\/student.tzn.dg.pl\/newtzn\/index.php?rest_route=\/wp\/v2\/types\/page"}],"author":[{"embeddable":true,"href":"https:\/\/student.tzn.dg.pl\/newtzn\/index.php?rest_route=\/wp\/v2\/users\/2"}],"replies":[{"embeddable":true,"href":"https:\/\/student.tzn.dg.pl\/newtzn\/index.php?rest_route=%2Fwp%2Fv2%2Fcomments&post=875"}],"version-history":[{"count":55,"href":"https:\/\/student.tzn.dg.pl\/newtzn\/index.php?rest_route=\/wp\/v2\/pages\/875\/revisions"}],"predecessor-version":[{"id":996,"href":"https:\/\/student.tzn.dg.pl\/newtzn\/index.php?rest_route=\/wp\/v2\/pages\/875\/revisions\/996"}],"wp:attachment":[{"href":"https:\/\/student.tzn.dg.pl\/newtzn\/index.php?rest_route=%2Fwp%2Fv2%2Fmedia&parent=875"}],"curies":[{"name":"wp","href":"https:\/\/api.w.org\/{rel}","templated":true}]}}