{"id":814,"date":"2026-04-03T21:55:18","date_gmt":"2026-04-03T19:55:18","guid":{"rendered":"https:\/\/student.tzn.dg.pl\/newtzn\/?page_id=814"},"modified":"2026-04-03T22:11:07","modified_gmt":"2026-04-03T20:11:07","slug":"kalendarz_2025-26","status":"publish","type":"page","link":"https:\/\/student.tzn.dg.pl\/newtzn\/?page_id=814","title":{"rendered":"KALENDARZ ROKU SZKOLNEGO 2025\/2026"},"content":{"rendered":"\t\t<div data-elementor-type=\"wp-page\" data-elementor-id=\"814\" class=\"elementor elementor-814\">\n\t\t\t\t<div class=\"elementor-element elementor-element-8074e44 e-flex e-con-boxed e-con e-parent\" data-id=\"8074e44\" data-element_type=\"container\" data-e-type=\"container\">\n\t\t\t\t\t<div class=\"e-con-inner\">\n\t\t\t\t<div class=\"elementor-element elementor-element-29fd08a elementor-widget elementor-widget-heading\" data-id=\"29fd08a\" data-element_type=\"widget\" data-e-type=\"widget\" data-widget_type=\"heading.default\">\n\t\t\t\t\t<h3 class=\"elementor-heading-title elementor-size-default\">Podzia\u0142 roku szkolnego na p\u00f3\u0142rocza:<\/h3>\t\t\t\t<\/div>\n\t\t\t\t\t<\/div>\n\t\t\t\t<\/div>\n\t\t<div class=\"elementor-element elementor-element-17ebeda e-flex e-con-boxed e-con e-parent\" data-id=\"17ebeda\" data-element_type=\"container\" data-e-type=\"container\">\n\t\t\t\t\t<div class=\"e-con-inner\">\n\t\t<div class=\"elementor-element elementor-element-4146fcb e-con-full e-flex e-con e-child\" data-id=\"4146fcb\" data-element_type=\"container\" data-e-type=\"container\">\n\t\t\t\t<div class=\"elementor-element elementor-element-c3d1ceb elementor-widget elementor-widget-text-editor\" data-id=\"c3d1ceb\" data-element_type=\"widget\" data-e-type=\"widget\" data-widget_type=\"text-editor.default\">\n\t\t\t\t\t\t\t\t\t<p><strong>Klasy I-IV:<\/strong><br \/>I p\u00f3\u0142rocze: 01.09.2025 \u2013 25.01.2026<br \/>II p\u00f3\u0142rocze: 26.01.2026 \u2013 26.06.2026<\/p>\t\t\t\t\t\t\t\t<\/div>\n\t\t\t\t<\/div>\n\t\t<div class=\"elementor-element elementor-element-81f9b34 e-con-full e-flex e-con e-child\" data-id=\"81f9b34\" data-element_type=\"container\" data-e-type=\"container\">\n\t\t\t\t<div class=\"elementor-element elementor-element-5597caf elementor-widget elementor-widget-text-editor\" data-id=\"5597caf\" data-element_type=\"widget\" data-e-type=\"widget\" data-widget_type=\"text-editor.default\">\n\t\t\t\t\t\t\t\t\t<p><strong>Klasy V:<\/strong><br \/>I p\u00f3\u0142rocze: 01.09.2025 \u2013 14.12.2025<br \/>II p\u00f3\u0142rocze: 15.12.2025 \u2013 24.04.2026<\/p>\t\t\t\t\t\t\t\t<\/div>\n\t\t\t\t<\/div>\n\t\t\t\t\t<\/div>\n\t\t\t\t<\/div>\n\t\t<div class=\"elementor-element elementor-element-ab7107c e-flex e-con-boxed e-con e-parent\" data-id=\"ab7107c\" data-element_type=\"container\" data-e-type=\"container\">\n\t\t\t\t\t<div class=\"e-con-inner\">\n\t\t\t\t<div class=\"elementor-element elementor-element-95b916d elementor-widget elementor-widget-heading\" data-id=\"95b916d\" data-element_type=\"widget\" data-e-type=\"widget\" data-widget_type=\"heading.default\">\n\t\t\t\t\t<h3 class=\"elementor-heading-title elementor-size-default\">Zebrania z rodzicami<\/h3>\t\t\t\t<\/div>\n\t\t\t\t\t<\/div>\n\t\t\t\t<\/div>\n\t\t<div class=\"elementor-element elementor-element-f24d8d5 e-flex e-con-boxed e-con e-parent\" data-id=\"f24d8d5\" data-element_type=\"container\" data-e-type=\"container\">\n\t\t\t\t\t<div class=\"e-con-inner\">\n\t\t<div class=\"elementor-element elementor-element-343c918 e-con-full e-flex e-con e-child\" data-id=\"343c918\" data-element_type=\"container\" data-e-type=\"container\">\n\t\t\t\t<div class=\"elementor-element elementor-element-fd3bc3a elementor-widget elementor-widget-text-editor\" data-id=\"fd3bc3a\" data-element_type=\"widget\" data-e-type=\"widget\" data-widget_type=\"text-editor.default\">\n\t\t\t\t\t\t\t\t\t<p>Klasy I:<br \/><strong>04.09.2025<\/strong> (czwartek),godz. 17:00 \u2013 spotkanie z dyrekcj\u0105 szko\u0142y, godzina 17:30 \u2013 spotkanie z wychowawcami<br \/><strong>23.10. 2025<\/strong>\u00a0(czwartek), godz. 16:30 \u2013 konsultacje, godz. 17:00 \u2013 zebranie<br \/><strong>21.01.2026\u00a0<\/strong>(\u015broda), godz. 17:30 \u2013 konsultacje, godzina 18:00 \u2013 zebranie<br \/><strong>08.06.2026<\/strong>\u00a0(poniedzia\u0142ek) , godz. 16:30 \u2013 konsultacje, godzina 17:00 \u2013 zebranie<\/p>\t\t\t\t\t\t\t\t<\/div>\n\t\t\t\t<\/div>\n\t\t<div class=\"elementor-element elementor-element-0f7cd56 e-con-full e-flex e-con e-child\" data-id=\"0f7cd56\" data-element_type=\"container\" data-e-type=\"container\">\n\t\t\t\t<div class=\"elementor-element elementor-element-bb25216 elementor-widget elementor-widget-text-editor\" data-id=\"bb25216\" data-element_type=\"widget\" data-e-type=\"widget\" data-widget_type=\"text-editor.default\">\n\t\t\t\t\t\t\t\t\t<p>Klasy II-IV:<\/p><p><strong>09.09.2025<\/strong>\u00a0(wtorek), godz. 17:00 \u2013 spotkanie z wychowawcami<br \/><strong>23.10. 2025<\/strong>\u00a0(czwartek), godz. 16:30 \u2013 konsultacje, godz. 17:00 \u2013 zebranie<br \/><strong>21.01.2026<\/strong>\u00a0(\u015broda), godz.17:30 \u2013 konsultacje, godzina 18:00 \u2013 zebranie<br \/><strong>08.06.2025<\/strong>\u00a0(poniedzia\u0142ek), godz. 16:30 \u2013 konsultacje, godzina 17:00 \u2013 zebranie<\/p>\t\t\t\t\t\t\t\t<\/div>\n\t\t\t\t<\/div>\n\t\t\t\t\t<\/div>\n\t\t\t\t<\/div>\n\t\t<div class=\"elementor-element elementor-element-6cd5bfd e-flex e-con-boxed e-con e-parent\" data-id=\"6cd5bfd\" data-element_type=\"container\" data-e-type=\"container\">\n\t\t\t\t\t<div class=\"e-con-inner\">\n\t\t\t\t<div class=\"elementor-element elementor-element-a193733 elementor-widget elementor-widget-heading\" data-id=\"a193733\" data-element_type=\"widget\" data-e-type=\"widget\" data-widget_type=\"heading.default\">\n\t\t\t\t\t<h3 class=\"elementor-heading-title elementor-size-default\">Terminy wystawiania ocen:<\/h3>\t\t\t\t<\/div>\n\t\t\t\t\t<\/div>\n\t\t\t\t<\/div>\n\t\t<div class=\"elementor-element elementor-element-55db8a3 e-flex e-con-boxed e-con e-parent\" data-id=\"55db8a3\" data-element_type=\"container\" data-e-type=\"container\">\n\t\t\t\t\t<div class=\"e-con-inner\">\n\t\t<div class=\"elementor-element elementor-element-4201961 e-con-full e-flex e-con e-child\" data-id=\"4201961\" data-element_type=\"container\" data-e-type=\"container\">\n\t\t\t\t<div class=\"elementor-element elementor-element-e922900 elementor-widget elementor-widget-text-editor\" data-id=\"e922900\" data-element_type=\"widget\" data-e-type=\"widget\" data-widget_type=\"text-editor.default\">\n\t\t\t\t\t\t\t\t\t<p>Klasy I-IV:<br \/><strong>16.01.2026<\/strong>\u00a0\u2013 oceny \u015br\u00f3droczne<br \/><strong>01.06.2026<\/strong>\u00a0\u2013 oceny przewidywane roczne<br \/><strong>18.06.2026<\/strong>\u00a0\u2013 oceny roczne<\/p>\t\t\t\t\t\t\t\t<\/div>\n\t\t\t\t<\/div>\n\t\t<div class=\"elementor-element elementor-element-66aaeb8 e-con-full e-flex e-con e-child\" data-id=\"66aaeb8\" data-element_type=\"container\" data-e-type=\"container\">\n\t\t\t\t<div class=\"elementor-element elementor-element-f92b54b elementor-widget elementor-widget-text-editor\" data-id=\"f92b54b\" data-element_type=\"widget\" data-e-type=\"widget\" data-widget_type=\"text-editor.default\">\n\t\t\t\t\t\t\t\t\t<p>Klasy V:<br \/><strong>26.11.2025<\/strong>\u00a0\u2013 oceny przewidywane z przedmiot\u00f3w zawodowych<br \/><strong>05.12.2025<\/strong>\u00a0\u2013 oceny \u015br\u00f3droczne<br \/><strong>31.03.2026<\/strong>\u00a0\u2013 oceny przewidywane roczne<br \/><strong>17.04.2026<\/strong>\u00a0\u2013 oceny roczne<\/p>\t\t\t\t\t\t\t\t<\/div>\n\t\t\t\t<\/div>\n\t\t\t\t\t<\/div>\n\t\t\t\t<\/div>\n\t\t<div class=\"elementor-element elementor-element-c1b735c e-flex e-con-boxed e-con e-parent\" data-id=\"c1b735c\" data-element_type=\"container\" data-e-type=\"container\">\n\t\t\t\t\t<div class=\"e-con-inner\">\n\t\t\t\t<div class=\"elementor-element elementor-element-0812539 elementor-widget elementor-widget-heading\" data-id=\"0812539\" data-element_type=\"widget\" data-e-type=\"widget\" data-widget_type=\"heading.default\">\n\t\t\t\t\t<h3 class=\"elementor-heading-title elementor-size-default\">Dni wolne od zaj\u0119\u0107 dydaktycznych:<\/h3>\t\t\t\t<\/div>\n\t\t\t\t\t<\/div>\n\t\t\t\t<\/div>\n\t\t<div class=\"elementor-element elementor-element-f59b8ff e-flex e-con-boxed e-con e-parent\" data-id=\"f59b8ff\" data-element_type=\"container\" data-e-type=\"container\">\n\t\t\t\t\t<div class=\"e-con-inner\">\n\t\t\t\t<div class=\"elementor-element elementor-element-e8d69e5 elementor-widget elementor-widget-text-editor\" data-id=\"e8d69e5\" data-element_type=\"widget\" data-e-type=\"widget\" data-widget_type=\"text-editor.default\">\n\t\t\t\t\t\t\t\t\t<p><strong>2.01.2026<\/strong>\u00a0(pi\u0105tek)<br \/><strong>4 \u2013 8.05.2026<\/strong>\u00a0\u2013 matura<br \/><strong>5 czerwca 2026<\/strong>\u00a0(pi\u0105tek) \u2013 egzamin zawodowy<\/p>\t\t\t\t\t\t\t\t<\/div>\n\t\t\t\t\t<\/div>\n\t\t\t\t<\/div>\n\t\t<div class=\"elementor-element elementor-element-ebcfac2 e-flex e-con-boxed e-con e-parent\" data-id=\"ebcfac2\" data-element_type=\"container\" data-e-type=\"container\">\n\t\t\t\t\t<div class=\"e-con-inner\">\n\t\t\t\t<div class=\"elementor-element elementor-element-fa1c670 elementor-widget elementor-widget-heading\" data-id=\"fa1c670\" data-element_type=\"widget\" data-e-type=\"widget\" data-widget_type=\"heading.default\">\n\t\t\t\t\t<h3 class=\"elementor-heading-title elementor-size-default\">Przerwy:<\/h3>\t\t\t\t<\/div>\n\t\t\t\t\t<\/div>\n\t\t\t\t<\/div>\n\t\t<div class=\"elementor-element elementor-element-18f3651 e-flex e-con-boxed e-con e-parent\" data-id=\"18f3651\" data-element_type=\"container\" data-e-type=\"container\">\n\t\t\t\t\t<div class=\"e-con-inner\">\n\t\t\t\t<div class=\"elementor-element elementor-element-a76bf7b elementor-widget elementor-widget-text-editor\" data-id=\"a76bf7b\" data-element_type=\"widget\" data-e-type=\"widget\" data-widget_type=\"text-editor.default\">\n\t\t\t\t\t\t\t\t\t<p><strong>22 \u2013 31.12.2025<\/strong>\u00a0\u2013 zimowa przerwa \u015bwi\u0105teczna<br \/><strong>16.02 \u2013 1.03.2026<\/strong>\u00a0\u2013 ferie zimowe:<br \/><strong>02. \u2013 7.04.2026<\/strong>\u00a0\u2013 wiosenna przerwa \u015bwi\u0105teczna<\/p>\t\t\t\t\t\t\t\t<\/div>\n\t\t\t\t\t<\/div>\n\t\t\t\t<\/div>\n\t\t<div class=\"elementor-element elementor-element-a99196f e-flex e-con-boxed e-con e-parent\" data-id=\"a99196f\" data-element_type=\"container\" data-e-type=\"container\">\n\t\t\t\t\t<div class=\"e-con-inner\">\n\t\t\t\t<div class=\"elementor-element elementor-element-63a23cb elementor-widget elementor-widget-heading\" data-id=\"63a23cb\" data-element_type=\"widget\" data-e-type=\"widget\" data-widget_type=\"heading.default\">\n\t\t\t\t\t<h3 class=\"elementor-heading-title elementor-size-default\">Dni wolne odpracowywane:<\/h3>\t\t\t\t<\/div>\n\t\t\t\t\t<\/div>\n\t\t\t\t<\/div>\n\t\t<div class=\"elementor-element elementor-element-225df3c e-flex e-con-boxed e-con e-parent\" data-id=\"225df3c\" data-element_type=\"container\" data-e-type=\"container\">\n\t\t\t\t\t<div class=\"e-con-inner\">\n\t\t\t\t<div class=\"elementor-element elementor-element-c46feea elementor-widget elementor-widget-text-editor\" data-id=\"c46feea\" data-element_type=\"widget\" data-e-type=\"widget\" data-widget_type=\"text-editor.default\">\n\t\t\t\t\t\t\t\t\t<p><strong>10.11.2025<\/strong>\u00a0(poniedzia\u0142ek) \u2013 b\u0119dzie odpracowany 15.11.2025 (sobota)<br \/><strong>5.01.2026<\/strong>\u00a0(poniedzia\u0142ek) \u2013 b\u0119dzie odpracowany 10.01.2026 (sobota)<\/p>\t\t\t\t\t\t\t\t<\/div>\n\t\t\t\t\t<\/div>\n\t\t\t\t<\/div>\n\t\t<div class=\"elementor-element elementor-element-3985a38 e-flex e-con-boxed e-con e-parent\" data-id=\"3985a38\" data-element_type=\"container\" data-e-type=\"container\">\n\t\t\t\t\t<div class=\"e-con-inner\">\n\t\t\t\t<div class=\"elementor-element elementor-element-46c713e elementor-widget elementor-widget-heading\" data-id=\"46c713e\" data-element_type=\"widget\" data-e-type=\"widget\" data-widget_type=\"heading.default\">\n\t\t\t\t\t<h3 class=\"elementor-heading-title elementor-size-default\">Zako\u0144czenie roku szkolnego 2025\/2026:<\/h3>\t\t\t\t<\/div>\n\t\t\t\t\t<\/div>\n\t\t\t\t<\/div>\n\t\t<div class=\"elementor-element elementor-element-d3ea5e7 e-flex e-con-boxed e-con e-parent\" data-id=\"d3ea5e7\" data-element_type=\"container\" data-e-type=\"container\">\n\t\t\t\t\t<div class=\"e-con-inner\">\n\t\t<div class=\"elementor-element elementor-element-da556fa e-con-full e-flex e-con e-child\" data-id=\"da556fa\" data-element_type=\"container\" data-e-type=\"container\">\n\t\t\t\t<div class=\"elementor-element elementor-element-b53c801 elementor-widget elementor-widget-text-editor\" data-id=\"b53c801\" data-element_type=\"widget\" data-e-type=\"widget\" data-widget_type=\"text-editor.default\">\n\t\t\t\t\t\t\t\t\t<p><strong>24.04.2026<\/strong>\u00a0\u2013 klasy maturalne<\/p>\t\t\t\t\t\t\t\t<\/div>\n\t\t\t\t<\/div>\n\t\t<div class=\"elementor-element elementor-element-1ab4c67 e-con-full e-flex e-con e-child\" data-id=\"1ab4c67\" data-element_type=\"container\" data-e-type=\"container\">\n\t\t\t\t<div class=\"elementor-element elementor-element-d77f655 elementor-widget elementor-widget-text-editor\" data-id=\"d77f655\" data-element_type=\"widget\" data-e-type=\"widget\" data-widget_type=\"text-editor.default\">\n\t\t\t\t\t\t\t\t\t<p><strong>26.06.2026<\/strong>\u00a0\u2013 klasy I-IV<\/p>\t\t\t\t\t\t\t\t<\/div>\n\t\t\t\t<\/div>\n\t\t\t\t\t<\/div>\n\t\t\t\t<\/div>\n\t\t<div class=\"elementor-element elementor-element-a15a746 e-flex e-con-boxed e-con e-parent\" data-id=\"a15a746\" data-element_type=\"container\" data-e-type=\"container\">\n\t\t\t\t\t<div class=\"e-con-inner\">\n\t\t\t\t<div class=\"elementor-element elementor-element-505b8dd elementor-widget elementor-widget-heading\" data-id=\"505b8dd\" data-element_type=\"widget\" data-e-type=\"widget\" data-widget_type=\"heading.default\">\n\t\t\t\t\t<h3 class=\"elementor-heading-title elementor-size-default\">Egzamin maturalny:<\/h3>\t\t\t\t<\/div>\n\t\t\t\t\t<\/div>\n\t\t\t\t<\/div>\n\t\t<div class=\"elementor-element elementor-element-8641adc e-flex e-con-boxed e-con e-parent\" data-id=\"8641adc\" data-element_type=\"container\" data-e-type=\"container\">\n\t\t\t\t\t<div class=\"e-con-inner\">\n\t\t<div class=\"elementor-element elementor-element-008c8cb e-con-full e-flex e-con e-child\" data-id=\"008c8cb\" data-element_type=\"container\" data-e-type=\"container\">\n\t\t\t\t<div class=\"elementor-element elementor-element-83d491e elementor-widget elementor-widget-text-editor\" data-id=\"83d491e\" data-element_type=\"widget\" data-e-type=\"widget\" data-widget_type=\"text-editor.default\">\n\t\t\t\t\t\t\t\t\t<p><strong>4.05.2026<\/strong>\u00a0(poniedzia\u0142ek) \u2013 j.polski<br \/><strong>5.05.2026<\/strong>\u00a0(wtorek) \u2013 matematyka<br \/><strong>6.05.2026<\/strong>\u00a0(\u015broda) \u2013 j.angielski<br \/><strong>7.05.2026<\/strong>\u00a0(czwartek) \u2013 j. angielski rozszerzony<br \/><strong>8.05.2026<\/strong>\u00a0(pi\u0105tek) \u2013 biologia (r)<\/p>\t\t\t\t\t\t\t\t<\/div>\n\t\t\t\t<\/div>\n\t\t<div class=\"elementor-element elementor-element-14c8f8e e-con-full e-flex e-con e-child\" data-id=\"14c8f8e\" data-element_type=\"container\" data-e-type=\"container\">\n\t\t\t\t<div class=\"elementor-element elementor-element-3f454e6 elementor-widget elementor-widget-text-editor\" data-id=\"3f454e6\" data-element_type=\"widget\" data-e-type=\"widget\" data-widget_type=\"text-editor.default\">\n\t\t\t\t\t\t\t\t\t<p><strong>Egzamin maturalny \u2013 cz\u0119\u015b\u0107 ustna:<\/strong><br \/><strong>7- 30.05.2026<\/strong><\/p><p><strong>Wyniki egzaminu maturalnego:<\/strong><br \/><strong>8.07.2026<\/strong>\u00a0(\u015broda)<\/p><p><strong>Egzamin maturalny \u2013 poprawkowy:<\/strong><br \/><strong>24.08.026<\/strong>\u00a0\u2013 pisemne<br \/><strong>25.08.2026<\/strong>\u00a0\u2013 ustne<\/p>\t\t\t\t\t\t\t\t<\/div>\n\t\t\t\t<\/div>\n\t\t\t\t\t<\/div>\n\t\t\t\t<\/div>\n\t\t<div class=\"elementor-element elementor-element-68e6030 e-flex e-con-boxed e-con e-parent\" data-id=\"68e6030\" data-element_type=\"container\" data-e-type=\"container\">\n\t\t\t\t\t<div class=\"e-con-inner\">\n\t\t\t\t<div class=\"elementor-element elementor-element-03cca91 elementor-widget elementor-widget-heading\" data-id=\"03cca91\" data-element_type=\"widget\" data-e-type=\"widget\" data-widget_type=\"heading.default\">\n\t\t\t\t\t<h3 class=\"elementor-heading-title elementor-size-default\">Egzamin zawodowy:<\/h3>\t\t\t\t<\/div>\n\t\t\t\t\t<\/div>\n\t\t\t\t<\/div>\n\t\t<div class=\"elementor-element elementor-element-2fdfd0c e-flex e-con-boxed e-con e-parent\" data-id=\"2fdfd0c\" data-element_type=\"container\" data-e-type=\"container\">\n\t\t\t\t\t<div class=\"e-con-inner\">\n\t\t<div class=\"elementor-element elementor-element-6eeae58 e-con-full e-flex e-con e-child\" data-id=\"6eeae58\" data-element_type=\"container\" data-e-type=\"container\">\n\t\t\t\t<div class=\"elementor-element elementor-element-7de1a98 elementor-widget elementor-widget-text-editor\" data-id=\"7de1a98\" data-element_type=\"widget\" data-e-type=\"widget\" data-widget_type=\"text-editor.default\">\n\t\t\t\t\t\t\t\t\t<p>Sesja zimowa: 8 \u2013 22 stycznia 2026<\/p>\t\t\t\t\t\t\t\t<\/div>\n\t\t\t\t<\/div>\n\t\t<div class=\"elementor-element elementor-element-8e21c70 e-con-full e-flex e-con e-child\" data-id=\"8e21c70\" data-element_type=\"container\" data-e-type=\"container\">\n\t\t\t\t<div class=\"elementor-element elementor-element-41a5916 elementor-widget elementor-widget-text-editor\" data-id=\"41a5916\" data-element_type=\"widget\" data-e-type=\"widget\" data-widget_type=\"text-editor.default\">\n\t\t\t\t\t\t\t\t\t<p>Sesja letnia: 02 \u2013 22 czerwca 2026<\/p>\t\t\t\t\t\t\t\t<\/div>\n\t\t\t\t<\/div>\n\t\t\t\t\t<\/div>\n\t\t\t\t<\/div>\n\t\t\t\t<\/div>\n\t\t","protected":false},"excerpt":{"rendered":"<p>Podzia\u0142 roku szkolnego na p\u00f3\u0142rocza: Klasy I-IV:I p\u00f3\u0142rocze: 01.09.2025 \u2013 25.01.2026II p\u00f3\u0142rocze: 26.01.2026 \u2013 26.06.2026 Klasy V:I p\u00f3\u0142rocze: 01.09.2025 \u2013 14.12.2025II p\u00f3\u0142rocze: 15.12.2025 \u2013 24.04.2026 Zebrania z rodzicami Klasy I:04.09.2025 (czwartek),godz. 17:00 \u2013 spotkanie z dyrekcj\u0105 szko\u0142y, godzina 17:30 \u2013 spotkanie z wychowawcami23.10. 2025\u00a0(czwartek), godz. 16:30 \u2013 konsultacje, godz. 17:00 \u2013 zebranie21.01.2026\u00a0(\u015broda), godz. 17:30 \u2013 &#8230; <a title=\"KALENDARZ ROKU SZKOLNEGO 2025\/2026\" class=\"read-more\" href=\"https:\/\/student.tzn.dg.pl\/newtzn\/?page_id=814\" aria-label=\"Dowiedz si\u0119 wi\u0119cej o KALENDARZ ROKU SZKOLNEGO 2025\/2026\">Dowiedz si\u0119 wi\u0119cej<\/a><\/p>\n","protected":false},"author":2,"featured_media":0,"parent":0,"menu_order":0,"comment_status":"closed","ping_status":"closed","template":"","meta":{"footnotes":""},"class_list":["post-814","page","type-page","status-publish"],"_links":{"self":[{"href":"https:\/\/student.tzn.dg.pl\/newtzn\/index.php?rest_route=\/wp\/v2\/pages\/814","targetHints":{"allow":["GET"]}}],"collection":[{"href":"https:\/\/student.tzn.dg.pl\/newtzn\/index.php?rest_route=\/wp\/v2\/pages"}],"about":[{"href":"https:\/\/student.tzn.dg.pl\/newtzn\/index.php?rest_route=\/wp\/v2\/types\/page"}],"author":[{"embeddable":true,"href":"https:\/\/student.tzn.dg.pl\/newtzn\/index.php?rest_route=\/wp\/v2\/users\/2"}],"replies":[{"embeddable":true,"href":"https:\/\/student.tzn.dg.pl\/newtzn\/index.php?rest_route=%2Fwp%2Fv2%2Fcomments&post=814"}],"version-history":[{"count":13,"href":"https:\/\/student.tzn.dg.pl\/newtzn\/index.php?rest_route=\/wp\/v2\/pages\/814\/revisions"}],"predecessor-version":[{"id":828,"href":"https:\/\/student.tzn.dg.pl\/newtzn\/index.php?rest_route=\/wp\/v2\/pages\/814\/revisions\/828"}],"wp:attachment":[{"href":"https:\/\/student.tzn.dg.pl\/newtzn\/index.php?rest_route=%2Fwp%2Fv2%2Fmedia&parent=814"}],"curies":[{"name":"wp","href":"https:\/\/api.w.org\/{rel}","templated":true}]}}