{"id":786,"date":"2026-04-03T21:38:01","date_gmt":"2026-04-03T19:38:01","guid":{"rendered":"https:\/\/student.tzn.dg.pl\/newtzn\/?page_id=786"},"modified":"2026-04-03T21:51:50","modified_gmt":"2026-04-03T19:51:50","slug":"podreczniki","status":"publish","type":"page","link":"https:\/\/student.tzn.dg.pl\/newtzn\/?page_id=786","title":{"rendered":"SZKOLNY ZESTAW PODR\u0118CZNIK\u00d3W"},"content":{"rendered":"\t\t<div data-elementor-type=\"wp-page\" data-elementor-id=\"786\" class=\"elementor elementor-786\">\n\t\t\t\t<div class=\"elementor-element elementor-element-96f14e8 e-flex e-con-boxed e-con e-parent\" data-id=\"96f14e8\" data-element_type=\"container\" data-e-type=\"container\">\n\t\t\t\t\t<div class=\"e-con-inner\">\n\t\t\t\t<div class=\"elementor-element elementor-element-7756552 elementor-widget elementor-widget-image\" data-id=\"7756552\" data-element_type=\"widget\" data-e-type=\"widget\" data-widget_type=\"image.default\">\n\t\t\t\t\t\t\t\t\t\t\t\t\t\t\t<img fetchpriority=\"high\" decoding=\"async\" width=\"1024\" height=\"512\" src=\"https:\/\/student.tzn.dg.pl\/newtzn\/wp-content\/uploads\/2026\/04\/szkolny-zestaw-podrecznikow-grafika-1024x512.jpg\" class=\"attachment-large size-large wp-image-788\" alt=\"szkolny zestaw podr\u0119cznik\u00f3w - grafika\" srcset=\"https:\/\/student.tzn.dg.pl\/newtzn\/wp-content\/uploads\/2026\/04\/szkolny-zestaw-podrecznikow-grafika-1024x512.jpg 1024w, https:\/\/student.tzn.dg.pl\/newtzn\/wp-content\/uploads\/2026\/04\/szkolny-zestaw-podrecznikow-grafika-300x150.jpg 300w, https:\/\/student.tzn.dg.pl\/newtzn\/wp-content\/uploads\/2026\/04\/szkolny-zestaw-podrecznikow-grafika-768x384.jpg 768w, https:\/\/student.tzn.dg.pl\/newtzn\/wp-content\/uploads\/2026\/04\/szkolny-zestaw-podrecznikow-grafika.jpg 1280w\" sizes=\"(max-width: 1024px) 100vw, 1024px\" \/>\t\t\t\t\t\t\t\t\t\t\t\t\t\t\t<\/div>\n\t\t\t\t\t<\/div>\n\t\t\t\t<\/div>\n\t\t<div class=\"elementor-element elementor-element-8074e44 e-flex e-con-boxed e-con e-parent\" data-id=\"8074e44\" data-element_type=\"container\" data-e-type=\"container\">\n\t\t\t\t\t<div class=\"e-con-inner\">\n\t\t\t\t<div class=\"elementor-element elementor-element-29fd08a elementor-widget elementor-widget-heading\" data-id=\"29fd08a\" data-element_type=\"widget\" data-e-type=\"widget\" data-widget_type=\"heading.default\">\n\t\t\t\t\t<h3 class=\"elementor-heading-title elementor-size-default\">PRZEDMIOTY OG\u00d3LNOKSZTA\u0141C\u0104CE<\/h3>\t\t\t\t<\/div>\n\t\t\t\t\t<\/div>\n\t\t\t\t<\/div>\n\t\t<div class=\"elementor-element elementor-element-1de54a1 e-flex e-con-boxed e-con e-parent\" data-id=\"1de54a1\" data-element_type=\"container\" data-e-type=\"container\">\n\t\t\t\t\t<div class=\"e-con-inner\">\n\t\t\t\t<div class=\"elementor-element elementor-element-c3d1ceb elementor-widget elementor-widget-text-editor\" data-id=\"c3d1ceb\" data-element_type=\"widget\" data-e-type=\"widget\" data-widget_type=\"text-editor.default\">\n\t\t\t\t\t\t\t\t\t<p><strong>J\u0119zyk polski<\/strong><\/p><ul><li>Kl. 1: Sztuka wyrazu. Podr\u0119cznik dla klasy 1 \u2013 cz. 1 (Staro\u017cytno\u015b\u0107\u2013\u015aredniowiecze), cz. 2 (Renesans\u2013O\u015bwiecenie). Autorzy: K. Budna, B. Kapela-Bagi\u0144ska, J. Manthey, E. Pryli\u0144ska, J. Zaporowicz, T. Zieli\u0144ski. Gda\u0144skie Wydawnictwo O\u015bwiatowe.<\/li><li>Kl. 2: Sztuka wyrazu. Podr\u0119cznik dla klasy 2 \u2013 cz. 1 (Romantyzm), cz. 2 (Pozytywizm). Autorzy: D. D\u0105browska, E. Pryli\u0144ska, K. Kapela-Bagi\u0144ska, C. Ratajczak, A. Ragiewicz, T. Zieli\u0144ski. GWO.<\/li><li>Kl. 3: Sztuka wyrazu. Podr\u0119cznik dla klasy 3 \u2013 cz. 1 (M\u0142oda Polska); cz. 2 (Dwudziestolecie mi\u0119dzywojenne). Autorzy: D. D\u0105browska, E. Pryli\u0144ska, C. Ratajczak, A. Ragiewicz. GWO.<\/li><li>Kl. 4: Sztuka wyrazu. Podr\u0119cznik dla klasy 4 \u2013 Wsp\u00f3\u0142czesno\u015b\u0107. Autorzy: D. D\u0105browska, E. Pryli\u0144ska, C. Ratajczak, A. Ragiewicz. GWO.<\/li><\/ul>\t\t\t\t\t\t\t\t<\/div>\n\t\t\t\t\t<\/div>\n\t\t\t\t<\/div>\n\t\t<div class=\"elementor-element elementor-element-4f6ab2e e-flex e-con-boxed e-con e-parent\" data-id=\"4f6ab2e\" data-element_type=\"container\" data-e-type=\"container\">\n\t\t\t\t\t<div class=\"e-con-inner\">\n\t\t\t\t<div class=\"elementor-element elementor-element-adafdf7 elementor-widget elementor-widget-text-editor\" data-id=\"adafdf7\" data-element_type=\"widget\" data-e-type=\"widget\" data-widget_type=\"text-editor.default\">\n\t\t\t\t\t\t\t\t\t<p><strong>J\u0119zyk angielski<\/strong><\/p><ul><li>Kl. 1: Life Vision Student Book Intermediate (B1) (bez \u0107wicze\u0144). Dla grup rozszerzonych \u2013 Life Vision Workbook B1 Intermediate. Autorzy: J. Bowell, P. Kelly. Oxford UP.<\/li><li>Kl. 2: Kontynuacja podr\u0119cznika z kl. 1 + Life Vision Student Book B1+. Dla rozszerzenia \u2013 Life Vision Workbook B1 Intermediate. Autorzy: J. Bowell, W. Sa\u0142andyk. Oxford UP.<\/li><li>Kl. 3: Life Vision Student Book B1+. Workbook \u2013 B1+ Intermediate. Autorzy: J. Bowell, W. Sa\u0142andyk. Oxford UP.<\/li><li>Kl. 4: Repetytorium poziom podstawowy i rozszerzony do szk\u00f3\u0142 ponadpodstawowych. Autorzy: M. Rosi\u0144ska, L. Evans. Macmillan Education.<\/li><li>Kl. 5: Kontynuacja podr\u0119cznika z kl. 4 (Rosi\u0144ska, Evans).<\/li><li>J\u0119zyk angielski zawodowy \u2013 bez podr\u0119cznika (materia\u0142y nauczyciela).<\/li><\/ul>\t\t\t\t\t\t\t\t<\/div>\n\t\t\t\t\t<\/div>\n\t\t\t\t<\/div>\n\t\t<div class=\"elementor-element elementor-element-6c57bbf e-flex e-con-boxed e-con e-parent\" data-id=\"6c57bbf\" data-element_type=\"container\" data-e-type=\"container\">\n\t\t\t\t\t<div class=\"e-con-inner\">\n\t\t\t\t<div class=\"elementor-element elementor-element-324da47 elementor-widget elementor-widget-text-editor\" data-id=\"324da47\" data-element_type=\"widget\" data-e-type=\"widget\" data-widget_type=\"text-editor.default\">\n\t\t\t\t\t\t\t\t\t<p><strong>J\u0119zyk niemiecki<\/strong><\/p><ul><li>Kl. 1: Mega! 1 Podr\u0119cznik + zeszyt \u0107wicze\u0144. Autorzy: C. Brass, D. Gluck, K. Olech. Klett.<\/li><li>Kl. 2: Mega! 2 Podr\u0119cznik + zeszyt \u0107wicze\u0144. Autorzy: C. Brass, D. Gluck, K. Olech. Klett.<\/li><li>Kl. 3: Mega! 3 Podr\u0119cznik + zeszyt \u0107wicze\u0144. Autorzy: C. Brass, D. Gluck. Klett.<\/li><li>Kl. 4: Effekt Neu 3 \u2013 podr\u0119cznik i \u0107wiczenia. Autor: Kryczy\u0144ska-Pham. WSiP.<\/li><li>Kl. 5: Komplett Plus 4 \u2013 podr\u0119cznik i \u0107wiczenia (kontynuacja). Autor: G. Montali. Klett.<\/li><\/ul>\t\t\t\t\t\t\t\t<\/div>\n\t\t\t\t\t<\/div>\n\t\t\t\t<\/div>\n\t\t<div class=\"elementor-element elementor-element-94ed0e3 e-flex e-con-boxed e-con e-parent\" data-id=\"94ed0e3\" data-element_type=\"container\" data-e-type=\"container\">\n\t\t\t\t\t<div class=\"e-con-inner\">\n\t\t\t\t<div class=\"elementor-element elementor-element-44abbb8 elementor-widget elementor-widget-text-editor\" data-id=\"44abbb8\" data-element_type=\"widget\" data-e-type=\"widget\" data-widget_type=\"text-editor.default\">\n\t\t\t\t\t\t\t\t\t<p><strong>Matematyka<\/strong><\/p><ul><li>Kl. 1\u20135: Matematyka. Podr\u0119cznik do lice\u00f3w i technikum \u2013 zakres podstawowy oraz rozszerzony. Autorzy: M. Kurczab, E. Kurczab, E. \u015awida. Oficyna Edukacyjna K. Pazdro.<\/li><\/ul>\t\t\t\t\t\t\t\t<\/div>\n\t\t\t\t\t<\/div>\n\t\t\t\t<\/div>\n\t\t<div class=\"elementor-element elementor-element-acdf74e e-flex e-con-boxed e-con e-parent\" data-id=\"acdf74e\" data-element_type=\"container\" data-e-type=\"container\">\n\t\t\t\t\t<div class=\"e-con-inner\">\n\t\t\t\t<div class=\"elementor-element elementor-element-0c6be96 elementor-widget elementor-widget-text-editor\" data-id=\"0c6be96\" data-element_type=\"widget\" data-e-type=\"widget\" data-widget_type=\"text-editor.default\">\n\t\t\t\t\t\t\t\t\t<p><strong>Filozofia<\/strong><\/p><ul><li>Kl. 1: Spotkania z filozofi\u0105. Autorzy: M. Bokiniec, S. Zielka. Nowa Era.<\/li><\/ul>\t\t\t\t\t\t\t\t<\/div>\n\t\t\t\t\t<\/div>\n\t\t\t\t<\/div>\n\t\t<div class=\"elementor-element elementor-element-607c1ad e-flex e-con-boxed e-con e-parent\" data-id=\"607c1ad\" data-element_type=\"container\" data-e-type=\"container\">\n\t\t\t\t\t<div class=\"e-con-inner\">\n\t\t\t\t<div class=\"elementor-element elementor-element-5b701fb elementor-widget elementor-widget-text-editor\" data-id=\"5b701fb\" data-element_type=\"widget\" data-e-type=\"widget\" data-widget_type=\"text-editor.default\">\n\t\t\t\t\t\t\t\t\t<p><strong>Historia<\/strong><\/p><ul><li>Kl. 1: \u015alady czasu. Staro\u017cytno\u015b\u0107 i \u015bredniowiecze. \u0141. K\u0119pski, J. Kufel, P. Ruchlewski. GWO.<\/li><li>Kl. 2: \u015alady czasu. Lata 1492\u20131815. \u0141. K\u0119pski, J. Wijaczka. GWO.<\/li><li>Kl. 3: \u015alady czasu. Lata 1815\u20131939. A. Chwalba, \u0141. K\u0119pski. GWO.<\/li><li>Kl. 4: Kontynuacja z kl. 3 + \u015alady czasu. II wojna \u015bwiatowa i wsp\u00f3\u0142czesno\u015b\u0107. A. Dudek, J. Polit, \u0141. K\u0119pski. GWO.<\/li><li>Kl. 5: Historia 4. Pozna\u0107 przesz\u0142o\u015b\u0107 (zakres podstawowy). J. K\u0142aczkow, S. Roszak. Nowa Era.<\/li><\/ul>\t\t\t\t\t\t\t\t<\/div>\n\t\t\t\t\t<\/div>\n\t\t\t\t<\/div>\n\t\t<div class=\"elementor-element elementor-element-6ce880c e-flex e-con-boxed e-con e-parent\" data-id=\"6ce880c\" data-element_type=\"container\" data-e-type=\"container\">\n\t\t\t\t\t<div class=\"e-con-inner\">\n\t\t\t\t<div class=\"elementor-element elementor-element-f18a54d elementor-widget elementor-widget-text-editor\" data-id=\"f18a54d\" data-element_type=\"widget\" data-e-type=\"widget\" data-widget_type=\"text-editor.default\">\n\t\t\t\t\t\t\t\t\t<p><strong>Geografia<\/strong><\/p><ul><li>Kl. 1: Nowe oblicza geografii 1 (zakres podstawowy). R. Malarz, M. Wi\u0119ckowski. Nowa Era.<\/li><li>Kl. 2\u20133: Nowe oblicza geografii 2. T. Rachwa\u0142, R. Uliszak, K. Wiedermann, P. Kroh. Nowa Era.<\/li><li>Kl. 4: Oblicza geografii 3 (2024). C. Adamiak, A. Dubownik, M. \u015awitoniak, M. Nowak, B. Szyda. Nowa Era.<\/li><\/ul>\t\t\t\t\t\t\t\t<\/div>\n\t\t\t\t\t<\/div>\n\t\t\t\t<\/div>\n\t\t<div class=\"elementor-element elementor-element-ce2ad25 e-flex e-con-boxed e-con e-parent\" data-id=\"ce2ad25\" data-element_type=\"container\" data-e-type=\"container\">\n\t\t\t\t\t<div class=\"e-con-inner\">\n\t\t\t\t<div class=\"elementor-element elementor-element-abcf8a3 elementor-widget elementor-widget-text-editor\" data-id=\"abcf8a3\" data-element_type=\"widget\" data-e-type=\"widget\" data-widget_type=\"text-editor.default\">\n\t\t\t\t\t\t\t\t\t<p><strong>Biologia<\/strong><\/p><ul><li>Kl. 1\u20133: Biologia na czasie \u2013 zakres podstawowy. A. Helmin, J. Holeczek. Nowa Era.<\/li><\/ul>\t\t\t\t\t\t\t\t<\/div>\n\t\t\t\t\t<\/div>\n\t\t\t\t<\/div>\n\t\t<div class=\"elementor-element elementor-element-dae8425 e-flex e-con-boxed e-con e-parent\" data-id=\"dae8425\" data-element_type=\"container\" data-e-type=\"container\">\n\t\t\t\t\t<div class=\"e-con-inner\">\n\t\t\t\t<div class=\"elementor-element elementor-element-c9a6307 elementor-widget elementor-widget-text-editor\" data-id=\"c9a6307\" data-element_type=\"widget\" data-e-type=\"widget\" data-widget_type=\"text-editor.default\">\n\t\t\t\t\t\t\t\t\t<p><strong>Chemia<\/strong><\/p><ul><li>Kl. 1\u20132: To jest chemia. Chemia og\u00f3lna i nieorganiczna. R. Hassa, A. Mrzigod, J. Mrzigod. Nowa Era.<\/li><\/ul>\t\t\t\t\t\t\t\t<\/div>\n\t\t\t\t\t<\/div>\n\t\t\t\t<\/div>\n\t\t<div class=\"elementor-element elementor-element-4a22bf3 e-flex e-con-boxed e-con e-parent\" data-id=\"4a22bf3\" data-element_type=\"container\" data-e-type=\"container\">\n\t\t\t\t\t<div class=\"e-con-inner\">\n\t\t\t\t<div class=\"elementor-element elementor-element-fada6e7 elementor-widget elementor-widget-text-editor\" data-id=\"fada6e7\" data-element_type=\"widget\" data-e-type=\"widget\" data-widget_type=\"text-editor.default\">\n\t\t\t\t\t\t\t\t\t<p><strong>Fizyka<\/strong><\/p><ul><li>Kl. 1\u20133: Fizyka \u2013 podr\u0119cznik do liceum i technikum, zakres podstawowy (nowa edycja). L. Lehman, W. Polesiuk, G.F. Wojewoda. WSiP.<\/li><\/ul>\t\t\t\t\t\t\t\t<\/div>\n\t\t\t\t\t<\/div>\n\t\t\t\t<\/div>\n\t\t<div class=\"elementor-element elementor-element-6f78bb5 e-flex e-con-boxed e-con e-parent\" data-id=\"6f78bb5\" data-element_type=\"container\" data-e-type=\"container\">\n\t\t\t\t\t<div class=\"e-con-inner\">\n\t\t\t\t<div class=\"elementor-element elementor-element-937beff elementor-widget elementor-widget-text-editor\" data-id=\"937beff\" data-element_type=\"widget\" data-e-type=\"widget\" data-widget_type=\"text-editor.default\">\n\t\t\t\t\t\t\t\t\t<p><strong>Informatyka<\/strong><\/p><ul><li>Kl. 1: Informatyka \u2013 nowa edycja, zakres podstawowy. W. Jochemczyk, K. Ol\u0119dzka. WSiP.<\/li><\/ul>\t\t\t\t\t\t\t\t<\/div>\n\t\t\t\t\t<\/div>\n\t\t\t\t<\/div>\n\t\t<div class=\"elementor-element elementor-element-46440a3 e-flex e-con-boxed e-con e-parent\" data-id=\"46440a3\" data-element_type=\"container\" data-e-type=\"container\">\n\t\t\t\t\t<div class=\"e-con-inner\">\n\t\t\t\t<div class=\"elementor-element elementor-element-27a4b77 elementor-widget elementor-widget-text-editor\" data-id=\"27a4b77\" data-element_type=\"widget\" data-e-type=\"widget\" data-widget_type=\"text-editor.default\">\n\t\t\t\t\t\t\t\t\t<p><strong>Biznes i zarz\u0105dzanie<\/strong><\/p><ul><li>Kl. 1: Krok w biznes i zarz\u0105dzanie 1. Z. Makie\u0142a, T. Rachwa\u0142. Nowa Era.<\/li><li>Kl. 2: Krok w biznes i zarz\u0105dzanie 2. Z. Makie\u0142a, T. Rachwa\u0142.<\/li><\/ul>\t\t\t\t\t\t\t\t<\/div>\n\t\t\t\t\t<\/div>\n\t\t\t\t<\/div>\n\t\t<div class=\"elementor-element elementor-element-0510cfa e-flex e-con-boxed e-con e-parent\" data-id=\"0510cfa\" data-element_type=\"container\" data-e-type=\"container\">\n\t\t\t\t\t<div class=\"e-con-inner\">\n\t\t\t\t<div class=\"elementor-element elementor-element-a65920c elementor-widget elementor-widget-text-editor\" data-id=\"a65920c\" data-element_type=\"widget\" data-e-type=\"widget\" data-widget_type=\"text-editor.default\">\n\t\t\t\t\t\t\t\t\t<p><strong>WOS<\/strong><\/p><ul><li>Kl. 5: W centrum uwagi 2. L. Czechowska, A. Janicki. Nowa Era.<\/li><\/ul>\t\t\t\t\t\t\t\t<\/div>\n\t\t\t\t\t<\/div>\n\t\t\t\t<\/div>\n\t\t<div class=\"elementor-element elementor-element-77862ed e-flex e-con-boxed e-con e-parent\" data-id=\"77862ed\" data-element_type=\"container\" data-e-type=\"container\">\n\t\t\t\t\t<div class=\"e-con-inner\">\n\t\t\t\t<div class=\"elementor-element elementor-element-d0c8d77 elementor-widget elementor-widget-text-editor\" data-id=\"d0c8d77\" data-element_type=\"widget\" data-e-type=\"widget\" data-widget_type=\"text-editor.default\">\n\t\t\t\t\t\t\t\t\t<p><strong>Historia i tera\u017aniejszo\u015b\u0107 (HiT)<\/strong><\/p><ul><li>Kl. 3: Historia i tera\u017aniejszo\u015b\u0107, cz. 2. A. Cisek, T. Gochowski, I. Modzeleska-Rysak. WSiP.<\/li><\/ul>\t\t\t\t\t\t\t\t<\/div>\n\t\t\t\t\t<\/div>\n\t\t\t\t<\/div>\n\t\t<div class=\"elementor-element elementor-element-79c72c0 e-flex e-con-boxed e-con e-parent\" data-id=\"79c72c0\" data-element_type=\"container\" data-e-type=\"container\">\n\t\t\t\t\t<div class=\"e-con-inner\">\n\t\t\t\t<div class=\"elementor-element elementor-element-de26179 elementor-widget elementor-widget-text-editor\" data-id=\"de26179\" data-element_type=\"widget\" data-e-type=\"widget\" data-widget_type=\"text-editor.default\">\n\t\t\t\t\t\t\t\t\t<p><strong>Edukacja dla bezpiecze\u0144stwa<\/strong><\/p><ul><li>Kl. 1: \u017byj\u0119 i dzia\u0142am bezpiecznie. J. S\u0142oma. Nowa Era.<\/li><\/ul>\t\t\t\t\t\t\t\t<\/div>\n\t\t\t\t\t<\/div>\n\t\t\t\t<\/div>\n\t\t<div class=\"elementor-element elementor-element-b0e0287 e-flex e-con-boxed e-con e-parent\" data-id=\"b0e0287\" data-element_type=\"container\" data-e-type=\"container\">\n\t\t\t\t\t<div class=\"e-con-inner\">\n\t\t\t\t<div class=\"elementor-element elementor-element-f77ed94 elementor-widget elementor-widget-text-editor\" data-id=\"f77ed94\" data-element_type=\"widget\" data-e-type=\"widget\" data-widget_type=\"text-editor.default\">\n\t\t\t\t\t\t\t\t\t<p><strong>Religia i etyka<\/strong><\/p><ul><li>Kl. 1\u20135: Zakup konsultowa\u0107 z nauczycielem ucz\u0105cym we wrze\u015bniu.<\/li><\/ul>\t\t\t\t\t\t\t\t<\/div>\n\t\t\t\t\t<\/div>\n\t\t\t\t<\/div>\n\t\t<div class=\"elementor-element elementor-element-493e049 e-flex e-con-boxed e-con e-parent\" data-id=\"493e049\" data-element_type=\"container\" data-e-type=\"container\">\n\t\t\t\t\t<div class=\"e-con-inner\">\n\t\t\t\t<div class=\"elementor-element elementor-element-21fa264 elementor-widget elementor-widget-text-editor\" data-id=\"21fa264\" data-element_type=\"widget\" data-e-type=\"widget\" data-widget_type=\"text-editor.default\">\n\t\t\t\t\t\t\t\t\t<p><strong>Edukacja obywatelska<\/strong><\/p><ul><li>Kl. 2: Masz wp\u0142yw. Edukacja obywatelska cz. 1. S. Drelich, M. Tragarz, M. Wojcieszak, S. \u017bmijewska-Kwir\u0119g, R. Flis. Nowa Era.<\/li><\/ul>\t\t\t\t\t\t\t\t<\/div>\n\t\t\t\t\t<\/div>\n\t\t\t\t<\/div>\n\t\t<div class=\"elementor-element elementor-element-4a0a5ad e-flex e-con-boxed e-con e-parent\" data-id=\"4a0a5ad\" data-element_type=\"container\" data-e-type=\"container\">\n\t\t\t\t\t<div class=\"e-con-inner\">\n\t\t\t\t<div class=\"elementor-element elementor-element-fb6d94a elementor-widget elementor-widget-text-editor\" data-id=\"fb6d94a\" data-element_type=\"widget\" data-e-type=\"widget\" data-widget_type=\"text-editor.default\">\n\t\t\t\t\t\t\t\t\t<p><strong>Doradztwo zawodowe<\/strong><\/p><ul><li>Kl. 4\u20135: Zakup konsultowa\u0107 z nauczycielem ucz\u0105cym we wrze\u015bniu.<\/li><\/ul>\t\t\t\t\t\t\t\t<\/div>\n\t\t\t\t\t<\/div>\n\t\t\t\t<\/div>\n\t\t<div class=\"elementor-element elementor-element-7964493 e-flex e-con-boxed e-con e-parent\" data-id=\"7964493\" data-element_type=\"container\" data-e-type=\"container\">\n\t\t\t\t\t<div class=\"e-con-inner\">\n\t\t\t\t<div class=\"elementor-element elementor-element-34dd073 elementor-widget elementor-widget-heading\" data-id=\"34dd073\" data-element_type=\"widget\" data-e-type=\"widget\" data-widget_type=\"heading.default\">\n\t\t\t\t\t<h3 class=\"elementor-heading-title elementor-size-default\">PRZEDMIOTY ZAWODOWE<\/h3>\t\t\t\t<\/div>\n\t\t\t\t\t<\/div>\n\t\t\t\t<\/div>\n\t\t<div class=\"elementor-element elementor-element-f59b8ff e-flex e-con-boxed e-con e-parent\" data-id=\"f59b8ff\" data-element_type=\"container\" data-e-type=\"container\">\n\t\t\t\t\t<div class=\"e-con-inner\">\n\t\t\t\t<div class=\"elementor-element elementor-element-e8d69e5 elementor-widget elementor-widget-text-editor\" data-id=\"e8d69e5\" data-element_type=\"widget\" data-e-type=\"widget\" data-widget_type=\"text-editor.default\">\n\t\t\t\t\t\t\t\t\t<p>Technik elektryk \/ elektronik \/ mechanik \/ informatyk \/ reklamy \/ automatyk \/ programista \/ robotyk<\/p><ul><li><strong>Matematyka rozszerzona<\/strong> \u2013 wg wykazu w przedmiotach og\u00f3lnokszta\u0142c\u0105cych (zakres podstawowy i rozszerzony).<\/li><li><strong>Przedmioty zawodowe<\/strong>\u00a0\u2013 zakup konsultowa\u0107 z nauczycielem ucz\u0105cym we wrze\u015bniu.<\/li><\/ul>\t\t\t\t\t\t\t\t<\/div>\n\t\t\t\t\t<\/div>\n\t\t\t\t<\/div>\n\t\t\t\t<\/div>\n\t\t","protected":false},"excerpt":{"rendered":"<p>PRZEDMIOTY OG\u00d3LNOKSZTA\u0141C\u0104CE J\u0119zyk polski Kl. 1: Sztuka wyrazu. Podr\u0119cznik dla klasy 1 \u2013 cz. 1 (Staro\u017cytno\u015b\u0107\u2013\u015aredniowiecze), cz. 2 (Renesans\u2013O\u015bwiecenie). Autorzy: K. Budna, B. Kapela-Bagi\u0144ska, J. Manthey, E. Pryli\u0144ska, J. Zaporowicz, T. Zieli\u0144ski. Gda\u0144skie Wydawnictwo O\u015bwiatowe. Kl. 2: Sztuka wyrazu. Podr\u0119cznik dla klasy 2 \u2013 cz. 1 (Romantyzm), cz. 2 (Pozytywizm). Autorzy: D. D\u0105browska, E. Pryli\u0144ska, &#8230; <a title=\"SZKOLNY ZESTAW PODR\u0118CZNIK\u00d3W\" class=\"read-more\" href=\"https:\/\/student.tzn.dg.pl\/newtzn\/?page_id=786\" aria-label=\"Dowiedz si\u0119 wi\u0119cej o SZKOLNY ZESTAW PODR\u0118CZNIK\u00d3W\">Dowiedz si\u0119 wi\u0119cej<\/a><\/p>\n","protected":false},"author":2,"featured_media":0,"parent":0,"menu_order":0,"comment_status":"closed","ping_status":"closed","template":"","meta":{"footnotes":""},"class_list":["post-786","page","type-page","status-publish"],"_links":{"self":[{"href":"https:\/\/student.tzn.dg.pl\/newtzn\/index.php?rest_route=\/wp\/v2\/pages\/786","targetHints":{"allow":["GET"]}}],"collection":[{"href":"https:\/\/student.tzn.dg.pl\/newtzn\/index.php?rest_route=\/wp\/v2\/pages"}],"about":[{"href":"https:\/\/student.tzn.dg.pl\/newtzn\/index.php?rest_route=\/wp\/v2\/types\/page"}],"author":[{"embeddable":true,"href":"https:\/\/student.tzn.dg.pl\/newtzn\/index.php?rest_route=\/wp\/v2\/users\/2"}],"replies":[{"embeddable":true,"href":"https:\/\/student.tzn.dg.pl\/newtzn\/index.php?rest_route=%2Fwp%2Fv2%2Fcomments&post=786"}],"version-history":[{"count":25,"href":"https:\/\/student.tzn.dg.pl\/newtzn\/index.php?rest_route=\/wp\/v2\/pages\/786\/revisions"}],"predecessor-version":[{"id":812,"href":"https:\/\/student.tzn.dg.pl\/newtzn\/index.php?rest_route=\/wp\/v2\/pages\/786\/revisions\/812"}],"wp:attachment":[{"href":"https:\/\/student.tzn.dg.pl\/newtzn\/index.php?rest_route=%2Fwp%2Fv2%2Fmedia&parent=786"}],"curies":[{"name":"wp","href":"https:\/\/api.w.org\/{rel}","templated":true}]}}