{"id":749,"date":"2026-04-03T21:09:55","date_gmt":"2026-04-03T19:09:55","guid":{"rendered":"https:\/\/student.tzn.dg.pl\/newtzn\/?page_id=749"},"modified":"2026-04-03T21:26:44","modified_gmt":"2026-04-03T19:26:44","slug":"oferta_porownanie","status":"publish","type":"page","link":"https:\/\/student.tzn.dg.pl\/newtzn\/?page_id=749","title":{"rendered":"OFERTA EDUAKCYJNA &#8211; POR\u00d3WNANIE KIERUNK\u00d3W"},"content":{"rendered":"\t\t<div data-elementor-type=\"wp-page\" data-elementor-id=\"749\" class=\"elementor elementor-749\">\n\t\t\t\t<div class=\"elementor-element elementor-element-eeb5ece e-flex e-con-boxed e-con e-parent\" data-id=\"eeb5ece\" data-element_type=\"container\" data-e-type=\"container\">\n\t\t\t\t\t<div class=\"e-con-inner\">\n\t\t\t\t<div class=\"elementor-element elementor-element-29fd08a elementor-widget elementor-widget-heading\" data-id=\"29fd08a\" data-element_type=\"widget\" data-e-type=\"widget\" data-widget_type=\"heading.default\">\n\t\t\t\t\t<h3 class=\"elementor-heading-title elementor-size-default\">Por\u00f3wnanie kierunk\u00f3w kszta\u0142cenia<\/h3>\t\t\t\t<\/div>\n\t\t\t\t\t<\/div>\n\t\t\t\t<\/div>\n\t\t<div class=\"elementor-element elementor-element-4cd1d7e e-flex e-con-boxed e-con e-parent\" data-id=\"4cd1d7e\" data-element_type=\"container\" data-e-type=\"container\">\n\t\t\t\t\t<div class=\"e-con-inner\">\n\t\t\t\t<div class=\"elementor-element elementor-element-6c9ac54 elementor-widget elementor-widget-text-editor\" data-id=\"6c9ac54\" data-element_type=\"widget\" data-e-type=\"widget\" data-widget_type=\"text-editor.default\">\n\t\t\t\t\t\t\t\t\t<p>W Technicznych Zak\u0142adach Naukowych oferujemy nowoczesne kierunki techniczne dostosowane do potrzeb rynku pracy.<br data-start=\"574\" data-end=\"577\" \/>Na tej stronie mo\u017cesz w jednym miejscu por\u00f3wna\u0107 wszystkie zawody, znajduj\u0105ce si\u0119 w naszej ofercie.<\/p>\t\t\t\t\t\t\t\t<\/div>\n\t\t\t\t\t<\/div>\n\t\t\t\t<\/div>\n\t\t<div class=\"elementor-element elementor-element-b69d558 e-flex e-con-boxed e-con e-parent\" data-id=\"b69d558\" data-element_type=\"container\" data-e-type=\"container\">\n\t\t\t\t\t<div class=\"e-con-inner\">\n\t\t\t\t<div class=\"elementor-element elementor-element-6b11f97 elementor-widget elementor-widget-image\" data-id=\"6b11f97\" data-element_type=\"widget\" data-e-type=\"widget\" data-widget_type=\"image.default\">\n\t\t\t\t\t\t\t\t\t\t\t\t\t\t\t<img fetchpriority=\"high\" decoding=\"async\" width=\"1024\" height=\"724\" src=\"https:\/\/student.tzn.dg.pl\/newtzn\/wp-content\/uploads\/2026\/04\/TZN-KIERUNKI-KSZTALCENIA-zestawienie-RZ-2026-poprawione-1024x724.jpg\" class=\"attachment-large size-large wp-image-751\" alt=\"por\u00f3wnanie kierunk\u00f3w kszta\u0142cenia - zestawienie w tabeli\" srcset=\"https:\/\/student.tzn.dg.pl\/newtzn\/wp-content\/uploads\/2026\/04\/TZN-KIERUNKI-KSZTALCENIA-zestawienie-RZ-2026-poprawione-1024x724.jpg 1024w, https:\/\/student.tzn.dg.pl\/newtzn\/wp-content\/uploads\/2026\/04\/TZN-KIERUNKI-KSZTALCENIA-zestawienie-RZ-2026-poprawione-300x212.jpg 300w, https:\/\/student.tzn.dg.pl\/newtzn\/wp-content\/uploads\/2026\/04\/TZN-KIERUNKI-KSZTALCENIA-zestawienie-RZ-2026-poprawione-768x543.jpg 768w, https:\/\/student.tzn.dg.pl\/newtzn\/wp-content\/uploads\/2026\/04\/TZN-KIERUNKI-KSZTALCENIA-zestawienie-RZ-2026-poprawione-1536x1086.jpg 1536w, https:\/\/student.tzn.dg.pl\/newtzn\/wp-content\/uploads\/2026\/04\/TZN-KIERUNKI-KSZTALCENIA-zestawienie-RZ-2026-poprawione.jpg 2000w\" sizes=\"(max-width: 1024px) 100vw, 1024px\" \/>\t\t\t\t\t\t\t\t\t\t\t\t\t\t\t<\/div>\n\t\t\t\t\t<\/div>\n\t\t\t\t<\/div>\n\t\t<div class=\"elementor-element elementor-element-045497d e-flex e-con-boxed e-con e-parent\" data-id=\"045497d\" data-element_type=\"container\" data-e-type=\"container\">\n\t\t\t\t\t<div class=\"e-con-inner\">\n\t\t\t\t<div class=\"elementor-element elementor-element-c266dc0 elementor-widget-divider--view-line elementor-widget elementor-widget-divider\" data-id=\"c266dc0\" data-element_type=\"widget\" data-e-type=\"widget\" data-widget_type=\"divider.default\">\n\t\t\t\t\t\t\t<div class=\"elementor-divider\">\n\t\t\t<span class=\"elementor-divider-separator\">\n\t\t\t\t\t\t<\/span>\n\t\t<\/div>\n\t\t\t\t\t\t<\/div>\n\t\t\t\t\t<\/div>\n\t\t\t\t<\/div>\n\t\t<div class=\"elementor-element elementor-element-ad5e810 e-flex e-con-boxed e-con e-parent\" data-id=\"ad5e810\" data-element_type=\"container\" data-e-type=\"container\">\n\t\t\t\t\t<div class=\"e-con-inner\">\n\t\t\t\t<div class=\"elementor-element elementor-element-30a9176 elementor-widget elementor-widget-heading\" data-id=\"30a9176\" data-element_type=\"widget\" data-e-type=\"widget\" data-widget_type=\"heading.default\">\n\t\t\t\t\t<h3 class=\"elementor-heading-title elementor-size-default\">NIE WIESZ, CO WYBRA\u0106?<\/h3>\t\t\t\t<\/div>\n\t\t\t\t\t<\/div>\n\t\t\t\t<\/div>\n\t\t<div class=\"elementor-element elementor-element-bb5c1ff e-flex e-con-boxed e-con e-parent\" data-id=\"bb5c1ff\" data-element_type=\"container\" data-e-type=\"container\">\n\t\t\t\t\t<div class=\"e-con-inner\">\n\t\t\t\t<div class=\"elementor-element elementor-element-d062fe4 elementor-widget elementor-widget-text-editor\" data-id=\"d062fe4\" data-element_type=\"widget\" data-e-type=\"widget\" data-widget_type=\"text-editor.default\">\n\t\t\t\t\t\t\t\t\t<p data-start=\"759\" data-end=\"776\"><strong data-start=\"759\" data-end=\"776\">Podpowiadamy:<\/strong><\/p><ul data-start=\"778\" data-end=\"1087\"><li data-section-id=\"nr11me\" data-start=\"778\" data-end=\"860\">\ud83d\udcbb Interesujesz si\u0119 komputerami \u2192 <strong data-start=\"814\" data-end=\"858\">technik informatyk \/ technik programista<\/strong><\/li><li data-section-id=\"yrg72a\" data-start=\"861\" data-end=\"956\">\u2699\ufe0f Lubisz maszyny i automatyk\u0119 \u2192 <strong data-start=\"896\" data-end=\"954\">technik mechanik \/ technik automatyk \/ technik robotyk<\/strong><\/li><li data-section-id=\"10kz0lw\" data-start=\"957\" data-end=\"1039\">\u26a1 Interesuje Ci\u0119 pr\u0105d i instalacje \u2192 <strong data-start=\"996\" data-end=\"1037\">technik elektryk \/ technik elektronik<\/strong><\/li><li data-section-id=\"1lf4q2f\" data-start=\"1040\" data-end=\"1087\">\ud83c\udfa8 Masz zmys\u0142 kreatywny \u2192 <strong data-start=\"1068\" data-end=\"1087\">technik reklamy<\/strong><\/li><\/ul>\t\t\t\t\t\t\t\t<\/div>\n\t\t\t\t\t<\/div>\n\t\t\t\t<\/div>\n\t\t<div class=\"elementor-element elementor-element-f50706d e-flex e-con-boxed e-con e-parent\" data-id=\"f50706d\" data-element_type=\"container\" data-e-type=\"container\">\n\t\t\t\t\t<div class=\"e-con-inner\">\n\t\t\t\t<div class=\"elementor-element elementor-element-97723ac elementor-widget elementor-widget-heading\" data-id=\"97723ac\" data-element_type=\"widget\" data-e-type=\"widget\" data-widget_type=\"heading.default\">\n\t\t\t\t\t<h3 class=\"elementor-heading-title elementor-size-default\">NAJWA\u017bNIEJSZE R\u00d3\u017bNICE:<\/h3>\t\t\t\t<\/div>\n\t\t\t\t\t<\/div>\n\t\t\t\t<\/div>\n\t\t<div class=\"elementor-element elementor-element-f158f03 e-flex e-con-boxed e-con e-parent\" data-id=\"f158f03\" data-element_type=\"container\" data-e-type=\"container\">\n\t\t\t\t\t<div class=\"e-con-inner\">\n\t\t\t\t<div class=\"elementor-element elementor-element-4eeed9a elementor-widget elementor-widget-text-editor\" data-id=\"4eeed9a\" data-element_type=\"widget\" data-e-type=\"widget\" data-widget_type=\"text-editor.default\">\n\t\t\t\t\t\t\t\t\t<ul><li data-section-id=\"1jictlw\" data-start=\"1475\" data-end=\"1623\"><strong data-start=\"1477\" data-end=\"1514\">Technik informatyk vs programista<\/strong><br data-start=\"1514\" data-end=\"1517\" \/>Informatyk zajmuje si\u0119 sprz\u0119tem, sieciami i systemami, a programista tworzy aplikacje i oprogramowanie<\/li><li data-section-id=\"17y5vnj\" data-start=\"1625\" data-end=\"1749\"><strong data-start=\"1627\" data-end=\"1661\">Automatyk \/ robotyk \/ mechanik<\/strong><br data-start=\"1661\" data-end=\"1664\" \/>Kierunki zwi\u0105zane z przemys\u0142em i nowoczesnymi technologiami \u2013 od maszyn po roboty<\/li><li data-section-id=\"1ftdkhh\" data-start=\"1751\" data-end=\"1865\"><strong data-start=\"1753\" data-end=\"1779\">Elektryk vs elektronik<\/strong><br data-start=\"1779\" data-end=\"1782\" \/>Elektryk pracuje g\u0142\u00f3wnie z instalacjami, elektronik \u2013 z urz\u0105dzeniami i uk\u0142adami<\/li><li data-section-id=\"12kiyr0\" data-start=\"1867\" data-end=\"1952\"><strong data-start=\"1869\" data-end=\"1888\">Technik reklamy<\/strong><br data-start=\"1888\" data-end=\"1891\" \/>Kierunek dla os\u00f3b kreatywnych \u2013 grafika, fotografia, marketing, strategia, media<\/li><\/ul>\t\t\t\t\t\t\t\t<\/div>\n\t\t\t\t\t<\/div>\n\t\t\t\t<\/div>\n\t\t<div class=\"elementor-element elementor-element-2d371c3 e-flex e-con-boxed e-con e-parent\" data-id=\"2d371c3\" data-element_type=\"container\" data-e-type=\"container\">\n\t\t\t\t\t<div class=\"e-con-inner\">\n\t\t\t\t<div class=\"elementor-element elementor-element-56f267e elementor-widget elementor-widget-heading\" data-id=\"56f267e\" data-element_type=\"widget\" data-e-type=\"widget\" data-widget_type=\"heading.default\">\n\t\t\t\t\t<h3 class=\"elementor-heading-title elementor-size-default\">CHCESZ DOWIEDZIE\u0106 SI\u0118 WI\u0118CEJ?<\/h3>\t\t\t\t<\/div>\n\t\t\t\t\t<\/div>\n\t\t\t\t<\/div>\n\t\t<div class=\"elementor-element elementor-element-2ca9100 e-flex e-con-boxed e-con e-parent\" data-id=\"2ca9100\" data-element_type=\"container\" data-e-type=\"container\">\n\t\t\t\t\t<div class=\"e-con-inner\">\n\t\t<div class=\"elementor-element elementor-element-4783862 e-con-full e-flex e-con e-child\" data-id=\"4783862\" data-element_type=\"container\" data-e-type=\"container\">\n\t\t\t\t<div class=\"elementor-element elementor-element-5509323 elementor-align-justify elementor-widget elementor-widget-button\" data-id=\"5509323\" data-element_type=\"widget\" data-e-type=\"widget\" data-widget_type=\"button.default\">\n\t\t\t\t\t\t\t\t\t\t<a class=\"elementor-button elementor-button-link elementor-size-sm\" href=\"#REGULAMIN%20REKRUTACJI\" target=\"_blank\">\n\t\t\t\t\t\t<span class=\"elementor-button-content-wrapper\">\n\t\t\t\t\t\t\t\t\t<span class=\"elementor-button-text\">Sprawd\u017a zasady rekrutacji<\/span>\n\t\t\t\t\t<\/span>\n\t\t\t\t\t<\/a>\n\t\t\t\t\t\t\t\t<\/div>\n\t\t\t\t<\/div>\n\t\t<div class=\"elementor-element elementor-element-ab1042d e-con-full e-flex e-con e-child\" data-id=\"ab1042d\" data-element_type=\"container\" data-e-type=\"container\">\n\t\t\t\t<div class=\"elementor-element elementor-element-85bf02f elementor-align-justify elementor-widget elementor-widget-button\" data-id=\"85bf02f\" data-element_type=\"widget\" data-e-type=\"widget\" data-widget_type=\"button.default\">\n\t\t\t\t\t\t\t\t\t\t<a class=\"elementor-button elementor-size-sm\" role=\"button\">\n\t\t\t\t\t\t<span class=\"elementor-button-content-wrapper\">\n\t\t\t\t\t\t\t\t\t<span class=\"elementor-button-text\">Zobacz najcz\u0119\u015bciej zadawane pytania (FAQ)<\/span>\n\t\t\t\t\t<\/span>\n\t\t\t\t\t<\/a>\n\t\t\t\t\t\t\t\t<\/div>\n\t\t\t\t<\/div>\n\t\t<div class=\"elementor-element elementor-element-5dff5bf e-con-full e-flex e-con e-child\" data-id=\"5dff5bf\" data-element_type=\"container\" data-e-type=\"container\">\n\t\t\t\t<div class=\"elementor-element elementor-element-fdaf3c4 elementor-align-justify elementor-widget elementor-widget-button\" data-id=\"fdaf3c4\" data-element_type=\"widget\" data-e-type=\"widget\" data-widget_type=\"button.default\">\n\t\t\t\t\t\t\t\t\t\t<a class=\"elementor-button elementor-button-link elementor-size-sm\" href=\"#REGULAMIN%20REKRUTACJI\" target=\"_blank\">\n\t\t\t\t\t\t<span class=\"elementor-button-content-wrapper\">\n\t\t\t\t\t\t\t\t\t<span class=\"elementor-button-text\">Przyjd\u017a na Dzie\u0144 Otwarty<\/span>\n\t\t\t\t\t<\/span>\n\t\t\t\t\t<\/a>\n\t\t\t\t\t\t\t\t<\/div>\n\t\t\t\t<\/div>\n\t\t\t\t\t<\/div>\n\t\t\t\t<\/div>\n\t\t\t\t<\/div>\n\t\t","protected":false},"excerpt":{"rendered":"<p>Por\u00f3wnanie kierunk\u00f3w kszta\u0142cenia W Technicznych Zak\u0142adach Naukowych oferujemy nowoczesne kierunki techniczne dostosowane do potrzeb rynku pracy.Na tej stronie mo\u017cesz w jednym miejscu por\u00f3wna\u0107 wszystkie zawody, znajduj\u0105ce si\u0119 w naszej ofercie. NIE WIESZ, CO WYBRA\u0106? Podpowiadamy: \ud83d\udcbb Interesujesz si\u0119 komputerami \u2192 technik informatyk \/ technik programista \u2699\ufe0f Lubisz maszyny i automatyk\u0119 \u2192 technik mechanik \/ technik &#8230; <a title=\"OFERTA EDUAKCYJNA &#8211; POR\u00d3WNANIE KIERUNK\u00d3W\" class=\"read-more\" href=\"https:\/\/student.tzn.dg.pl\/newtzn\/?page_id=749\" aria-label=\"Dowiedz si\u0119 wi\u0119cej o OFERTA EDUAKCYJNA &#8211; POR\u00d3WNANIE KIERUNK\u00d3W\">Dowiedz si\u0119 wi\u0119cej<\/a><\/p>\n","protected":false},"author":2,"featured_media":0,"parent":0,"menu_order":0,"comment_status":"closed","ping_status":"closed","template":"","meta":{"footnotes":""},"class_list":["post-749","page","type-page","status-publish"],"_links":{"self":[{"href":"https:\/\/student.tzn.dg.pl\/newtzn\/index.php?rest_route=\/wp\/v2\/pages\/749","targetHints":{"allow":["GET"]}}],"collection":[{"href":"https:\/\/student.tzn.dg.pl\/newtzn\/index.php?rest_route=\/wp\/v2\/pages"}],"about":[{"href":"https:\/\/student.tzn.dg.pl\/newtzn\/index.php?rest_route=\/wp\/v2\/types\/page"}],"author":[{"embeddable":true,"href":"https:\/\/student.tzn.dg.pl\/newtzn\/index.php?rest_route=\/wp\/v2\/users\/2"}],"replies":[{"embeddable":true,"href":"https:\/\/student.tzn.dg.pl\/newtzn\/index.php?rest_route=%2Fwp%2Fv2%2Fcomments&post=749"}],"version-history":[{"count":28,"href":"https:\/\/student.tzn.dg.pl\/newtzn\/index.php?rest_route=\/wp\/v2\/pages\/749\/revisions"}],"predecessor-version":[{"id":780,"href":"https:\/\/student.tzn.dg.pl\/newtzn\/index.php?rest_route=\/wp\/v2\/pages\/749\/revisions\/780"}],"wp:attachment":[{"href":"https:\/\/student.tzn.dg.pl\/newtzn\/index.php?rest_route=%2Fwp%2Fv2%2Fmedia&parent=749"}],"curies":[{"name":"wp","href":"https:\/\/api.w.org\/{rel}","templated":true}]}}