{"id":737,"date":"2026-04-02T22:11:41","date_gmt":"2026-04-02T20:11:41","guid":{"rendered":"https:\/\/student.tzn.dg.pl\/newtzn\/?page_id=737"},"modified":"2026-04-03T22:56:09","modified_gmt":"2026-04-03T20:56:09","slug":"praktyki_zawodowe","status":"publish","type":"page","link":"https:\/\/student.tzn.dg.pl\/newtzn\/?page_id=737","title":{"rendered":"PRAKTYKI ZAWODOWE"},"content":{"rendered":"\t\t<div data-elementor-type=\"wp-page\" data-elementor-id=\"737\" class=\"elementor elementor-737\">\n\t\t\t\t<div class=\"elementor-element elementor-element-d383b14 e-flex e-con-boxed e-con e-parent\" data-id=\"d383b14\" data-element_type=\"container\" data-e-type=\"container\">\n\t\t\t\t\t<div class=\"e-con-inner\">\n\t\t\t\t<div class=\"elementor-element elementor-element-8a6693f elementor-widget elementor-widget-text-editor\" data-id=\"8a6693f\" data-element_type=\"widget\" data-e-type=\"widget\" data-widget_type=\"text-editor.default\">\n\t\t\t\t\t\t\t\t\t<p>Praktyki zawodowe s\u0105 wa\u017cnym elementem kszta\u0142cenia w technikum. Umo\u017cliwiaj\u0105 zdobycie do\u015bwiadczenia w rzeczywistych warunkach pracy oraz zastosowanie wiedzy i umiej\u0119tno\u015bci zdobytych podczas nauki w szkole.<br \/>W trakcie nauki ka\u017cdy ucze\u0144 odbywa obowi\u0105zkowe praktyki zawodowe w wymiarze 2 \u00d7 4 tygodnie, realizowane u pracodawc\u00f3w zgodnie z kierunkiem kszta\u0142cenia.<\/p>\t\t\t\t\t\t\t\t<\/div>\n\t\t\t\t\t<\/div>\n\t\t\t\t<\/div>\n\t\t<div class=\"elementor-element elementor-element-bdfe57a e-flex e-con-boxed e-con e-parent\" data-id=\"bdfe57a\" data-element_type=\"container\" data-e-type=\"container\">\n\t\t\t\t\t<div class=\"e-con-inner\">\n\t\t<div class=\"elementor-element elementor-element-7e4f282 e-con-full e-flex e-con e-child\" data-id=\"7e4f282\" data-element_type=\"container\" data-e-type=\"container\">\n\t\t\t\t<div class=\"elementor-element elementor-element-29fd08a elementor-widget elementor-widget-heading\" data-id=\"29fd08a\" data-element_type=\"widget\" data-e-type=\"widget\" data-widget_type=\"heading.default\">\n\t\t\t\t\t<h3 class=\"elementor-heading-title elementor-size-default\">HARMONOGRAM PRAKTYK ZAWODOWYCH \nW ROKU SZKOLNYM 2025\/2026\n<\/h3>\t\t\t\t<\/div>\n\t\t\t\t<\/div>\n\t\t<div class=\"elementor-element elementor-element-a6df79c e-con-full e-flex e-con e-child\" data-id=\"a6df79c\" data-element_type=\"container\" data-e-type=\"container\">\n\t\t\t\t<div class=\"elementor-element elementor-element-ddc87a4 elementor-align-justify elementor-widget elementor-widget-button\" data-id=\"ddc87a4\" data-element_type=\"widget\" data-e-type=\"widget\" data-widget_type=\"button.default\">\n\t\t\t\t\t\t\t\t\t\t<a class=\"elementor-button elementor-button-link elementor-size-sm\" href=\"https:\/\/student.tzn.dg.pl\/newtzn\/wp-content\/uploads\/2026\/04\/REGULAMIN-PRAKTYK-ZAWODOWYCH-W-TZN.pdf\" target=\"_blank\">\n\t\t\t\t\t\t<span class=\"elementor-button-content-wrapper\">\n\t\t\t\t\t\t<span class=\"elementor-button-icon\">\n\t\t\t\t<svg aria-hidden=\"true\" class=\"e-font-icon-svg e-far-file-pdf\" viewBox=\"0 0 384 512\" xmlns=\"http:\/\/www.w3.org\/2000\/svg\"><path d=\"M369.9 97.9L286 14C277 5 264.8-.1 252.1-.1H48C21.5 0 0 21.5 0 48v416c0 26.5 21.5 48 48 48h288c26.5 0 48-21.5 48-48V131.9c0-12.7-5.1-25-14.1-34zM332.1 128H256V51.9l76.1 76.1zM48 464V48h160v104c0 13.3 10.7 24 24 24h104v288H48zm250.2-143.7c-12.2-12-47-8.7-64.4-6.5-17.2-10.5-28.7-25-36.8-46.3 3.9-16.1 10.1-40.6 5.4-56-4.2-26.2-37.8-23.6-42.6-5.9-4.4 16.1-.4 38.5 7 67.1-10 23.9-24.9 56-35.4 74.4-20 10.3-47 26.2-51 46.2-3.3 15.8 26 55.2 76.1-31.2 22.4-7.4 46.8-16.5 68.4-20.1 18.9 10.2 41 17 55.8 17 25.5 0 28-28.2 17.5-38.7zm-198.1 77.8c5.1-13.7 24.5-29.5 30.4-35-19 30.3-30.4 35.7-30.4 35zm81.6-190.6c7.4 0 6.7 32.1 1.8 40.8-4.4-13.9-4.3-40.8-1.8-40.8zm-24.4 136.6c9.7-16.9 18-37 24.7-54.7 8.3 15.1 18.9 27.2 30.1 35.5-20.8 4.3-38.9 13.1-54.8 19.2zm131.6-5s-5 6-37.3-7.8c35.1-2.6 40.9 5.4 37.3 7.8z\"><\/path><\/svg>\t\t\t<\/span>\n\t\t\t\t\t\t\t\t\t<span class=\"elementor-button-text\">REGULAMIN PRAKTYK<\/span>\n\t\t\t\t\t<\/span>\n\t\t\t\t\t<\/a>\n\t\t\t\t\t\t\t\t<\/div>\n\t\t\t\t<\/div>\n\t\t\t\t\t<\/div>\n\t\t\t\t<\/div>\n\t\t<div class=\"elementor-element elementor-element-045497d e-flex e-con-boxed e-con e-parent\" data-id=\"045497d\" data-element_type=\"container\" data-e-type=\"container\">\n\t\t\t\t\t<div class=\"e-con-inner\">\n\t\t\t\t<div class=\"elementor-element elementor-element-c266dc0 elementor-widget-divider--view-line elementor-widget elementor-widget-divider\" data-id=\"c266dc0\" data-element_type=\"widget\" data-e-type=\"widget\" data-widget_type=\"divider.default\">\n\t\t\t\t\t\t\t<div class=\"elementor-divider\">\n\t\t\t<span class=\"elementor-divider-separator\">\n\t\t\t\t\t\t<\/span>\n\t\t<\/div>\n\t\t\t\t\t\t<\/div>\n\t\t\t\t\t<\/div>\n\t\t\t\t<\/div>\n\t\t<div class=\"elementor-element elementor-element-4b60af3 e-flex e-con-boxed e-con e-parent\" data-id=\"4b60af3\" data-element_type=\"container\" data-e-type=\"container\">\n\t\t\t\t\t<div class=\"e-con-inner\">\n\t\t<div class=\"elementor-element elementor-element-52c7560 e-con-full e-flex e-con e-child\" data-id=\"52c7560\" data-element_type=\"container\" data-e-type=\"container\">\n\t\t\t\t<div class=\"elementor-element elementor-element-f12b5bb elementor-position-top elementor-widget elementor-widget-image-box\" data-id=\"f12b5bb\" data-element_type=\"widget\" data-e-type=\"widget\" data-widget_type=\"image-box.default\">\n\t\t\t\t\t<div class=\"elementor-image-box-wrapper\"><figure class=\"elementor-image-box-img\"><img fetchpriority=\"high\" decoding=\"async\" width=\"2560\" height=\"2560\" src=\"https:\/\/student.tzn.dg.pl\/newtzn\/wp-content\/uploads\/2026\/03\/technik-automatyk-scaled.png\" class=\"attachment-full size-full wp-image-53\" alt=\"technik automatyk - IKONA\" srcset=\"https:\/\/student.tzn.dg.pl\/newtzn\/wp-content\/uploads\/2026\/03\/technik-automatyk-scaled.png 2560w, https:\/\/student.tzn.dg.pl\/newtzn\/wp-content\/uploads\/2026\/03\/technik-automatyk-300x300.png 300w, https:\/\/student.tzn.dg.pl\/newtzn\/wp-content\/uploads\/2026\/03\/technik-automatyk-1024x1024.png 1024w, https:\/\/student.tzn.dg.pl\/newtzn\/wp-content\/uploads\/2026\/03\/technik-automatyk-150x150.png 150w, https:\/\/student.tzn.dg.pl\/newtzn\/wp-content\/uploads\/2026\/03\/technik-automatyk-768x768.png 768w, https:\/\/student.tzn.dg.pl\/newtzn\/wp-content\/uploads\/2026\/03\/technik-automatyk-1536x1536.png 1536w, https:\/\/student.tzn.dg.pl\/newtzn\/wp-content\/uploads\/2026\/03\/technik-automatyk-2048x2048.png 2048w\" sizes=\"(max-width: 2560px) 100vw, 2560px\" \/><\/figure><div class=\"elementor-image-box-content\"><h3 class=\"elementor-image-box-title\">TECHNIK AUTOMATYK<\/h3><\/div><\/div>\t\t\t\t<\/div>\n\t\t\t\t<div class=\"elementor-element elementor-element-65d77da elementor-widget elementor-widget-text-editor\" data-id=\"65d77da\" data-element_type=\"widget\" data-e-type=\"widget\" data-widget_type=\"text-editor.default\">\n\t\t\t\t\t\t\t\t\t<p><strong>klasa 4 ur:<\/strong><\/p><p>13.10.2025-7.11.2025<\/p><p><strong>klasa 3u:<\/strong><\/p><p>19.01.2026-13.02.2026<\/p>\t\t\t\t\t\t\t\t<\/div>\n\t\t\t\t<\/div>\n\t\t<div class=\"elementor-element elementor-element-da68fba e-con-full e-flex e-con e-child\" data-id=\"da68fba\" data-element_type=\"container\" data-e-type=\"container\">\n\t\t\t\t<div class=\"elementor-element elementor-element-f2250c5 elementor-position-top elementor-widget elementor-widget-image-box\" data-id=\"f2250c5\" data-element_type=\"widget\" data-e-type=\"widget\" data-widget_type=\"image-box.default\">\n\t\t\t\t\t<div class=\"elementor-image-box-wrapper\"><figure class=\"elementor-image-box-img\"><img decoding=\"async\" width=\"2560\" height=\"2560\" src=\"https:\/\/student.tzn.dg.pl\/newtzn\/wp-content\/uploads\/2026\/03\/technik-elektronik-scaled.png\" class=\"attachment-full size-full wp-image-54\" alt=\"technik elektronik\" srcset=\"https:\/\/student.tzn.dg.pl\/newtzn\/wp-content\/uploads\/2026\/03\/technik-elektronik-scaled.png 2560w, https:\/\/student.tzn.dg.pl\/newtzn\/wp-content\/uploads\/2026\/03\/technik-elektronik-300x300.png 300w, https:\/\/student.tzn.dg.pl\/newtzn\/wp-content\/uploads\/2026\/03\/technik-elektronik-1024x1024.png 1024w, https:\/\/student.tzn.dg.pl\/newtzn\/wp-content\/uploads\/2026\/03\/technik-elektronik-150x150.png 150w, https:\/\/student.tzn.dg.pl\/newtzn\/wp-content\/uploads\/2026\/03\/technik-elektronik-768x768.png 768w, https:\/\/student.tzn.dg.pl\/newtzn\/wp-content\/uploads\/2026\/03\/technik-elektronik-1536x1536.png 1536w, https:\/\/student.tzn.dg.pl\/newtzn\/wp-content\/uploads\/2026\/03\/technik-elektronik-2048x2048.png 2048w\" sizes=\"(max-width: 2560px) 100vw, 2560px\" \/><\/figure><div class=\"elementor-image-box-content\"><h3 class=\"elementor-image-box-title\">TECHNIK ELEKTRONIK<\/h3><\/div><\/div>\t\t\t\t<\/div>\n\t\t\t\t<div class=\"elementor-element elementor-element-dcd2370 elementor-widget elementor-widget-text-editor\" data-id=\"dcd2370\" data-element_type=\"widget\" data-e-type=\"widget\" data-widget_type=\"text-editor.default\">\n\t\t\t\t\t\t\t\t\t<p><strong>klasa 4 bi:<\/strong><\/p><p>29.09.2025-24.10.2025<\/p><p><strong>klasa 3br:<\/strong><\/p><p>17.11.2025-12.12.2025<\/p>\t\t\t\t\t\t\t\t<\/div>\n\t\t\t\t<\/div>\n\t\t<div class=\"elementor-element elementor-element-5e45d42 e-con-full e-flex e-con e-child\" data-id=\"5e45d42\" data-element_type=\"container\" data-e-type=\"container\">\n\t\t\t\t<div class=\"elementor-element elementor-element-0a1d252 elementor-position-top elementor-widget elementor-widget-image-box\" data-id=\"0a1d252\" data-element_type=\"widget\" data-e-type=\"widget\" data-widget_type=\"image-box.default\">\n\t\t\t\t\t<div class=\"elementor-image-box-wrapper\"><figure class=\"elementor-image-box-img\"><img decoding=\"async\" width=\"2560\" height=\"2560\" src=\"https:\/\/student.tzn.dg.pl\/newtzn\/wp-content\/uploads\/2026\/03\/technik-elektryk-1-scaled.png\" class=\"attachment-full size-full wp-image-95\" alt=\"technik elektryk\" srcset=\"https:\/\/student.tzn.dg.pl\/newtzn\/wp-content\/uploads\/2026\/03\/technik-elektryk-1-scaled.png 2560w, https:\/\/student.tzn.dg.pl\/newtzn\/wp-content\/uploads\/2026\/03\/technik-elektryk-1-300x300.png 300w, https:\/\/student.tzn.dg.pl\/newtzn\/wp-content\/uploads\/2026\/03\/technik-elektryk-1-1024x1024.png 1024w, https:\/\/student.tzn.dg.pl\/newtzn\/wp-content\/uploads\/2026\/03\/technik-elektryk-1-150x150.png 150w, https:\/\/student.tzn.dg.pl\/newtzn\/wp-content\/uploads\/2026\/03\/technik-elektryk-1-768x768.png 768w, https:\/\/student.tzn.dg.pl\/newtzn\/wp-content\/uploads\/2026\/03\/technik-elektryk-1-1536x1536.png 1536w, https:\/\/student.tzn.dg.pl\/newtzn\/wp-content\/uploads\/2026\/03\/technik-elektryk-1-2048x2048.png 2048w\" sizes=\"(max-width: 2560px) 100vw, 2560px\" \/><\/figure><div class=\"elementor-image-box-content\"><h3 class=\"elementor-image-box-title\">TECHNIK ELEKTRYK<\/h3><\/div><\/div>\t\t\t\t<\/div>\n\t\t\t\t<div class=\"elementor-element elementor-element-35c2666 elementor-widget elementor-widget-text-editor\" data-id=\"35c2666\" data-element_type=\"widget\" data-e-type=\"widget\" data-widget_type=\"text-editor.default\">\n\t\t\t\t\t\t\t\t\t<p><strong>klasa 4 a:<\/strong><\/p><p>29.09.2025-24.10.2025<\/p><p><strong>klasa 3ad:<\/strong><\/p><p>17.11.2025-12.12.2025<\/p>\t\t\t\t\t\t\t\t<\/div>\n\t\t\t\t<\/div>\n\t\t<div class=\"elementor-element elementor-element-3ad9070 e-con-full e-flex e-con e-child\" data-id=\"3ad9070\" data-element_type=\"container\" data-e-type=\"container\">\n\t\t\t\t<div class=\"elementor-element elementor-element-733faed elementor-position-top elementor-widget elementor-widget-image-box\" data-id=\"733faed\" data-element_type=\"widget\" data-e-type=\"widget\" data-widget_type=\"image-box.default\">\n\t\t\t\t\t<div class=\"elementor-image-box-wrapper\"><figure class=\"elementor-image-box-img\"><img loading=\"lazy\" decoding=\"async\" width=\"2560\" height=\"2560\" src=\"https:\/\/student.tzn.dg.pl\/newtzn\/wp-content\/uploads\/2026\/03\/technik-informatyk-scaled.png\" class=\"attachment-full size-full wp-image-56\" alt=\"technik informatyk\" srcset=\"https:\/\/student.tzn.dg.pl\/newtzn\/wp-content\/uploads\/2026\/03\/technik-informatyk-scaled.png 2560w, https:\/\/student.tzn.dg.pl\/newtzn\/wp-content\/uploads\/2026\/03\/technik-informatyk-300x300.png 300w, https:\/\/student.tzn.dg.pl\/newtzn\/wp-content\/uploads\/2026\/03\/technik-informatyk-1024x1024.png 1024w, https:\/\/student.tzn.dg.pl\/newtzn\/wp-content\/uploads\/2026\/03\/technik-informatyk-150x150.png 150w, https:\/\/student.tzn.dg.pl\/newtzn\/wp-content\/uploads\/2026\/03\/technik-informatyk-768x768.png 768w, https:\/\/student.tzn.dg.pl\/newtzn\/wp-content\/uploads\/2026\/03\/technik-informatyk-1536x1536.png 1536w, https:\/\/student.tzn.dg.pl\/newtzn\/wp-content\/uploads\/2026\/03\/technik-informatyk-2048x2048.png 2048w\" sizes=\"(max-width: 2560px) 100vw, 2560px\" \/><\/figure><div class=\"elementor-image-box-content\"><h3 class=\"elementor-image-box-title\">TECHNIK INFORMATYK<\/h3><\/div><\/div>\t\t\t\t<\/div>\n\t\t\t\t<div class=\"elementor-element elementor-element-f4ab66d elementor-widget elementor-widget-text-editor\" data-id=\"f4ab66d\" data-element_type=\"widget\" data-e-type=\"widget\" data-widget_type=\"text-editor.default\">\n\t\t\t\t\t\t\t\t\t<p><strong>klasa 3pi:<\/strong><\/p><p>19.01.2026-13.02.2026<\/p><p><strong>klasa 3i:<\/strong><\/p><p>2.03.2026-27.03.2026<\/p><p><strong>klasa 4i:<\/strong><\/p><p>4.05.2026-29.05.2026<\/p><p>\u00a0<\/p>\t\t\t\t\t\t\t\t<\/div>\n\t\t\t\t<\/div>\n\t\t\t\t\t<\/div>\n\t\t\t\t<\/div>\n\t\t<div class=\"elementor-element elementor-element-1106c97 e-flex e-con-boxed e-con e-parent\" data-id=\"1106c97\" data-element_type=\"container\" data-e-type=\"container\">\n\t\t\t\t\t<div class=\"e-con-inner\">\n\t\t<div class=\"elementor-element elementor-element-7fe96d4 e-con-full e-flex e-con e-child\" data-id=\"7fe96d4\" data-element_type=\"container\" data-e-type=\"container\">\n\t\t\t\t<div class=\"elementor-element elementor-element-dd9eac5 elementor-position-top elementor-widget elementor-widget-image-box\" data-id=\"dd9eac5\" data-element_type=\"widget\" data-e-type=\"widget\" data-widget_type=\"image-box.default\">\n\t\t\t\t\t<div class=\"elementor-image-box-wrapper\"><figure class=\"elementor-image-box-img\"><img loading=\"lazy\" decoding=\"async\" width=\"2560\" height=\"2560\" src=\"https:\/\/student.tzn.dg.pl\/newtzn\/wp-content\/uploads\/2026\/03\/technik-mechanik-scaled.png\" class=\"attachment-full size-full wp-image-57\" alt=\"technik mechanik\" srcset=\"https:\/\/student.tzn.dg.pl\/newtzn\/wp-content\/uploads\/2026\/03\/technik-mechanik-scaled.png 2560w, https:\/\/student.tzn.dg.pl\/newtzn\/wp-content\/uploads\/2026\/03\/technik-mechanik-300x300.png 300w, https:\/\/student.tzn.dg.pl\/newtzn\/wp-content\/uploads\/2026\/03\/technik-mechanik-1024x1024.png 1024w, https:\/\/student.tzn.dg.pl\/newtzn\/wp-content\/uploads\/2026\/03\/technik-mechanik-150x150.png 150w, https:\/\/student.tzn.dg.pl\/newtzn\/wp-content\/uploads\/2026\/03\/technik-mechanik-768x768.png 768w, https:\/\/student.tzn.dg.pl\/newtzn\/wp-content\/uploads\/2026\/03\/technik-mechanik-1536x1536.png 1536w, https:\/\/student.tzn.dg.pl\/newtzn\/wp-content\/uploads\/2026\/03\/technik-mechanik-2048x2048.png 2048w\" sizes=\"(max-width: 2560px) 100vw, 2560px\" \/><\/figure><div class=\"elementor-image-box-content\"><h3 class=\"elementor-image-box-title\">TECHNIK MECHANIK<\/h3><\/div><\/div>\t\t\t\t<\/div>\n\t\t\t\t<div class=\"elementor-element elementor-element-ead4736 elementor-widget elementor-widget-text-editor\" data-id=\"ead4736\" data-element_type=\"widget\" data-e-type=\"widget\" data-widget_type=\"text-editor.default\">\n\t\t\t\t\t\t\t\t\t<p><strong>klasa 4 d:<\/strong><\/p><p>29.09.2025-24.10.2025<\/p><p><strong>klasa 3ad:<\/strong><\/p><p>17.11.2025-12.12.2025<\/p>\t\t\t\t\t\t\t\t<\/div>\n\t\t\t\t<\/div>\n\t\t<div class=\"elementor-element elementor-element-93ced76 e-con-full e-flex e-con e-child\" data-id=\"93ced76\" data-element_type=\"container\" data-e-type=\"container\">\n\t\t\t\t<div class=\"elementor-element elementor-element-253954c elementor-position-top elementor-widget elementor-widget-image-box\" data-id=\"253954c\" data-element_type=\"widget\" data-e-type=\"widget\" data-widget_type=\"image-box.default\">\n\t\t\t\t\t<div class=\"elementor-image-box-wrapper\"><figure class=\"elementor-image-box-img\"><img loading=\"lazy\" decoding=\"async\" width=\"2560\" height=\"2560\" src=\"https:\/\/student.tzn.dg.pl\/newtzn\/wp-content\/uploads\/2026\/03\/technik-programista-scaled.png\" class=\"attachment-full size-full wp-image-58\" alt=\"technik programista\" srcset=\"https:\/\/student.tzn.dg.pl\/newtzn\/wp-content\/uploads\/2026\/03\/technik-programista-scaled.png 2560w, https:\/\/student.tzn.dg.pl\/newtzn\/wp-content\/uploads\/2026\/03\/technik-programista-300x300.png 300w, https:\/\/student.tzn.dg.pl\/newtzn\/wp-content\/uploads\/2026\/03\/technik-programista-1024x1024.png 1024w, https:\/\/student.tzn.dg.pl\/newtzn\/wp-content\/uploads\/2026\/03\/technik-programista-150x150.png 150w, https:\/\/student.tzn.dg.pl\/newtzn\/wp-content\/uploads\/2026\/03\/technik-programista-768x768.png 768w, https:\/\/student.tzn.dg.pl\/newtzn\/wp-content\/uploads\/2026\/03\/technik-programista-1536x1536.png 1536w, https:\/\/student.tzn.dg.pl\/newtzn\/wp-content\/uploads\/2026\/03\/technik-programista-2048x2048.png 2048w\" sizes=\"(max-width: 2560px) 100vw, 2560px\" \/><\/figure><div class=\"elementor-image-box-content\"><h3 class=\"elementor-image-box-title\">TECHNIK PROGRAMISTA<\/h3><\/div><\/div>\t\t\t\t<\/div>\n\t\t\t\t<div class=\"elementor-element elementor-element-0cb0df5 elementor-widget elementor-widget-text-editor\" data-id=\"0cb0df5\" data-element_type=\"widget\" data-e-type=\"widget\" data-widget_type=\"text-editor.default\">\n\t\t\t\t\t\t\t\t\t<p><strong>klasa 4 pb:<\/strong><\/p><p>29.09.2025-24.10.2025<\/p><p><strong>klasa 3pa:<\/strong><\/p><p>13.10.2025-7.11.2025<\/p><p><strong>klasa 4pa:<\/strong><\/p><p>17.11.2025-12.12.2025<\/p><p><strong>klasa 3pi:<\/strong><\/p><p>19.01.2026-13.02.2026<\/p>\t\t\t\t\t\t\t\t<\/div>\n\t\t\t\t<\/div>\n\t\t<div class=\"elementor-element elementor-element-8c89cb5 e-con-full e-flex e-con e-child\" data-id=\"8c89cb5\" data-element_type=\"container\" data-e-type=\"container\">\n\t\t\t\t<div class=\"elementor-element elementor-element-a0e4c6e elementor-position-top elementor-widget elementor-widget-image-box\" data-id=\"a0e4c6e\" data-element_type=\"widget\" data-e-type=\"widget\" data-widget_type=\"image-box.default\">\n\t\t\t\t\t<div class=\"elementor-image-box-wrapper\"><figure class=\"elementor-image-box-img\"><img loading=\"lazy\" decoding=\"async\" width=\"2560\" height=\"2560\" src=\"https:\/\/student.tzn.dg.pl\/newtzn\/wp-content\/uploads\/2026\/03\/technik-reklamy-scaled.png\" class=\"attachment-full size-full wp-image-59\" alt=\"technik reklamy\" srcset=\"https:\/\/student.tzn.dg.pl\/newtzn\/wp-content\/uploads\/2026\/03\/technik-reklamy-scaled.png 2560w, https:\/\/student.tzn.dg.pl\/newtzn\/wp-content\/uploads\/2026\/03\/technik-reklamy-300x300.png 300w, https:\/\/student.tzn.dg.pl\/newtzn\/wp-content\/uploads\/2026\/03\/technik-reklamy-1024x1024.png 1024w, https:\/\/student.tzn.dg.pl\/newtzn\/wp-content\/uploads\/2026\/03\/technik-reklamy-150x150.png 150w, https:\/\/student.tzn.dg.pl\/newtzn\/wp-content\/uploads\/2026\/03\/technik-reklamy-768x768.png 768w, https:\/\/student.tzn.dg.pl\/newtzn\/wp-content\/uploads\/2026\/03\/technik-reklamy-1536x1536.png 1536w, https:\/\/student.tzn.dg.pl\/newtzn\/wp-content\/uploads\/2026\/03\/technik-reklamy-2048x2048.png 2048w\" sizes=\"(max-width: 2560px) 100vw, 2560px\" \/><\/figure><div class=\"elementor-image-box-content\"><h3 class=\"elementor-image-box-title\">TECHNIK REKLAMY<\/h3><\/div><\/div>\t\t\t\t<\/div>\n\t\t\t\t<div class=\"elementor-element elementor-element-516f4a0 elementor-widget elementor-widget-text-editor\" data-id=\"516f4a0\" data-element_type=\"widget\" data-e-type=\"widget\" data-widget_type=\"text-editor.default\">\n\t\t\t\t\t\t\t\t\t<p><strong>klasa 3o:<\/strong><\/p><p>13.10.2025-7.11.2025<\/p><p><strong>klasa 4o:<\/strong><\/p><p>4.05.2026-29.05.2026<\/p>\t\t\t\t\t\t\t\t<\/div>\n\t\t\t\t<\/div>\n\t\t<div class=\"elementor-element elementor-element-d3c8a89 e-con-full e-flex e-con e-child\" data-id=\"d3c8a89\" data-element_type=\"container\" data-e-type=\"container\">\n\t\t\t\t<div class=\"elementor-element elementor-element-65690bc elementor-position-top elementor-widget elementor-widget-image-box\" data-id=\"65690bc\" data-element_type=\"widget\" data-e-type=\"widget\" data-widget_type=\"image-box.default\">\n\t\t\t\t\t<div class=\"elementor-image-box-wrapper\"><figure class=\"elementor-image-box-img\"><img loading=\"lazy\" decoding=\"async\" width=\"2560\" height=\"2560\" src=\"https:\/\/student.tzn.dg.pl\/newtzn\/wp-content\/uploads\/2026\/03\/technik-robotyk-scaled.png\" class=\"attachment-full size-full wp-image-60\" alt=\"technik robotyk\" srcset=\"https:\/\/student.tzn.dg.pl\/newtzn\/wp-content\/uploads\/2026\/03\/technik-robotyk-scaled.png 2560w, https:\/\/student.tzn.dg.pl\/newtzn\/wp-content\/uploads\/2026\/03\/technik-robotyk-300x300.png 300w, https:\/\/student.tzn.dg.pl\/newtzn\/wp-content\/uploads\/2026\/03\/technik-robotyk-1024x1024.png 1024w, https:\/\/student.tzn.dg.pl\/newtzn\/wp-content\/uploads\/2026\/03\/technik-robotyk-150x150.png 150w, https:\/\/student.tzn.dg.pl\/newtzn\/wp-content\/uploads\/2026\/03\/technik-robotyk-768x768.png 768w, https:\/\/student.tzn.dg.pl\/newtzn\/wp-content\/uploads\/2026\/03\/technik-robotyk-1536x1536.png 1536w, https:\/\/student.tzn.dg.pl\/newtzn\/wp-content\/uploads\/2026\/03\/technik-robotyk-2048x2048.png 2048w\" sizes=\"(max-width: 2560px) 100vw, 2560px\" \/><\/figure><div class=\"elementor-image-box-content\"><h3 class=\"elementor-image-box-title\">TECHNIK ROBOTYK<\/h3><\/div><\/div>\t\t\t\t<\/div>\n\t\t\t\t<div class=\"elementor-element elementor-element-0d470a4 elementor-widget elementor-widget-text-editor\" data-id=\"0d470a4\" data-element_type=\"widget\" data-e-type=\"widget\" data-widget_type=\"text-editor.default\">\n\t\t\t\t\t\t\t\t\t<p><strong>klasa 4 ur:<\/strong><\/p><p>13.10.2025-7.11.2025<\/p><p><strong>klasa 3br:<\/strong><\/p><p>17.11.2025-12.12.2025<\/p>\t\t\t\t\t\t\t\t<\/div>\n\t\t\t\t<\/div>\n\t\t\t\t\t<\/div>\n\t\t\t\t<\/div>\n\t\t\t\t<\/div>\n\t\t","protected":false},"excerpt":{"rendered":"<p>Praktyki zawodowe s\u0105 wa\u017cnym elementem kszta\u0142cenia w technikum. Umo\u017cliwiaj\u0105 zdobycie do\u015bwiadczenia w rzeczywistych warunkach pracy oraz zastosowanie wiedzy i umiej\u0119tno\u015bci zdobytych podczas nauki w szkole.W trakcie nauki ka\u017cdy ucze\u0144 odbywa obowi\u0105zkowe praktyki zawodowe w wymiarze 2 \u00d7 4 tygodnie, realizowane u pracodawc\u00f3w zgodnie z kierunkiem kszta\u0142cenia. HARMONOGRAM PRAKTYK ZAWODOWYCH W ROKU SZKOLNYM 2025\/2026 REGULAMIN PRAKTYK &#8230; <a title=\"PRAKTYKI ZAWODOWE\" class=\"read-more\" href=\"https:\/\/student.tzn.dg.pl\/newtzn\/?page_id=737\" aria-label=\"Dowiedz si\u0119 wi\u0119cej o PRAKTYKI ZAWODOWE\">Dowiedz si\u0119 wi\u0119cej<\/a><\/p>\n","protected":false},"author":2,"featured_media":0,"parent":0,"menu_order":0,"comment_status":"closed","ping_status":"closed","template":"","meta":{"footnotes":""},"class_list":["post-737","page","type-page","status-publish"],"_links":{"self":[{"href":"https:\/\/student.tzn.dg.pl\/newtzn\/index.php?rest_route=\/wp\/v2\/pages\/737","targetHints":{"allow":["GET"]}}],"collection":[{"href":"https:\/\/student.tzn.dg.pl\/newtzn\/index.php?rest_route=\/wp\/v2\/pages"}],"about":[{"href":"https:\/\/student.tzn.dg.pl\/newtzn\/index.php?rest_route=\/wp\/v2\/types\/page"}],"author":[{"embeddable":true,"href":"https:\/\/student.tzn.dg.pl\/newtzn\/index.php?rest_route=\/wp\/v2\/users\/2"}],"replies":[{"embeddable":true,"href":"https:\/\/student.tzn.dg.pl\/newtzn\/index.php?rest_route=%2Fwp%2Fv2%2Fcomments&post=737"}],"version-history":[{"count":43,"href":"https:\/\/student.tzn.dg.pl\/newtzn\/index.php?rest_route=\/wp\/v2\/pages\/737\/revisions"}],"predecessor-version":[{"id":868,"href":"https:\/\/student.tzn.dg.pl\/newtzn\/index.php?rest_route=\/wp\/v2\/pages\/737\/revisions\/868"}],"wp:attachment":[{"href":"https:\/\/student.tzn.dg.pl\/newtzn\/index.php?rest_route=%2Fwp%2Fv2%2Fmedia&parent=737"}],"curies":[{"name":"wp","href":"https:\/\/api.w.org\/{rel}","templated":true}]}}