{"id":729,"date":"2026-04-02T21:45:37","date_gmt":"2026-04-02T19:45:37","guid":{"rendered":"https:\/\/student.tzn.dg.pl\/newtzn\/?page_id=729"},"modified":"2026-04-02T21:54:24","modified_gmt":"2026-04-02T19:54:24","slug":"cyfrowa_legitymacja_szkolna","status":"publish","type":"page","link":"https:\/\/student.tzn.dg.pl\/newtzn\/?page_id=729","title":{"rendered":"CYFROWA LEGITYMACJA SZKOLNA"},"content":{"rendered":"\t\t<div data-elementor-type=\"wp-page\" data-elementor-id=\"729\" class=\"elementor elementor-729\">\n\t\t\t\t<div class=\"elementor-element elementor-element-c15e320 e-flex e-con-boxed e-con e-parent\" data-id=\"c15e320\" data-element_type=\"container\" data-e-type=\"container\">\n\t\t\t\t\t<div class=\"e-con-inner\">\n\t\t\t\t<div class=\"elementor-element elementor-element-29fd08a elementor-widget elementor-widget-heading\" data-id=\"29fd08a\" data-element_type=\"widget\" data-e-type=\"widget\" data-widget_type=\"heading.default\">\n\t\t\t\t\t<h3 class=\"elementor-heading-title elementor-size-default\">mObywatel Junior \u2013 cyfrowa legitymacja szkolna<\/h3>\t\t\t\t<\/div>\n\t\t\t\t<div class=\"elementor-element elementor-element-c3d1ceb elementor-widget elementor-widget-text-editor\" data-id=\"c3d1ceb\" data-element_type=\"widget\" data-e-type=\"widget\" data-widget_type=\"text-editor.default\">\n\t\t\t\t\t\t\t\t\t<p>Aktywuj sw\u00f3j profil, szybko dodaj legitymacj\u0119 szkoln\u0105 do aplikacji i wygodnie korzystaj z niej na co dzie\u0144.<\/p><p>Od wrze\u015bnia 2025 roku uczniowie naszej szko\u0142y mog\u0105 korzysta\u0107 z nowej wersji rz\u0105dowej aplikacji mObywatel Junior.<br \/>To bezpieczne i nowoczesne rozwi\u0105zanie, dzi\u0119ki kt\u00f3remu legitymacja szkolna zawsze b\u0119dzie pod r\u0119k\u0105 \u2013 w telefonie!<\/p><ul><li>Legitymacja szkolna dost\u0119pna w aplikacji.<\/li><li>Dost\u0119p chroniony jest kodem PIN, bez reklam i niepo\u017c\u0105danych tre\u015bci.<\/li><li>Nigdy si\u0119 nie zgubi \u2013 nawet je\u015bli dziecko nie ma przy sobie plastikowej wersji.<\/li><li>Mo\u017cliwo\u015b\u0107 dodania legitymacji dziecka tak\u017ce w aplikacji rodzica.<\/li><\/ul>\t\t\t\t\t\t\t\t<\/div>\n\t\t\t\t\t<\/div>\n\t\t\t\t<\/div>\n\t\t<div class=\"elementor-element elementor-element-045497d e-flex e-con-boxed e-con e-parent\" data-id=\"045497d\" data-element_type=\"container\" data-e-type=\"container\">\n\t\t\t\t\t<div class=\"e-con-inner\">\n\t\t\t\t<div class=\"elementor-element elementor-element-c266dc0 elementor-widget-divider--view-line elementor-widget elementor-widget-divider\" data-id=\"c266dc0\" data-element_type=\"widget\" data-e-type=\"widget\" data-widget_type=\"divider.default\">\n\t\t\t\t\t\t\t<div class=\"elementor-divider\">\n\t\t\t<span class=\"elementor-divider-separator\">\n\t\t\t\t\t\t<\/span>\n\t\t<\/div>\n\t\t\t\t\t\t<\/div>\n\t\t\t\t\t<\/div>\n\t\t\t\t<\/div>\n\t\t<div class=\"elementor-element elementor-element-22e1191 e-flex e-con-boxed e-con e-parent\" data-id=\"22e1191\" data-element_type=\"container\" data-e-type=\"container\">\n\t\t\t\t\t<div class=\"e-con-inner\">\n\t\t<div class=\"elementor-element elementor-element-974e7ef e-con-full e-flex e-con e-child\" data-id=\"974e7ef\" data-element_type=\"container\" data-e-type=\"container\">\n\t\t\t\t<div class=\"elementor-element elementor-element-b300048 elementor-widget elementor-widget-image\" data-id=\"b300048\" data-element_type=\"widget\" data-e-type=\"widget\" data-widget_type=\"image.default\">\n\t\t\t\t\t\t\t\t\t\t\t\t\t\t\t<img fetchpriority=\"high\" decoding=\"async\" width=\"300\" height=\"251\" src=\"https:\/\/student.tzn.dg.pl\/newtzn\/wp-content\/uploads\/2026\/04\/cyfrowa-legitymacja-szkolna-FB-TZN-300x251.jpg\" class=\"attachment-medium size-medium wp-image-731\" alt=\"cyfrowa legitymacja szkolna\" srcset=\"https:\/\/student.tzn.dg.pl\/newtzn\/wp-content\/uploads\/2026\/04\/cyfrowa-legitymacja-szkolna-FB-TZN-300x251.jpg 300w, https:\/\/student.tzn.dg.pl\/newtzn\/wp-content\/uploads\/2026\/04\/cyfrowa-legitymacja-szkolna-FB-TZN-1024x858.jpg 1024w, https:\/\/student.tzn.dg.pl\/newtzn\/wp-content\/uploads\/2026\/04\/cyfrowa-legitymacja-szkolna-FB-TZN-768x644.jpg 768w, https:\/\/student.tzn.dg.pl\/newtzn\/wp-content\/uploads\/2026\/04\/cyfrowa-legitymacja-szkolna-FB-TZN-1536x1288.jpg 1536w, https:\/\/student.tzn.dg.pl\/newtzn\/wp-content\/uploads\/2026\/04\/cyfrowa-legitymacja-szkolna-FB-TZN.jpg 1880w\" sizes=\"(max-width: 300px) 100vw, 300px\" \/>\t\t\t\t\t\t\t\t\t\t\t\t\t\t\t<\/div>\n\t\t\t\t<div class=\"elementor-element elementor-element-7d3e9e3 elementor-align-justify elementor-widget elementor-widget-button\" data-id=\"7d3e9e3\" data-element_type=\"widget\" data-e-type=\"widget\" data-widget_type=\"button.default\">\n\t\t\t\t\t\t\t\t\t\t<a class=\"elementor-button elementor-button-link elementor-size-sm\" href=\"https:\/\/student.tzn.dg.pl\/newtzn\/wp-content\/uploads\/2026\/04\/Informator-mObywatel-Junior-68babbeaa18f9-1.pdf\" target=\"_blank\">\n\t\t\t\t\t\t<span class=\"elementor-button-content-wrapper\">\n\t\t\t\t\t\t\t\t\t<span class=\"elementor-button-text\">OTW\u00d3RZ INFORMATOR<\/span>\n\t\t\t\t\t<\/span>\n\t\t\t\t\t<\/a>\n\t\t\t\t\t\t\t\t<\/div>\n\t\t\t\t<\/div>\n\t\t<div class=\"elementor-element elementor-element-bfd91d6 e-con-full e-flex e-con e-child\" data-id=\"bfd91d6\" data-element_type=\"container\" data-e-type=\"container\">\n\t\t\t\t<div class=\"elementor-element elementor-element-30a9176 elementor-widget elementor-widget-heading\" data-id=\"30a9176\" data-element_type=\"widget\" data-e-type=\"widget\" data-widget_type=\"heading.default\">\n\t\t\t\t\t<h3 class=\"elementor-heading-title elementor-size-default\">JAK ZACZ\u0104\u0106?<\/h3>\t\t\t\t<\/div>\n\t\t\t\t<div class=\"elementor-element elementor-element-6c9ac54 elementor-widget elementor-widget-text-editor\" data-id=\"6c9ac54\" data-element_type=\"widget\" data-e-type=\"widget\" data-widget_type=\"text-editor.default\">\n\t\t\t\t\t\t\t\t\t<ol><li>Pobierz aplikacj\u0119 mObywatel ze sklepu Google Play lub App Store.<\/li><li>Wybierz opcj\u0119 mObywatel Junior i ustaw w\u0142asny PIN.<\/li><li>Zaloguj si\u0119 do Zintegrowanej Platformy Edukacyjnej (ZPE) i wygeneruj kod QR. Wpisz login i has\u0142o przekazane Ci przez szko\u0142\u0119. Je\u015bli nie posiadasz tych danych, zg\u0142o\u015b si\u0119 do sekretariatu pawilon B.<\/li><li>Zeskanuj kod w aplikacji i gotowe \u2013 legitymacja dzia\u0142a!<\/li><\/ol>\t\t\t\t\t\t\t\t<\/div>\n\t\t\t\t<div class=\"elementor-element elementor-element-e94a6a7 elementor-widget elementor-widget-text-editor\" data-id=\"e94a6a7\" data-element_type=\"widget\" data-e-type=\"widget\" data-widget_type=\"text-editor.default\">\n\t\t\t\t\t\t\t\t\t<p>Dane uczni\u00f3w wprowadza szko\u0142a do Systemu Informacji O\u015bwiatowej (SIO).<br \/>Dost\u0119p do kodu QR pojawi si\u0119 dopiero po zatwierdzeniu danych w systemie.<\/p>\t\t\t\t\t\t\t\t<\/div>\n\t\t\t\t<\/div>\n\t\t\t\t\t<\/div>\n\t\t\t\t<\/div>\n\t\t\t\t<\/div>\n\t\t","protected":false},"excerpt":{"rendered":"<p>mObywatel Junior \u2013 cyfrowa legitymacja szkolna Aktywuj sw\u00f3j profil, szybko dodaj legitymacj\u0119 szkoln\u0105 do aplikacji i wygodnie korzystaj z niej na co dzie\u0144. Od wrze\u015bnia 2025 roku uczniowie naszej szko\u0142y mog\u0105 korzysta\u0107 z nowej wersji rz\u0105dowej aplikacji mObywatel Junior.To bezpieczne i nowoczesne rozwi\u0105zanie, dzi\u0119ki kt\u00f3remu legitymacja szkolna zawsze b\u0119dzie pod r\u0119k\u0105 \u2013 w telefonie! Legitymacja &#8230; <a title=\"CYFROWA LEGITYMACJA SZKOLNA\" class=\"read-more\" href=\"https:\/\/student.tzn.dg.pl\/newtzn\/?page_id=729\" aria-label=\"Dowiedz si\u0119 wi\u0119cej o CYFROWA LEGITYMACJA SZKOLNA\">Dowiedz si\u0119 wi\u0119cej<\/a><\/p>\n","protected":false},"author":2,"featured_media":0,"parent":0,"menu_order":0,"comment_status":"closed","ping_status":"closed","template":"","meta":{"footnotes":""},"class_list":["post-729","page","type-page","status-publish"],"_links":{"self":[{"href":"https:\/\/student.tzn.dg.pl\/newtzn\/index.php?rest_route=\/wp\/v2\/pages\/729","targetHints":{"allow":["GET"]}}],"collection":[{"href":"https:\/\/student.tzn.dg.pl\/newtzn\/index.php?rest_route=\/wp\/v2\/pages"}],"about":[{"href":"https:\/\/student.tzn.dg.pl\/newtzn\/index.php?rest_route=\/wp\/v2\/types\/page"}],"author":[{"embeddable":true,"href":"https:\/\/student.tzn.dg.pl\/newtzn\/index.php?rest_route=\/wp\/v2\/users\/2"}],"replies":[{"embeddable":true,"href":"https:\/\/student.tzn.dg.pl\/newtzn\/index.php?rest_route=%2Fwp%2Fv2%2Fcomments&post=729"}],"version-history":[{"count":5,"href":"https:\/\/student.tzn.dg.pl\/newtzn\/index.php?rest_route=\/wp\/v2\/pages\/729\/revisions"}],"predecessor-version":[{"id":771,"href":"https:\/\/student.tzn.dg.pl\/newtzn\/index.php?rest_route=\/wp\/v2\/pages\/729\/revisions\/771"}],"wp:attachment":[{"href":"https:\/\/student.tzn.dg.pl\/newtzn\/index.php?rest_route=%2Fwp%2Fv2%2Fmedia&parent=729"}],"curies":[{"name":"wp","href":"https:\/\/api.w.org\/{rel}","templated":true}]}}