{"id":611,"date":"2026-04-02T16:57:56","date_gmt":"2026-04-02T14:57:56","guid":{"rendered":"https:\/\/student.tzn.dg.pl\/newtzn\/?page_id=611"},"modified":"2026-04-02T21:09:42","modified_gmt":"2026-04-02T19:09:42","slug":"dlaczego-warto-wybrac-technikum","status":"publish","type":"page","link":"https:\/\/student.tzn.dg.pl\/newtzn\/?page_id=611","title":{"rendered":"DLACZEGO WARTO WYBRA\u0106 TECHNIKUM?"},"content":{"rendered":"\t\t<div data-elementor-type=\"wp-page\" data-elementor-id=\"611\" class=\"elementor elementor-611\">\n\t\t\t\t<div class=\"elementor-element elementor-element-eaee482 e-flex e-con-boxed e-con e-parent\" data-id=\"eaee482\" data-element_type=\"container\" data-e-type=\"container\" data-settings=\"{&quot;background_background&quot;:&quot;classic&quot;}\">\n\t\t\t\t\t<div class=\"e-con-inner\">\n\t\t\t\t<div class=\"elementor-element elementor-element-964232d elementor-widget elementor-widget-heading\" data-id=\"964232d\" data-element_type=\"widget\" data-e-type=\"widget\" data-widget_type=\"heading.default\">\n\t\t\t\t\t<h3 class=\"elementor-heading-title elementor-size-default\">Wyb\u00f3r szko\u0142y to wyb\u00f3r przysz\u0142o\u015bci<\/h3>\t\t\t\t<\/div>\n\t\t\t\t\t<\/div>\n\t\t\t\t<\/div>\n\t\t<div class=\"elementor-element elementor-element-1de54a1 e-flex e-con-boxed e-con e-parent\" data-id=\"1de54a1\" data-element_type=\"container\" data-e-type=\"container\">\n\t\t\t\t\t<div class=\"e-con-inner\">\n\t\t\t\t<div class=\"elementor-element elementor-element-c3d1ceb elementor-widget elementor-widget-text-editor\" data-id=\"c3d1ceb\" data-element_type=\"widget\" data-e-type=\"widget\" data-widget_type=\"text-editor.default\">\n\t\t\t\t\t\t\t\t\t<p data-start=\"289\" data-end=\"335\"><strong>Kandydacie!<\/strong><br data-start=\"300\" data-end=\"303\" \/><strong>Sukces zawodowy osi\u0105ga ten, kto:<\/strong><\/p><ul data-start=\"337\" data-end=\"477\"><li data-section-id=\"1y6tsd\" data-start=\"337\" data-end=\"375\">potrafi po\u0142\u0105czy\u0107 teori\u0119 z praktyk\u0105<\/li><li data-section-id=\"1etb8y4\" data-start=\"376\" data-end=\"417\">rozwija swoje zainteresowania i pasje<\/li><li data-section-id=\"14q70cc\" data-start=\"418\" data-end=\"477\">zdobywa konkretne umiej\u0119tno\u015bci potrzebne na rynku pracy<\/li><\/ul>\t\t\t\t\t\t\t\t<\/div>\n\t\t\t\t\t<\/div>\n\t\t\t\t<\/div>\n\t\t<div class=\"elementor-element elementor-element-6385f9e e-flex e-con-boxed e-con e-parent\" data-id=\"6385f9e\" data-element_type=\"container\" data-e-type=\"container\" data-settings=\"{&quot;background_background&quot;:&quot;classic&quot;}\">\n\t\t\t\t\t<div class=\"e-con-inner\">\n\t\t\t\t<div class=\"elementor-element elementor-element-c224904 elementor-widget elementor-widget-heading\" data-id=\"c224904\" data-element_type=\"widget\" data-e-type=\"widget\" data-widget_type=\"heading.default\">\n\t\t\t\t\t<h3 class=\"elementor-heading-title elementor-size-default\">Rynek pracy potrzebuje fachowc\u00f3w<\/h3>\t\t\t\t<\/div>\n\t\t\t\t\t<\/div>\n\t\t\t\t<\/div>\n\t\t<div class=\"elementor-element elementor-element-53c9503 e-flex e-con-boxed e-con e-parent\" data-id=\"53c9503\" data-element_type=\"container\" data-e-type=\"container\">\n\t\t\t\t\t<div class=\"e-con-inner\">\n\t\t\t\t<div class=\"elementor-element elementor-element-e2c4ca3 elementor-widget elementor-widget-text-editor\" data-id=\"e2c4ca3\" data-element_type=\"widget\" data-e-type=\"widget\" data-widget_type=\"text-editor.default\">\n\t\t\t\t\t\t\t\t\t<p>Analizy G\u0142\u00f3wny Urz\u0105d Statystyczny oraz prognozy Ministerstwo Edukacji Narodowej pokazuj\u0105 wyra\u017anie:<\/p><ul><li>ro\u015bnie zapotrzebowanie na specjalist\u00f3w technicznych<\/li><li>brakuje wykwalifikowanych pracownik\u00f3w w wielu zawodach<\/li><li>osoby z konkretnymi umiej\u0119tno\u015bciami szybciej znajduj\u0105 prac\u0119<\/li><\/ul><p>Dane rynku pracy (BAEL \u2013 GUS) wskazuj\u0105, \u017ce osoby z wykszta\u0142ceniem zawodowym i technicznym maj\u0105 ni\u017csze bezrobocie ni\u017c osoby z wykszta\u0142ceniem og\u00f3lnym<\/p><p>Wniosek jest prosty: <strong>umiej\u0119tno\u015bci praktyczne zwi\u0119kszaj\u0105 Twoje szanse na rynku pracy!<\/strong><\/p>\t\t\t\t\t\t\t\t<\/div>\n\t\t\t\t\t<\/div>\n\t\t\t\t<\/div>\n\t\t<div class=\"elementor-element elementor-element-f652a17 e-flex e-con-boxed e-con e-parent\" data-id=\"f652a17\" data-element_type=\"container\" data-e-type=\"container\" data-settings=\"{&quot;background_background&quot;:&quot;classic&quot;}\">\n\t\t\t\t\t<div class=\"e-con-inner\">\n\t\t\t\t<div class=\"elementor-element elementor-element-e1b4d1d elementor-widget elementor-widget-heading\" data-id=\"e1b4d1d\" data-element_type=\"widget\" data-e-type=\"widget\" data-widget_type=\"heading.default\">\n\t\t\t\t\t<h3 class=\"elementor-heading-title elementor-size-default\">Technikum = zaw\u00f3d + matura + do\u015bwiadczenie<\/h3>\t\t\t\t<\/div>\n\t\t\t\t\t<\/div>\n\t\t\t\t<\/div>\n\t\t<div class=\"elementor-element elementor-element-86cb53f e-flex e-con-boxed e-con e-parent\" data-id=\"86cb53f\" data-element_type=\"container\" data-e-type=\"container\">\n\t\t\t\t\t<div class=\"e-con-inner\">\n\t\t\t\t<div class=\"elementor-element elementor-element-3078ae1 elementor-widget elementor-widget-text-editor\" data-id=\"3078ae1\" data-element_type=\"widget\" data-e-type=\"widget\" data-widget_type=\"text-editor.default\">\n\t\t\t\t\t\t\t\t\t<p data-start=\"1527\" data-end=\"1586\">Raporty <span class=\"hover:entity-accent entity-underline inline cursor-pointer align-baseline\"><span class=\"whitespace-normal\">Instytutu Bada\u0144 Edukacyjnych<\/span><\/span> pokazuj\u0105, \u017ce:<\/p><ul data-start=\"1588\" data-end=\"1790\"><li data-section-id=\"4a62md\" data-start=\"1588\" data-end=\"1645\">absolwenci technik\u00f3w szybciej znajduj\u0105 pierwsz\u0105 prac\u0119<\/li><li data-section-id=\"11l2b6g\" data-start=\"1646\" data-end=\"1714\">posiadanie dyplomu zawodowego skraca czas wej\u015bcia na rynek pracy<\/li><li data-section-id=\"1vylyg1\" data-start=\"1715\" data-end=\"1790\">uczniowie technik\u00f3w maj\u0105 wi\u0119cej mo\u017cliwo\u015bci: mog\u0105 pracowa\u0107 lub studiowa\u0107<\/li><\/ul>\t\t\t\t\t\t\t\t<\/div>\n\t\t\t\t\t<\/div>\n\t\t\t\t<\/div>\n\t\t<div class=\"elementor-element elementor-element-84692ef e-flex e-con-boxed e-con e-parent\" data-id=\"84692ef\" data-element_type=\"container\" data-e-type=\"container\" data-settings=\"{&quot;background_background&quot;:&quot;classic&quot;}\">\n\t\t\t\t\t<div class=\"e-con-inner\">\n\t\t\t\t<div class=\"elementor-element elementor-element-c38c68b elementor-widget elementor-widget-heading\" data-id=\"c38c68b\" data-element_type=\"widget\" data-e-type=\"widget\" data-widget_type=\"heading.default\">\n\t\t\t\t\t<h3 class=\"elementor-heading-title elementor-size-default\">Co m\u00f3wi\u0105 pracodawcy?<\/h3>\t\t\t\t<\/div>\n\t\t\t\t\t<\/div>\n\t\t\t\t<\/div>\n\t\t<div class=\"elementor-element elementor-element-4b8c4ef e-flex e-con-boxed e-con e-parent\" data-id=\"4b8c4ef\" data-element_type=\"container\" data-e-type=\"container\">\n\t\t\t\t\t<div class=\"e-con-inner\">\n\t\t<div class=\"elementor-element elementor-element-237466b e-con-full e-flex e-con e-child\" data-id=\"237466b\" data-element_type=\"container\" data-e-type=\"container\">\n\t\t\t\t<div class=\"elementor-element elementor-element-9e1af3e elementor-widget elementor-widget-text-editor\" data-id=\"9e1af3e\" data-element_type=\"widget\" data-e-type=\"widget\" data-widget_type=\"text-editor.default\">\n\t\t\t\t\t\t\t\t\t<p data-start=\"1879\" data-end=\"1913\"><strong>Pracodawcy szukaj\u0105 os\u00f3b, kt\u00f3re:<\/strong><\/p><ul data-start=\"1914\" data-end=\"2040\"><li data-section-id=\"1t77gjw\" data-start=\"1914\" data-end=\"1950\">posiadaj\u0105 konkretne umiej\u0119tno\u015bci<\/li><li data-section-id=\"7osgu6\" data-start=\"1951\" data-end=\"1998\">maj\u0105 do\u015bwiadczenie (nawet zdobyte w szkole)<\/li><li data-section-id=\"1l4j6pl\" data-start=\"1999\" data-end=\"2040\">s\u0105 gotowe do pracy od pierwszego dnia<\/li><\/ul>\t\t\t\t\t\t\t\t<\/div>\n\t\t\t\t<\/div>\n\t\t<div class=\"elementor-element elementor-element-2b1e1c7 e-con-full e-flex e-con e-child\" data-id=\"2b1e1c7\" data-element_type=\"container\" data-e-type=\"container\">\n\t\t\t\t<div class=\"elementor-element elementor-element-5313256 elementor-widget elementor-widget-text-editor\" data-id=\"5313256\" data-element_type=\"widget\" data-e-type=\"widget\" data-widget_type=\"text-editor.default\">\n\t\t\t\t\t\t\t\t\t<p><strong style=\"font-size: inherit;\">Prognozy rynku pracy<\/strong><span style=\"font-size: inherit;\"> (np. Barometr Zawod\u00f3w) wskazuj\u0105 na sta\u0142e zapotrzebowanie m.in. na:<\/span><\/p><ul data-start=\"2133\" data-end=\"2193\"><li data-section-id=\"ylcugv\" data-start=\"2147\" data-end=\"2161\">elektryk\u00f3w<\/li><li data-section-id=\"778m9u\" data-start=\"2162\" data-end=\"2176\">mechanik\u00f3w<\/li><li data-section-id=\"1kbnid6\" data-start=\"2177\" data-end=\"2193\">informatyk\u00f3w<\/li><\/ul>\t\t\t\t\t\t\t\t<\/div>\n\t\t\t\t<\/div>\n\t\t\t\t\t<\/div>\n\t\t\t\t<\/div>\n\t\t<div class=\"elementor-element elementor-element-a98352a e-flex e-con-boxed e-con e-parent\" data-id=\"a98352a\" data-element_type=\"container\" data-e-type=\"container\" data-settings=\"{&quot;background_background&quot;:&quot;classic&quot;}\">\n\t\t\t\t\t<div class=\"e-con-inner\">\n\t\t\t\t<div class=\"elementor-element elementor-element-741d6c8 elementor-widget elementor-widget-heading\" data-id=\"741d6c8\" data-element_type=\"widget\" data-e-type=\"widget\" data-widget_type=\"heading.default\">\n\t\t\t\t\t<h3 class=\"elementor-heading-title elementor-size-default\">Czym si\u0119 r\u00f3\u017cni nauka w liceum od nauki w technikum?<\/h3>\t\t\t\t<\/div>\n\t\t\t\t\t<\/div>\n\t\t\t\t<\/div>\n\t\t<div class=\"elementor-element elementor-element-3f0fd77 e-flex e-con-boxed e-con e-parent\" data-id=\"3f0fd77\" data-element_type=\"container\" data-e-type=\"container\">\n\t\t\t\t\t<div class=\"e-con-inner\">\n\t\t\t\t<div class=\"elementor-element elementor-element-c3b8d25 elementor-widget-mobile__width-initial elementor-widget elementor-widget-eael-advanced-data-table\" data-id=\"c3b8d25\" data-element_type=\"widget\" data-e-type=\"widget\" data-widget_type=\"eael-advanced-data-table.default\">\n\t\t\t\t\t<div class=\"ea-advanced-data-table-wrap\" data-id=\"c3b8d25\"><div class=\"ea-advanced-data-table-wrap-inner\">\n                <table class=\"ea-advanced-data-table ea-advanced-data-table-static ea-advanced-data-table-c3b8d25\" data-id=\"c3b8d25\"><thead><tr><th><p>KRYTERIUM<\/p><\/th><th><p>LICEUM<\/p><\/th><th><p>TECHNIKUM<\/p><\/th><\/tr><\/thead><tbody><tr><td><p><strong>Czas nauki<\/strong><\/p><\/td><td><p>4 lata<\/p><\/td><td><p>5 lat<\/p><\/td><\/tr><tr><td><p><strong>Program nauczania<\/strong><\/p><\/td><td><p>przedmioty og\u00f3lnokszta\u0142c\u0105ce<\/p><\/td><td><p>przedmioty og\u00f3lnokszta\u0142c\u0105ce + zawodowe<\/p><\/td><\/tr><tr><td><p><strong>Przygotowanie<\/strong><\/p><\/td><td><p>g\u0142\u00f3wnie do matury<\/p><\/td><td><p>do matury + zawodu<\/p><\/td><\/tr><tr><td><p><strong>Matura<\/strong><\/p><\/td><td><p>tak<\/p><\/td><td><p>tak<\/p><\/td><\/tr><tr><td><p><strong>Zaw\u00f3d<\/strong><\/p><\/td><td><p>-<\/p><\/td><td><p>tak<\/p><\/td><\/tr><tr><td><p><strong>Kwalifikacje<\/strong><\/p><\/td><td><p>-<\/p><\/td><td><p>dwie kwalifikacje zwodowe<\/p><\/td><\/tr><tr><td><p><strong>Praktyki zawodowe<\/strong><\/p><\/td><td><p>-<\/p><\/td><td><p>obowi\u0105zkowe<\/p><p>(2x 4 tygodnie)<\/p><\/td><\/tr><tr><td><p><strong>Do\u015bwiadczenie<\/strong><\/p><\/td><td><p>-<\/p><\/td><td><p>ju\u017c w trakcie nauki<\/p><\/td><\/tr><tr><td><p><strong>Mo\u017cliwo\u015b\u0107 pracy po szkole<\/strong><\/p><\/td><td><p>ograniczona<\/p><\/td><td><p>mo\u017cliwa od razu<\/p><\/td><\/tr><tr><td><p><strong>Mo\u017cliwo\u015b\u0107 podj\u0119cia studi\u00f3w<\/strong><\/p><\/td><td><p>tak<\/p><\/td><td><p>tak<\/p><\/td><\/tr><tr><td><p><strong>Start na rynku pracy<\/strong><\/p><\/td><td><p>trudniejszy<\/p><\/td><td><p>\u0142atwiejszy<\/p><\/td><\/tr><tr><td><p><strong>WNIOSEK<\/strong><\/p><\/td><td><p>szybciej ko\u0144czysz szko\u0142\u0119,<\/p><p>ale nie masz zawodu ani do\u015bwiadczenia<\/p><\/td><td><p>uczysz si\u0119 rok d\u0142u\u017cej,<\/p><p>ale wychodzisz ze szko\u0142y z <strong>konkretnym zawodem i wi\u0119kszymi mo\u017cliwo\u015bciami<\/strong><\/p><\/td><\/tr><\/tbody><\/table>\n            <\/div><\/div>\t\t\t\t<\/div>\n\t\t\t\t\t<\/div>\n\t\t\t\t<\/div>\n\t\t<div class=\"elementor-element elementor-element-ad7bb96 e-flex e-con-boxed e-con e-parent\" data-id=\"ad7bb96\" data-element_type=\"container\" data-e-type=\"container\" data-settings=\"{&quot;background_background&quot;:&quot;classic&quot;}\">\n\t\t\t\t\t<div class=\"e-con-inner\">\n\t\t\t\t<div class=\"elementor-element elementor-element-2a8ceec elementor-widget elementor-widget-heading\" data-id=\"2a8ceec\" data-element_type=\"widget\" data-e-type=\"widget\" data-widget_type=\"heading.default\">\n\t\t\t\t\t<h3 class=\"elementor-heading-title elementor-size-default\">Dlaczego Techniczne Zak\u0142ady Naukowe?<\/h3>\t\t\t\t<\/div>\n\t\t\t\t\t<\/div>\n\t\t\t\t<\/div>\n\t\t<div class=\"elementor-element elementor-element-c5eb628 e-flex e-con-boxed e-con e-parent\" data-id=\"c5eb628\" data-element_type=\"container\" data-e-type=\"container\">\n\t\t\t\t\t<div class=\"e-con-inner\">\n\t\t<div class=\"elementor-element elementor-element-69ccb14 e-con-full e-flex e-con e-child\" data-id=\"69ccb14\" data-element_type=\"container\" data-e-type=\"container\">\n\t\t\t\t<div class=\"elementor-element elementor-element-a6f64d4 elementor-widget elementor-widget-text-editor\" data-id=\"a6f64d4\" data-element_type=\"widget\" data-e-type=\"widget\" data-widget_type=\"text-editor.default\">\n\t\t\t\t\t\t\t\t\t<p><strong>Nowoczesna edukacja:<\/strong><\/p><ul><li data-section-id=\"1oy4rx\" data-start=\"246\" data-end=\"277\">dobrze wyposa\u017cone pracownie<\/li><li data-section-id=\"1yx6os3\" data-start=\"278\" data-end=\"310\">po\u0142\u0105czenie teorii z praktyk\u0105<\/li><\/ul>\t\t\t\t\t\t\t\t<\/div>\n\t\t\t\t<\/div>\n\t\t<div class=\"elementor-element elementor-element-9ab505a e-con-full e-flex e-con e-child\" data-id=\"9ab505a\" data-element_type=\"container\" data-e-type=\"container\">\n\t\t\t\t<div class=\"elementor-element elementor-element-d5fc111 elementor-widget elementor-widget-text-editor\" data-id=\"d5fc111\" data-element_type=\"widget\" data-e-type=\"widget\" data-widget_type=\"text-editor.default\">\n\t\t\t\t\t\t\t\t\t<p><strong>Nauka zawodu:<\/strong><\/p><ul><li data-section-id=\"14qm7tr\" data-start=\"340\" data-end=\"381\">przygotowanie do egzamin\u00f3w zawodowych<\/li><li data-section-id=\"18f7rkn\" data-start=\"382\" data-end=\"412\">nauka w realnych warunkach<\/li><\/ul>\t\t\t\t\t\t\t\t<\/div>\n\t\t\t\t<\/div>\n\t\t<div class=\"elementor-element elementor-element-5482270 e-con-full e-flex e-con e-child\" data-id=\"5482270\" data-element_type=\"container\" data-e-type=\"container\">\n\t\t\t\t<div class=\"elementor-element elementor-element-a43e364 elementor-widget elementor-widget-text-editor\" data-id=\"a43e364\" data-element_type=\"widget\" data-e-type=\"widget\" data-widget_type=\"text-editor.default\">\n\t\t\t\t\t\t\t\t\t<p><strong>Rozw\u00f3j pasji:<\/strong><\/p><ul><li data-section-id=\"d13khg\" data-start=\"441\" data-end=\"467\">wsparcie zainteresowa\u0144<\/li><li data-section-id=\"1e4tboq\" data-start=\"468\" data-end=\"500\">zaj\u0119cia dodatkowe i projekty<\/li><\/ul>\t\t\t\t\t\t\t\t<\/div>\n\t\t\t\t<\/div>\n\t\t<div class=\"elementor-element elementor-element-1cb58aa e-con-full e-flex e-con e-child\" data-id=\"1cb58aa\" data-element_type=\"container\" data-e-type=\"container\">\n\t\t\t\t<div class=\"elementor-element elementor-element-598fe9b elementor-widget elementor-widget-text-editor\" data-id=\"598fe9b\" data-element_type=\"widget\" data-e-type=\"widget\" data-widget_type=\"text-editor.default\">\n\t\t\t\t\t\t\t\t\t<p><strong>Wsparcie i atmosfera:<\/strong><\/p><ul><li data-section-id=\"w5pcyz\" data-start=\"537\" data-end=\"575\">indywidualne podej\u015bcie nauczycieli<\/li><li data-section-id=\"1xnujdb\" data-start=\"576\" data-end=\"606\">przyjazne \u015brodowisko nauki<\/li><\/ul>\t\t\t\t\t\t\t\t<\/div>\n\t\t\t\t<\/div>\n\t\t<div class=\"elementor-element elementor-element-0a6dc3a e-con-full e-flex e-con e-child\" data-id=\"0a6dc3a\" data-element_type=\"container\" data-e-type=\"container\">\n\t\t\t\t<div class=\"elementor-element elementor-element-dc7bb03 elementor-widget elementor-widget-text-editor\" data-id=\"dc7bb03\" data-element_type=\"widget\" data-e-type=\"widget\" data-widget_type=\"text-editor.default\">\n\t\t\t\t\t\t\t\t\t<p><strong>Komfortowe warunki:<\/strong><\/p><ul><li data-section-id=\"1x8w89r\" data-start=\"641\" data-end=\"664\">dogodna lokalizacja<\/li><li data-section-id=\"1fn4ydh\" data-start=\"665\" data-end=\"708\">sala sportowa, si\u0142ownia, fitness<\/li><\/ul>\t\t\t\t\t\t\t\t<\/div>\n\t\t\t\t<\/div>\n\t\t<div class=\"elementor-element elementor-element-0efb5eb e-con-full e-flex e-con e-child\" data-id=\"0efb5eb\" data-element_type=\"container\" data-e-type=\"container\">\n\t\t\t\t<div class=\"elementor-element elementor-element-da6ed2f elementor-widget elementor-widget-text-editor\" data-id=\"da6ed2f\" data-element_type=\"widget\" data-e-type=\"widget\" data-widget_type=\"text-editor.default\">\n\t\t\t\t\t\t\t\t\t<p><strong>Przysz\u0142o\u015b\u0107 i mo\u017cliwo\u015bci:<\/strong><\/p><ul><li data-section-id=\"q9jo9t\" data-start=\"748\" data-end=\"767\">matura i studia<\/li><li data-section-id=\"1rtrg74\" data-start=\"768\" data-end=\"795\">zaw\u00f3d i praca po szkole<\/li><\/ul>\t\t\t\t\t\t\t\t<\/div>\n\t\t\t\t<\/div>\n\t\t\t\t\t<\/div>\n\t\t\t\t<\/div>\n\t\t\t\t<\/div>\n\t\t","protected":false},"excerpt":{"rendered":"<p>Wyb\u00f3r szko\u0142y to wyb\u00f3r przysz\u0142o\u015bci Kandydacie!Sukces zawodowy osi\u0105ga ten, kto: potrafi po\u0142\u0105czy\u0107 teori\u0119 z praktyk\u0105 rozwija swoje zainteresowania i pasje zdobywa konkretne umiej\u0119tno\u015bci potrzebne na rynku pracy Rynek pracy potrzebuje fachowc\u00f3w Analizy G\u0142\u00f3wny Urz\u0105d Statystyczny oraz prognozy Ministerstwo Edukacji Narodowej pokazuj\u0105 wyra\u017anie: ro\u015bnie zapotrzebowanie na specjalist\u00f3w technicznych brakuje wykwalifikowanych pracownik\u00f3w w wielu zawodach osoby z &#8230; <a title=\"DLACZEGO WARTO WYBRA\u0106 TECHNIKUM?\" class=\"read-more\" href=\"https:\/\/student.tzn.dg.pl\/newtzn\/?page_id=611\" aria-label=\"Dowiedz si\u0119 wi\u0119cej o DLACZEGO WARTO WYBRA\u0106 TECHNIKUM?\">Dowiedz si\u0119 wi\u0119cej<\/a><\/p>\n","protected":false},"author":2,"featured_media":0,"parent":0,"menu_order":0,"comment_status":"closed","ping_status":"closed","template":"","meta":{"footnotes":""},"class_list":["post-611","page","type-page","status-publish"],"_links":{"self":[{"href":"https:\/\/student.tzn.dg.pl\/newtzn\/index.php?rest_route=\/wp\/v2\/pages\/611","targetHints":{"allow":["GET"]}}],"collection":[{"href":"https:\/\/student.tzn.dg.pl\/newtzn\/index.php?rest_route=\/wp\/v2\/pages"}],"about":[{"href":"https:\/\/student.tzn.dg.pl\/newtzn\/index.php?rest_route=\/wp\/v2\/types\/page"}],"author":[{"embeddable":true,"href":"https:\/\/student.tzn.dg.pl\/newtzn\/index.php?rest_route=\/wp\/v2\/users\/2"}],"replies":[{"embeddable":true,"href":"https:\/\/student.tzn.dg.pl\/newtzn\/index.php?rest_route=%2Fwp%2Fv2%2Fcomments&post=611"}],"version-history":[{"count":82,"href":"https:\/\/student.tzn.dg.pl\/newtzn\/index.php?rest_route=\/wp\/v2\/pages\/611\/revisions"}],"predecessor-version":[{"id":698,"href":"https:\/\/student.tzn.dg.pl\/newtzn\/index.php?rest_route=\/wp\/v2\/pages\/611\/revisions\/698"}],"wp:attachment":[{"href":"https:\/\/student.tzn.dg.pl\/newtzn\/index.php?rest_route=%2Fwp%2Fv2%2Fmedia&parent=611"}],"curies":[{"name":"wp","href":"https:\/\/api.w.org\/{rel}","templated":true}]}}