{"id":421,"date":"2026-03-22T15:05:41","date_gmt":"2026-03-22T14:05:41","guid":{"rendered":"https:\/\/student.tzn.dg.pl\/newtzn\/?page_id=421"},"modified":"2026-03-22T15:27:30","modified_gmt":"2026-03-22T14:27:30","slug":"obiekty-sportowe","status":"publish","type":"page","link":"https:\/\/student.tzn.dg.pl\/newtzn\/?page_id=421","title":{"rendered":"OBIEKTY SPORTOWE"},"content":{"rendered":"\t\t<div data-elementor-type=\"wp-page\" data-elementor-id=\"421\" class=\"elementor elementor-421\">\n\t\t\t\t<div class=\"elementor-element elementor-element-1de54a1 e-flex e-con-boxed e-con e-parent\" data-id=\"1de54a1\" data-element_type=\"container\" data-e-type=\"container\">\n\t\t\t\t\t<div class=\"e-con-inner\">\n\t\t\t\t<div class=\"elementor-element elementor-element-c3d1ceb elementor-widget elementor-widget-text-editor\" data-id=\"c3d1ceb\" data-element_type=\"widget\" data-e-type=\"widget\" data-widget_type=\"text-editor.default\">\n\t\t\t\t\t\t\t\t\t<p>Techniczne Zak\u0142ady Naukowe w D\u0105browie G\u00f3rniczej dysponuj\u0105 nowoczesn\u0105 i szerok\u0105 baz\u0105 sportowo-rekreacyjn\u0105. Mo\u017cna ja podzieli\u0107 na obiekty sportowe zlokalizowane w pawilonie A i B (budynkach szkolnych).<\/p>\t\t\t\t\t\t\t\t<\/div>\n\t\t\t\t\t<\/div>\n\t\t\t\t<\/div>\n\t\t<div class=\"elementor-element elementor-element-53c9503 e-flex e-con-boxed e-con e-parent\" data-id=\"53c9503\" data-element_type=\"container\" data-e-type=\"container\">\n\t\t\t\t\t<div class=\"e-con-inner\">\n\t\t\t\t<div class=\"elementor-element elementor-element-e2c4ca3 elementor-widget elementor-widget-text-editor\" data-id=\"e2c4ca3\" data-element_type=\"widget\" data-e-type=\"widget\" data-widget_type=\"text-editor.default\">\n\t\t\t\t\t\t\t\t\t<p>Ka\u017cdy\u00a0obiekt\u00a0sportowy\u00a0wyposa\u017cony\u00a0jest\u00a0w\u00a0niezb\u0119dny\u00a0sprz\u0119t\u00a0sportowy\u00a0umo\u017cliwiaj\u0105cy\u00a0korzystanie\u00a0z\u00a0wy\u017cej\u00a0wymienionych\u00a0obiekt\u00f3w. S\u0105 to m.in.:<\/p><ul><li>przyrz\u0105dy\u00a0gimnastyczne,<\/li><li>pi\u0142ki\u00a0do wszystkich gier zespo\u0142owych (pi\u0142ka no\u017cna, pi\u0142ka r\u0119czna, pi\u0142ka siatkowa i pi\u0142ka koszykowa),<\/li><li>sprz\u0119t\u00a0do\u00a0\u0107wicze\u0144\u00a0si\u0142owych\u00a0\u2013\u00a0gryfy,\u00a0hantle,\u00a0odwa\u017cniki\u00a0od 0,5 do 20 kg,<\/li><li>stanowiska\u00a0\u0107wiczebne\u00a0jednoosobowe\u00a0\u2013\u00a0si\u0142owe,<\/li><li>sprz\u0119t\u00a0sportowy\u00a0do\u00a0\u0107wicze\u0144\u00a0na\u00a0sali\u00a0fitness \u2013\u00a0pi\u0142ki\u00a0rehabilitacyjne,\u00a0maty\u00a0i\u00a0zestawy\u00a0interaktywne.<\/li><\/ul>\t\t\t\t\t\t\t\t<\/div>\n\t\t\t\t\t<\/div>\n\t\t\t\t<\/div>\n\t\t<div class=\"elementor-element elementor-element-8074e44 e-flex e-con-boxed e-con e-parent\" data-id=\"8074e44\" data-element_type=\"container\" data-e-type=\"container\">\n\t\t\t\t\t<div class=\"e-con-inner\">\n\t\t\t\t<div class=\"elementor-element elementor-element-29fd08a elementor-widget elementor-widget-heading\" data-id=\"29fd08a\" data-element_type=\"widget\" data-e-type=\"widget\" data-widget_type=\"heading.default\">\n\t\t\t\t\t<h3 class=\"elementor-heading-title elementor-size-default\"><strong>W pawilonie A znajduj\u0105 si\u0119 nast\u0119puj\u0105ce obiekty sportowe:&nbsp;<\/strong><\/h3>\t\t\t\t<\/div>\n\t\t\t\t\t<\/div>\n\t\t\t\t<\/div>\n\t\t<div class=\"elementor-element elementor-element-86cb53f e-flex e-con-boxed e-con e-parent\" data-id=\"86cb53f\" data-element_type=\"container\" data-e-type=\"container\">\n\t\t\t\t\t<div class=\"e-con-inner\">\n\t\t\t\t<div class=\"elementor-element elementor-element-3078ae1 elementor-widget elementor-widget-text-editor\" data-id=\"3078ae1\" data-element_type=\"widget\" data-e-type=\"widget\" data-widget_type=\"text-editor.default\">\n\t\t\t\t\t\t\t\t\t<ul><li><strong>Sala\u00a0gimnastyczna\u00a0du\u017ca<\/strong>\u00a0\u2013 pe\u0142nowymiarowe boisko do koszyk\u00f3wki i pi\u0142ki siatkowej ) wraz z zapleczem sanitarnym, prysznicami oraz magazynami sportowym<\/li><\/ul>\t\t\t\t\t\t\t\t<\/div>\n\t\t\t\t\t<\/div>\n\t\t\t\t<\/div>\n\t\t<div class=\"elementor-element elementor-element-261d552 e-flex e-con-boxed e-con e-parent\" data-id=\"261d552\" data-element_type=\"container\" data-e-type=\"container\">\n\t\t\t\t\t<div class=\"e-con-inner\">\n\t\t<div class=\"elementor-element elementor-element-9f3bb6b e-con-full e-flex e-con e-child\" data-id=\"9f3bb6b\" data-element_type=\"container\" data-e-type=\"container\">\n\t\t\t\t<div class=\"elementor-element elementor-element-291b7b2 elementor-widget elementor-widget-image\" data-id=\"291b7b2\" data-element_type=\"widget\" data-e-type=\"widget\" data-widget_type=\"image.default\">\n\t\t\t\t\t\t\t\t\t\t\t\t\t\t\t<img fetchpriority=\"high\" decoding=\"async\" width=\"768\" height=\"512\" src=\"https:\/\/student.tzn.dg.pl\/newtzn\/wp-content\/uploads\/2026\/03\/sala-gimnastyczna-TZN-2-768x512.jpg\" class=\"attachment-medium_large size-medium_large wp-image-428\" alt=\"\" srcset=\"https:\/\/student.tzn.dg.pl\/newtzn\/wp-content\/uploads\/2026\/03\/sala-gimnastyczna-TZN-2-768x512.jpg 768w, https:\/\/student.tzn.dg.pl\/newtzn\/wp-content\/uploads\/2026\/03\/sala-gimnastyczna-TZN-2-300x200.jpg 300w, https:\/\/student.tzn.dg.pl\/newtzn\/wp-content\/uploads\/2026\/03\/sala-gimnastyczna-TZN-2-1024x683.jpg 1024w, https:\/\/student.tzn.dg.pl\/newtzn\/wp-content\/uploads\/2026\/03\/sala-gimnastyczna-TZN-2.jpg 1536w\" sizes=\"(max-width: 768px) 100vw, 768px\" \/>\t\t\t\t\t\t\t\t\t\t\t\t\t\t\t<\/div>\n\t\t\t\t<\/div>\n\t\t<div class=\"elementor-element elementor-element-56ffe3b e-con-full e-flex e-con e-child\" data-id=\"56ffe3b\" data-element_type=\"container\" data-e-type=\"container\">\n\t\t\t\t<div class=\"elementor-element elementor-element-f20cea7 elementor-widget elementor-widget-image\" data-id=\"f20cea7\" data-element_type=\"widget\" data-e-type=\"widget\" data-widget_type=\"image.default\">\n\t\t\t\t\t\t\t\t\t\t\t\t\t\t\t<img decoding=\"async\" width=\"1024\" height=\"576\" src=\"https:\/\/student.tzn.dg.pl\/newtzn\/wp-content\/uploads\/2026\/03\/sala-gimnastyczna-TZN-3-1024x576.jpg\" class=\"attachment-large size-large wp-image-427\" alt=\"\" srcset=\"https:\/\/student.tzn.dg.pl\/newtzn\/wp-content\/uploads\/2026\/03\/sala-gimnastyczna-TZN-3-1024x576.jpg 1024w, https:\/\/student.tzn.dg.pl\/newtzn\/wp-content\/uploads\/2026\/03\/sala-gimnastyczna-TZN-3-300x169.jpg 300w, https:\/\/student.tzn.dg.pl\/newtzn\/wp-content\/uploads\/2026\/03\/sala-gimnastyczna-TZN-3-768x432.jpg 768w, https:\/\/student.tzn.dg.pl\/newtzn\/wp-content\/uploads\/2026\/03\/sala-gimnastyczna-TZN-3-1536x864.jpg 1536w, https:\/\/student.tzn.dg.pl\/newtzn\/wp-content\/uploads\/2026\/03\/sala-gimnastyczna-TZN-3.jpg 1820w\" sizes=\"(max-width: 1024px) 100vw, 1024px\" \/>\t\t\t\t\t\t\t\t\t\t\t\t\t\t\t<\/div>\n\t\t\t\t<\/div>\n\t\t\t\t\t<\/div>\n\t\t\t\t<\/div>\n\t\t<div class=\"elementor-element elementor-element-6e9a330 e-flex e-con-boxed e-con e-parent\" data-id=\"6e9a330\" data-element_type=\"container\" data-e-type=\"container\">\n\t\t\t\t\t<div class=\"e-con-inner\">\n\t\t\t\t<div class=\"elementor-element elementor-element-bcbd52d elementor-widget elementor-widget-text-editor\" data-id=\"bcbd52d\" data-element_type=\"widget\" data-e-type=\"widget\" data-widget_type=\"text-editor.default\">\n\t\t\t\t\t\t\t\t\t<ul><li><strong>Si\u0142ownia sportowa<\/strong>, w sk\u0142ad kt\u00f3rej wchodz\u0105 pojedyncze stanowiska do \u0107wicze\u0144 si\u0142owych<\/li><\/ul>\t\t\t\t\t\t\t\t<\/div>\n\t\t\t\t\t<\/div>\n\t\t\t\t<\/div>\n\t\t<div class=\"elementor-element elementor-element-38aff50 e-flex e-con-boxed e-con e-parent\" data-id=\"38aff50\" data-element_type=\"container\" data-e-type=\"container\">\n\t\t\t\t\t<div class=\"e-con-inner\">\n\t\t\t\t<div class=\"elementor-element elementor-element-0058d92 elementor-widget elementor-widget-text-editor\" data-id=\"0058d92\" data-element_type=\"widget\" data-e-type=\"widget\" data-widget_type=\"text-editor.default\">\n\t\t\t\t\t\t\t\t\t<ul><li><strong>Sala Fitness<\/strong>\u00a0 \u2013 profesjonalna sala do \u0107wicze\u0144 fitnessu i aerobiku wyposa\u017cona dodatkowo w rowerki sportowe i orbitreki<\/li><\/ul>\t\t\t\t\t\t\t\t<\/div>\n\t\t\t\t\t<\/div>\n\t\t\t\t<\/div>\n\t\t<div class=\"elementor-element elementor-element-66caa07 e-flex e-con-boxed e-con e-parent\" data-id=\"66caa07\" data-element_type=\"container\" data-e-type=\"container\">\n\t\t\t\t\t<div class=\"e-con-inner\">\n\t\t<div class=\"elementor-element elementor-element-102a4de e-con-full e-flex e-con e-child\" data-id=\"102a4de\" data-element_type=\"container\" data-e-type=\"container\">\n\t\t\t\t<div class=\"elementor-element elementor-element-8af6877 elementor-widget elementor-widget-image\" data-id=\"8af6877\" data-element_type=\"widget\" data-e-type=\"widget\" data-widget_type=\"image.default\">\n\t\t\t\t\t\t\t\t\t\t\t\t\t\t\t<img decoding=\"async\" width=\"1024\" height=\"576\" src=\"https:\/\/student.tzn.dg.pl\/newtzn\/wp-content\/uploads\/2026\/03\/sala-fitness-1024x576.jpg\" class=\"attachment-large size-large wp-image-426\" alt=\"\" srcset=\"https:\/\/student.tzn.dg.pl\/newtzn\/wp-content\/uploads\/2026\/03\/sala-fitness-1024x576.jpg 1024w, https:\/\/student.tzn.dg.pl\/newtzn\/wp-content\/uploads\/2026\/03\/sala-fitness-300x169.jpg 300w, https:\/\/student.tzn.dg.pl\/newtzn\/wp-content\/uploads\/2026\/03\/sala-fitness-768x432.jpg 768w, https:\/\/student.tzn.dg.pl\/newtzn\/wp-content\/uploads\/2026\/03\/sala-fitness-1536x864.jpg 1536w, https:\/\/student.tzn.dg.pl\/newtzn\/wp-content\/uploads\/2026\/03\/sala-fitness.jpg 1820w\" sizes=\"(max-width: 1024px) 100vw, 1024px\" \/>\t\t\t\t\t\t\t\t\t\t\t\t\t\t\t<\/div>\n\t\t\t\t<\/div>\n\t\t<div class=\"elementor-element elementor-element-dfae7bb e-con-full e-flex e-con e-child\" data-id=\"dfae7bb\" data-element_type=\"container\" data-e-type=\"container\">\n\t\t\t\t<div class=\"elementor-element elementor-element-9f5ceb1 elementor-widget elementor-widget-image\" data-id=\"9f5ceb1\" data-element_type=\"widget\" data-e-type=\"widget\" data-widget_type=\"image.default\">\n\t\t\t\t\t\t\t\t\t\t\t\t\t\t\t<img loading=\"lazy\" decoding=\"async\" width=\"1024\" height=\"576\" src=\"https:\/\/student.tzn.dg.pl\/newtzn\/wp-content\/uploads\/2026\/03\/sala-fitness-3-1024x576.jpg\" class=\"attachment-large size-large wp-image-424\" alt=\"\" srcset=\"https:\/\/student.tzn.dg.pl\/newtzn\/wp-content\/uploads\/2026\/03\/sala-fitness-3-1024x576.jpg 1024w, https:\/\/student.tzn.dg.pl\/newtzn\/wp-content\/uploads\/2026\/03\/sala-fitness-3-300x169.jpg 300w, https:\/\/student.tzn.dg.pl\/newtzn\/wp-content\/uploads\/2026\/03\/sala-fitness-3-768x432.jpg 768w, https:\/\/student.tzn.dg.pl\/newtzn\/wp-content\/uploads\/2026\/03\/sala-fitness-3-1536x864.jpg 1536w, https:\/\/student.tzn.dg.pl\/newtzn\/wp-content\/uploads\/2026\/03\/sala-fitness-3.jpg 1820w\" sizes=\"(max-width: 1024px) 100vw, 1024px\" \/>\t\t\t\t\t\t\t\t\t\t\t\t\t\t\t<\/div>\n\t\t\t\t<\/div>\n\t\t\t\t\t<\/div>\n\t\t\t\t<\/div>\n\t\t<div class=\"elementor-element elementor-element-0f7266f e-flex e-con-boxed e-con e-parent\" data-id=\"0f7266f\" data-element_type=\"container\" data-e-type=\"container\">\n\t\t\t\t\t<div class=\"e-con-inner\">\n\t\t\t\t<div class=\"elementor-element elementor-element-59c74ab elementor-widget elementor-widget-heading\" data-id=\"59c74ab\" data-element_type=\"widget\" data-e-type=\"widget\" data-widget_type=\"heading.default\">\n\t\t\t\t\t<h3 class=\"elementor-heading-title elementor-size-default\"><strong>W pawilonie A znajduj\u0105 si\u0119 nast\u0119puj\u0105ce obiekty sportowe:&nbsp;<\/strong><\/h3>\t\t\t\t<\/div>\n\t\t\t\t\t<\/div>\n\t\t\t\t<\/div>\n\t\t<div class=\"elementor-element elementor-element-29cb63f e-flex e-con-boxed e-con e-parent\" data-id=\"29cb63f\" data-element_type=\"container\" data-e-type=\"container\">\n\t\t\t\t\t<div class=\"e-con-inner\">\n\t\t\t\t<div class=\"elementor-element elementor-element-cbfe30e elementor-widget elementor-widget-text-editor\" data-id=\"cbfe30e\" data-element_type=\"widget\" data-e-type=\"widget\" data-widget_type=\"text-editor.default\">\n\t\t\t\t\t\t\t\t\t<ul><li><strong>Sala\u00a0gimnastyczna\u00a0ma\u0142a<\/strong>\u00a0 \u2013 pe\u0142nowymiarowe boisko do pi\u0142ki siatkowej wraz z zapleczem sanitarnym i prysznicami oraz magazynami sportowymi<\/li><\/ul>\t\t\t\t\t\t\t\t<\/div>\n\t\t\t\t\t<\/div>\n\t\t\t\t<\/div>\n\t\t<div class=\"elementor-element elementor-element-173d1ff e-flex e-con-boxed e-con e-parent\" data-id=\"173d1ff\" data-element_type=\"container\" data-e-type=\"container\">\n\t\t\t\t\t<div class=\"e-con-inner\">\n\t\t<div class=\"elementor-element elementor-element-fa71134 e-con-full e-flex e-con e-child\" data-id=\"fa71134\" data-element_type=\"container\" data-e-type=\"container\">\n\t\t\t\t<div class=\"elementor-element elementor-element-758836e elementor-widget elementor-widget-image\" data-id=\"758836e\" data-element_type=\"widget\" data-e-type=\"widget\" data-widget_type=\"image.default\">\n\t\t\t\t\t\t\t\t\t\t\t\t\t\t\t<img loading=\"lazy\" decoding=\"async\" width=\"768\" height=\"432\" src=\"https:\/\/student.tzn.dg.pl\/newtzn\/wp-content\/uploads\/2026\/03\/sala-gimnastyczna-TZN-768x432.jpg\" class=\"attachment-medium_large size-medium_large wp-image-429\" alt=\"\" srcset=\"https:\/\/student.tzn.dg.pl\/newtzn\/wp-content\/uploads\/2026\/03\/sala-gimnastyczna-TZN-768x432.jpg 768w, https:\/\/student.tzn.dg.pl\/newtzn\/wp-content\/uploads\/2026\/03\/sala-gimnastyczna-TZN-300x169.jpg 300w, https:\/\/student.tzn.dg.pl\/newtzn\/wp-content\/uploads\/2026\/03\/sala-gimnastyczna-TZN-1024x576.jpg 1024w, https:\/\/student.tzn.dg.pl\/newtzn\/wp-content\/uploads\/2026\/03\/sala-gimnastyczna-TZN-1536x864.jpg 1536w, https:\/\/student.tzn.dg.pl\/newtzn\/wp-content\/uploads\/2026\/03\/sala-gimnastyczna-TZN.jpg 1820w\" sizes=\"(max-width: 768px) 100vw, 768px\" \/>\t\t\t\t\t\t\t\t\t\t\t\t\t\t\t<\/div>\n\t\t\t\t<\/div>\n\t\t<div class=\"elementor-element elementor-element-4711d65 e-con-full e-flex e-con e-child\" data-id=\"4711d65\" data-element_type=\"container\" data-e-type=\"container\">\n\t\t\t\t<\/div>\n\t\t\t\t\t<\/div>\n\t\t\t\t<\/div>\n\t\t<div class=\"elementor-element elementor-element-76092c8 e-flex e-con-boxed e-con e-parent\" data-id=\"76092c8\" data-element_type=\"container\" data-e-type=\"container\">\n\t\t\t\t\t<div class=\"e-con-inner\">\n\t\t\t\t<div class=\"elementor-element elementor-element-f221f72 elementor-widget elementor-widget-text-editor\" data-id=\"f221f72\" data-element_type=\"widget\" data-e-type=\"widget\" data-widget_type=\"text-editor.default\">\n\t\t\t\t\t\t\t\t\t<ul><li><strong>P\u0142ywalnia<\/strong> \u2013 25 \u2013 metrowy, czterotorowy basen p\u0142ywacki z pe\u0142nym zapleczem sanitarnym i prysznicami. Basen sportowy wyposa\u017cony jest w sprz\u0119t do nauki i doskonalenia p\u0142ywania oraz do gier i zabaw w wodzie (np. pi\u0142ka siatkowa wodna).<\/li><\/ul>\t\t\t\t\t\t\t\t<\/div>\n\t\t\t\t\t<\/div>\n\t\t\t\t<\/div>\n\t\t<div class=\"elementor-element elementor-element-4b8c4ef e-flex e-con-boxed e-con e-parent\" data-id=\"4b8c4ef\" data-element_type=\"container\" data-e-type=\"container\">\n\t\t\t\t\t<div class=\"e-con-inner\">\n\t\t<div class=\"elementor-element elementor-element-237466b e-con-full e-flex e-con e-child\" data-id=\"237466b\" data-element_type=\"container\" data-e-type=\"container\">\n\t\t\t\t<div class=\"elementor-element elementor-element-1644127 elementor-widget elementor-widget-image\" data-id=\"1644127\" data-element_type=\"widget\" data-e-type=\"widget\" data-widget_type=\"image.default\">\n\t\t\t\t\t\t\t\t\t\t\t\t\t\t\t<img loading=\"lazy\" decoding=\"async\" width=\"768\" height=\"432\" src=\"https:\/\/student.tzn.dg.pl\/newtzn\/wp-content\/uploads\/2026\/03\/plywalnia-TZN-2-768x432.jpg\" class=\"attachment-medium_large size-medium_large wp-image-450\" alt=\"\" srcset=\"https:\/\/student.tzn.dg.pl\/newtzn\/wp-content\/uploads\/2026\/03\/plywalnia-TZN-2-768x432.jpg 768w, https:\/\/student.tzn.dg.pl\/newtzn\/wp-content\/uploads\/2026\/03\/plywalnia-TZN-2-300x169.jpg 300w, https:\/\/student.tzn.dg.pl\/newtzn\/wp-content\/uploads\/2026\/03\/plywalnia-TZN-2-1024x576.jpg 1024w, https:\/\/student.tzn.dg.pl\/newtzn\/wp-content\/uploads\/2026\/03\/plywalnia-TZN-2-1536x864.jpg 1536w, https:\/\/student.tzn.dg.pl\/newtzn\/wp-content\/uploads\/2026\/03\/plywalnia-TZN-2.jpg 1820w\" sizes=\"(max-width: 768px) 100vw, 768px\" \/>\t\t\t\t\t\t\t\t\t\t\t\t\t\t\t<\/div>\n\t\t\t\t<\/div>\n\t\t<div class=\"elementor-element elementor-element-2b1e1c7 e-con-full e-flex e-con e-child\" data-id=\"2b1e1c7\" data-element_type=\"container\" data-e-type=\"container\">\n\t\t\t\t<div class=\"elementor-element elementor-element-ec8c33f elementor-widget elementor-widget-image\" data-id=\"ec8c33f\" data-element_type=\"widget\" data-e-type=\"widget\" data-widget_type=\"image.default\">\n\t\t\t\t\t\t\t\t\t\t\t\t\t\t\t<img loading=\"lazy\" decoding=\"async\" width=\"768\" height=\"432\" src=\"https:\/\/student.tzn.dg.pl\/newtzn\/wp-content\/uploads\/2026\/03\/plywalnia-TZN-4-768x432.jpg\" class=\"attachment-medium_large size-medium_large wp-image-448\" alt=\"\" srcset=\"https:\/\/student.tzn.dg.pl\/newtzn\/wp-content\/uploads\/2026\/03\/plywalnia-TZN-4-768x432.jpg 768w, https:\/\/student.tzn.dg.pl\/newtzn\/wp-content\/uploads\/2026\/03\/plywalnia-TZN-4-300x169.jpg 300w, https:\/\/student.tzn.dg.pl\/newtzn\/wp-content\/uploads\/2026\/03\/plywalnia-TZN-4-1024x576.jpg 1024w, https:\/\/student.tzn.dg.pl\/newtzn\/wp-content\/uploads\/2026\/03\/plywalnia-TZN-4-1536x864.jpg 1536w, https:\/\/student.tzn.dg.pl\/newtzn\/wp-content\/uploads\/2026\/03\/plywalnia-TZN-4.jpg 1820w\" sizes=\"(max-width: 768px) 100vw, 768px\" \/>\t\t\t\t\t\t\t\t\t\t\t\t\t\t\t<\/div>\n\t\t\t\t<\/div>\n\t\t\t\t\t<\/div>\n\t\t\t\t<\/div>\n\t\t\t\t<\/div>\n\t\t","protected":false},"excerpt":{"rendered":"<p>Techniczne Zak\u0142ady Naukowe w D\u0105browie G\u00f3rniczej dysponuj\u0105 nowoczesn\u0105 i szerok\u0105 baz\u0105 sportowo-rekreacyjn\u0105. Mo\u017cna ja podzieli\u0107 na obiekty sportowe zlokalizowane w pawilonie A i B (budynkach szkolnych). Ka\u017cdy\u00a0obiekt\u00a0sportowy\u00a0wyposa\u017cony\u00a0jest\u00a0w\u00a0niezb\u0119dny\u00a0sprz\u0119t\u00a0sportowy\u00a0umo\u017cliwiaj\u0105cy\u00a0korzystanie\u00a0z\u00a0wy\u017cej\u00a0wymienionych\u00a0obiekt\u00f3w. S\u0105 to m.in.: przyrz\u0105dy\u00a0gimnastyczne, pi\u0142ki\u00a0do wszystkich gier zespo\u0142owych (pi\u0142ka no\u017cna, pi\u0142ka r\u0119czna, pi\u0142ka siatkowa i pi\u0142ka koszykowa), sprz\u0119t\u00a0do\u00a0\u0107wicze\u0144\u00a0si\u0142owych\u00a0\u2013\u00a0gryfy,\u00a0hantle,\u00a0odwa\u017cniki\u00a0od 0,5 do 20 kg, stanowiska\u00a0\u0107wiczebne\u00a0jednoosobowe\u00a0\u2013\u00a0si\u0142owe, sprz\u0119t\u00a0sportowy\u00a0do\u00a0\u0107wicze\u0144\u00a0na\u00a0sali\u00a0fitness \u2013\u00a0pi\u0142ki\u00a0rehabilitacyjne,\u00a0maty\u00a0i\u00a0zestawy\u00a0interaktywne. W pawilonie A &#8230; <a title=\"OBIEKTY SPORTOWE\" class=\"read-more\" href=\"https:\/\/student.tzn.dg.pl\/newtzn\/?page_id=421\" aria-label=\"Dowiedz si\u0119 wi\u0119cej o OBIEKTY SPORTOWE\">Dowiedz si\u0119 wi\u0119cej<\/a><\/p>\n","protected":false},"author":2,"featured_media":0,"parent":0,"menu_order":0,"comment_status":"closed","ping_status":"closed","template":"","meta":{"footnotes":""},"class_list":["post-421","page","type-page","status-publish"],"_links":{"self":[{"href":"https:\/\/student.tzn.dg.pl\/newtzn\/index.php?rest_route=\/wp\/v2\/pages\/421","targetHints":{"allow":["GET"]}}],"collection":[{"href":"https:\/\/student.tzn.dg.pl\/newtzn\/index.php?rest_route=\/wp\/v2\/pages"}],"about":[{"href":"https:\/\/student.tzn.dg.pl\/newtzn\/index.php?rest_route=\/wp\/v2\/types\/page"}],"author":[{"embeddable":true,"href":"https:\/\/student.tzn.dg.pl\/newtzn\/index.php?rest_route=\/wp\/v2\/users\/2"}],"replies":[{"embeddable":true,"href":"https:\/\/student.tzn.dg.pl\/newtzn\/index.php?rest_route=%2Fwp%2Fv2%2Fcomments&post=421"}],"version-history":[{"count":19,"href":"https:\/\/student.tzn.dg.pl\/newtzn\/index.php?rest_route=\/wp\/v2\/pages\/421\/revisions"}],"predecessor-version":[{"id":454,"href":"https:\/\/student.tzn.dg.pl\/newtzn\/index.php?rest_route=\/wp\/v2\/pages\/421\/revisions\/454"}],"wp:attachment":[{"href":"https:\/\/student.tzn.dg.pl\/newtzn\/index.php?rest_route=%2Fwp%2Fv2%2Fmedia&parent=421"}],"curies":[{"name":"wp","href":"https:\/\/api.w.org\/{rel}","templated":true}]}}