{"id":379,"date":"2026-03-21T15:14:47","date_gmt":"2026-03-21T14:14:47","guid":{"rendered":"https:\/\/student.tzn.dg.pl\/newtzn\/?page_id=379"},"modified":"2026-04-02T21:41:20","modified_gmt":"2026-04-02T19:41:20","slug":"rada-rodzicow","status":"publish","type":"page","link":"https:\/\/student.tzn.dg.pl\/newtzn\/?page_id=379","title":{"rendered":"RADA RODZIC\u00d3W"},"content":{"rendered":"\t\t<div data-elementor-type=\"wp-page\" data-elementor-id=\"379\" class=\"elementor elementor-379\">\n\t\t\t\t<div class=\"elementor-element elementor-element-22ef555 e-flex e-con-boxed e-con e-parent\" data-id=\"22ef555\" data-element_type=\"container\" data-e-type=\"container\">\n\t\t\t\t\t<div class=\"e-con-inner\">\n\t\t<div class=\"elementor-element elementor-element-6cc9112 e-con-full e-flex e-con e-child\" data-id=\"6cc9112\" data-element_type=\"container\" data-e-type=\"container\">\n\t\t\t\t<div class=\"elementor-element elementor-element-6444448 elementor-widget elementor-widget-image\" data-id=\"6444448\" data-element_type=\"widget\" data-e-type=\"widget\" data-widget_type=\"image.default\">\n\t\t\t\t\t\t\t\t\t\t\t\t\t\t\t<img fetchpriority=\"high\" decoding=\"async\" width=\"300\" height=\"300\" src=\"https:\/\/student.tzn.dg.pl\/newtzn\/wp-content\/uploads\/2026\/04\/logo-RR-300x300.jpg\" class=\"attachment-medium size-medium wp-image-722\" alt=\"logo Rady Rodzic\u00f3w TZN\" srcset=\"https:\/\/student.tzn.dg.pl\/newtzn\/wp-content\/uploads\/2026\/04\/logo-RR-300x300.jpg 300w, https:\/\/student.tzn.dg.pl\/newtzn\/wp-content\/uploads\/2026\/04\/logo-RR-150x150.jpg 150w, https:\/\/student.tzn.dg.pl\/newtzn\/wp-content\/uploads\/2026\/04\/logo-RR.jpg 500w\" sizes=\"(max-width: 300px) 100vw, 300px\" \/>\t\t\t\t\t\t\t\t\t\t\t\t\t\t\t<\/div>\n\t\t\t\t<\/div>\n\t\t<div class=\"elementor-element elementor-element-936cf4d e-con-full e-flex e-con e-child\" data-id=\"936cf4d\" data-element_type=\"container\" data-e-type=\"container\">\n\t\t\t\t<div class=\"elementor-element elementor-element-c3d1ceb elementor-widget elementor-widget-text-editor\" data-id=\"c3d1ceb\" data-element_type=\"widget\" data-e-type=\"widget\" data-widget_type=\"text-editor.default\">\n\t\t\t\t\t\t\t\t\t<p><strong>Rada Rodzic\u00f3w Technicznych Zak\u0142ad\u00f3w Naukowych<br \/>ul. Emilii Zawidzkiej 10<br \/>41-300 D\u0105browa G\u00f3rnicza<\/strong><\/p>\t\t\t\t\t\t\t\t<\/div>\n\t\t\t\t<div class=\"elementor-element elementor-element-29fd08a elementor-widget elementor-widget-heading\" data-id=\"29fd08a\" data-element_type=\"widget\" data-e-type=\"widget\" data-widget_type=\"heading.default\">\n\t\t\t\t\t<h3 class=\"elementor-heading-title elementor-size-default\">SK\u0141AD RADY RODZIC\u00d3W W ROKU SZKOLNYM 2025\/2026<\/h3>\t\t\t\t<\/div>\n\t\t\t\t<div class=\"elementor-element elementor-element-e2c4ca3 elementor-widget elementor-widget-text-editor\" data-id=\"e2c4ca3\" data-element_type=\"widget\" data-e-type=\"widget\" data-widget_type=\"text-editor.default\">\n\t\t\t\t\t\t\t\t\t<ol start=\"1\" type=\"1\"><li><span data-olk-copy-source=\"MessageBody\">Przewodnicz\u0105cy \u2013\u00a0<b>Grzegorz Guzi\u0144ski<\/b><\/span><\/li><li>Zast\u0119pca przewodnicz\u0105cego \u2013\u00a0<b>Milena Witkowska<\/b><\/li><li>Skarbnik \u2013\u00a0<b>Dydak Justyna<\/b><\/li><\/ol>\t\t\t\t\t\t\t\t<\/div>\n\t\t\t\t<div class=\"elementor-element elementor-element-01622a0 elementor-widget elementor-widget-heading\" data-id=\"01622a0\" data-element_type=\"widget\" data-e-type=\"widget\" data-widget_type=\"heading.default\">\n\t\t\t\t\t<h3 class=\"elementor-heading-title elementor-size-default\">KONTAKT<\/h3>\t\t\t\t<\/div>\n\t\t\t\t<div class=\"elementor-element elementor-element-cbfe30e elementor-widget elementor-widget-text-editor\" data-id=\"cbfe30e\" data-element_type=\"widget\" data-e-type=\"widget\" data-widget_type=\"text-editor.default\">\n\t\t\t\t\t\t\t\t\t<p><strong>e-mail:<\/strong> rada-tzn-dg@outlook.com<\/p>\t\t\t\t\t\t\t\t<\/div>\n\t\t\t\t<\/div>\n\t\t\t\t\t<\/div>\n\t\t\t\t<\/div>\n\t\t<div class=\"elementor-element elementor-element-045497d e-flex e-con-boxed e-con e-parent\" data-id=\"045497d\" data-element_type=\"container\" data-e-type=\"container\">\n\t\t\t\t\t<div class=\"e-con-inner\">\n\t\t\t\t<div class=\"elementor-element elementor-element-c266dc0 elementor-widget-divider--view-line elementor-widget elementor-widget-divider\" data-id=\"c266dc0\" data-element_type=\"widget\" data-e-type=\"widget\" data-widget_type=\"divider.default\">\n\t\t\t\t\t\t\t<div class=\"elementor-divider\">\n\t\t\t<span class=\"elementor-divider-separator\">\n\t\t\t\t\t\t<\/span>\n\t\t<\/div>\n\t\t\t\t\t\t<\/div>\n\t\t\t\t\t<\/div>\n\t\t\t\t<\/div>\n\t\t<div class=\"elementor-element elementor-element-ad5e810 e-flex e-con-boxed e-con e-parent\" data-id=\"ad5e810\" data-element_type=\"container\" data-e-type=\"container\">\n\t\t\t\t\t<div class=\"e-con-inner\">\n\t\t\t\t<div class=\"elementor-element elementor-element-30a9176 elementor-widget elementor-widget-heading\" data-id=\"30a9176\" data-element_type=\"widget\" data-e-type=\"widget\" data-widget_type=\"heading.default\">\n\t\t\t\t\t<h3 class=\"elementor-heading-title elementor-size-default\">INFORMACJE DLA RODZIC\u00d3W<\/h3>\t\t\t\t<\/div>\n\t\t\t\t\t<\/div>\n\t\t\t\t<\/div>\n\t\t<div class=\"elementor-element elementor-element-4cd1d7e e-flex e-con-boxed e-con e-parent\" data-id=\"4cd1d7e\" data-element_type=\"container\" data-e-type=\"container\">\n\t\t\t\t\t<div class=\"e-con-inner\">\n\t\t\t\t<div class=\"elementor-element elementor-element-6c9ac54 elementor-widget elementor-widget-text-editor\" data-id=\"6c9ac54\" data-element_type=\"widget\" data-e-type=\"widget\" data-widget_type=\"text-editor.default\">\n\t\t\t\t\t\t\t\t\t<p>Uprzejmie prosimy o dokonywanie wp\u0142at na rzecz Rady Rodzic\u00f3w. Prosimy pami\u0119ta\u0107, \u017ce ka\u017cda z\u0142ot\u00f3wka wp\u0142acona przez Rodzic\u00f3w wspiera edukacj\u0119 i lepszy rozw\u00f3j uczni\u00f3w.<\/p><p>1.\u00a0<u><span data-olk-copy-source=\"MessageBody\">Dobrowolna<\/span><\/u>\u00a0sk\u0142adka na rok szkolny 2025\/2026 wynosi:\u00a0<b>150,00 z\u0142<\/b>\u00a0\/rok szkolny<\/p><p>2. Wp\u0142aty mo\u017cna dokonywa\u0107 przelewem na rachunek Rady Rodzic\u00f3w:<\/p><p><strong>VeloBank 66 1560 1010 2316 4616 7000 0001<\/strong><\/p><p>W tytule przelewu nale\u017cy umie\u015bci\u0107: imi\u0119 i nazwisko ucznia oraz oznaczenie klasy<\/p>\t\t\t\t\t\t\t\t<\/div>\n\t\t\t\t\t<\/div>\n\t\t\t\t<\/div>\n\t\t<div class=\"elementor-element elementor-element-bb5c1ff e-flex e-con-boxed e-con e-parent\" data-id=\"bb5c1ff\" data-element_type=\"container\" data-e-type=\"container\">\n\t\t\t\t\t<div class=\"e-con-inner\">\n\t\t\t\t<div class=\"elementor-element elementor-element-d062fe4 elementor-widget elementor-widget-text-editor\" data-id=\"d062fe4\" data-element_type=\"widget\" data-e-type=\"widget\" data-widget_type=\"text-editor.default\">\n\t\t\t\t\t\t\t\t\t<p><strong>Serdecznie dzi\u0119kujemy wszystkim, kt\u00f3rzy dokonali wp\u0142at.<\/strong><\/p>\t\t\t\t\t\t\t\t<\/div>\n\t\t\t\t\t<\/div>\n\t\t\t\t<\/div>\n\t\t\t\t<\/div>\n\t\t","protected":false},"excerpt":{"rendered":"<p>Rada Rodzic\u00f3w Technicznych Zak\u0142ad\u00f3w Naukowychul. Emilii Zawidzkiej 1041-300 D\u0105browa G\u00f3rnicza SK\u0141AD RADY RODZIC\u00d3W W ROKU SZKOLNYM 2025\/2026 Przewodnicz\u0105cy \u2013\u00a0Grzegorz Guzi\u0144ski Zast\u0119pca przewodnicz\u0105cego \u2013\u00a0Milena Witkowska Skarbnik \u2013\u00a0Dydak Justyna KONTAKT e-mail: rada-tzn-dg@outlook.com INFORMACJE DLA RODZIC\u00d3W Uprzejmie prosimy o dokonywanie wp\u0142at na rzecz Rady Rodzic\u00f3w. Prosimy pami\u0119ta\u0107, \u017ce ka\u017cda z\u0142ot\u00f3wka wp\u0142acona przez Rodzic\u00f3w wspiera edukacj\u0119 i lepszy rozw\u00f3j &#8230; <a title=\"RADA RODZIC\u00d3W\" class=\"read-more\" href=\"https:\/\/student.tzn.dg.pl\/newtzn\/?page_id=379\" aria-label=\"Dowiedz si\u0119 wi\u0119cej o RADA RODZIC\u00d3W\">Dowiedz si\u0119 wi\u0119cej<\/a><\/p>\n","protected":false},"author":2,"featured_media":0,"parent":0,"menu_order":0,"comment_status":"closed","ping_status":"closed","template":"","meta":{"footnotes":""},"class_list":["post-379","page","type-page","status-publish"],"_links":{"self":[{"href":"https:\/\/student.tzn.dg.pl\/newtzn\/index.php?rest_route=\/wp\/v2\/pages\/379","targetHints":{"allow":["GET"]}}],"collection":[{"href":"https:\/\/student.tzn.dg.pl\/newtzn\/index.php?rest_route=\/wp\/v2\/pages"}],"about":[{"href":"https:\/\/student.tzn.dg.pl\/newtzn\/index.php?rest_route=\/wp\/v2\/types\/page"}],"author":[{"embeddable":true,"href":"https:\/\/student.tzn.dg.pl\/newtzn\/index.php?rest_route=\/wp\/v2\/users\/2"}],"replies":[{"embeddable":true,"href":"https:\/\/student.tzn.dg.pl\/newtzn\/index.php?rest_route=%2Fwp%2Fv2%2Fcomments&post=379"}],"version-history":[{"count":16,"href":"https:\/\/student.tzn.dg.pl\/newtzn\/index.php?rest_route=\/wp\/v2\/pages\/379\/revisions"}],"predecessor-version":[{"id":728,"href":"https:\/\/student.tzn.dg.pl\/newtzn\/index.php?rest_route=\/wp\/v2\/pages\/379\/revisions\/728"}],"wp:attachment":[{"href":"https:\/\/student.tzn.dg.pl\/newtzn\/index.php?rest_route=%2Fwp%2Fv2%2Fmedia&parent=379"}],"curies":[{"name":"wp","href":"https:\/\/api.w.org\/{rel}","templated":true}]}}