{"id":263,"date":"2026-03-20T22:07:01","date_gmt":"2026-03-20T21:07:01","guid":{"rendered":"https:\/\/student.tzn.dg.pl\/newtzn\/?page_id=263"},"modified":"2026-03-25T13:39:48","modified_gmt":"2026-03-25T12:39:48","slug":"grono-pedagogiczne","status":"publish","type":"page","link":"https:\/\/student.tzn.dg.pl\/newtzn\/?page_id=263","title":{"rendered":"GRONO PEDAGOGICZNE"},"content":{"rendered":"\t\t<div data-elementor-type=\"wp-page\" data-elementor-id=\"263\" class=\"elementor elementor-263\">\n\t\t\t\t<div class=\"elementor-element elementor-element-22fb293 e-flex e-con-boxed e-con e-parent\" data-id=\"22fb293\" data-element_type=\"container\" data-e-type=\"container\">\n\t\t\t\t\t<div class=\"e-con-inner\">\n\t\t\t\t<div class=\"elementor-element elementor-element-c176ce5 elementor-widget-divider--view-line elementor-widget elementor-widget-divider\" data-id=\"c176ce5\" data-element_type=\"widget\" data-e-type=\"widget\" data-widget_type=\"divider.default\">\n\t\t\t\t\t\t\t<div class=\"elementor-divider\">\n\t\t\t<span class=\"elementor-divider-separator\">\n\t\t\t\t\t\t<\/span>\n\t\t<\/div>\n\t\t\t\t\t\t<\/div>\n\t\t\t\t\t<\/div>\n\t\t\t\t<\/div>\n\t\t<div class=\"elementor-element elementor-element-e80ccd7 e-con-full e-flex e-con e-parent\" data-id=\"e80ccd7\" data-element_type=\"container\" data-e-type=\"container\" data-settings=\"{&quot;background_background&quot;:&quot;classic&quot;}\">\n\t\t\t\t<div class=\"elementor-element elementor-element-10fb9b0 elementor-widget elementor-widget-heading\" data-id=\"10fb9b0\" data-element_type=\"widget\" data-e-type=\"widget\" data-widget_type=\"heading.default\">\n\t\t\t\t\t<h3 class=\"elementor-heading-title elementor-size-default\">WYKAZ NAUCZYCIELI UCZ\u0104CYCH<br>W TECHNICZNYCH ZAK\u0141ADACH NAUKOWYCH<\/h3>\t\t\t\t<\/div>\n\t\t\t\t<\/div>\n\t\t<div class=\"elementor-element elementor-element-738624c e-flex e-con-boxed e-con e-parent\" data-id=\"738624c\" data-element_type=\"container\" data-e-type=\"container\">\n\t\t\t\t\t<div class=\"e-con-inner\">\n\t\t\t\t<div class=\"elementor-element elementor-element-7f59d33e elementor-widget elementor-widget-heading\" data-id=\"7f59d33e\" data-element_type=\"widget\" data-e-type=\"widget\" data-widget_type=\"heading.default\">\n\t\t\t\t\t<h3 class=\"elementor-heading-title elementor-size-default\">ZESP\u00d3\u0141 PRZEDMIOT\u00d3W \u015aCIS\u0141YCH<br>I PRZYRODNICZYCH<\/h3>\t\t\t\t<\/div>\n\t\t\t\t<div class=\"elementor-element elementor-element-9d8de45 elementor-widget elementor-widget-text-editor\" data-id=\"9d8de45\" data-element_type=\"widget\" data-e-type=\"widget\" data-widget_type=\"text-editor.default\">\n\t\t\t\t\t\t\t\t\t<p>Przewodnicz\u0105ca Zespo\u0142u: Agata Karo\u0144<\/p>\t\t\t\t\t\t\t\t<\/div>\n\t\t\t\t<div class=\"elementor-element elementor-element-672e840 elementor-widget-mobile__width-initial elementor-widget elementor-widget-eael-advanced-data-table\" data-id=\"672e840\" data-element_type=\"widget\" data-e-type=\"widget\" data-widget_type=\"eael-advanced-data-table.default\">\n\t\t\t\t\t<div class=\"ea-advanced-data-table-wrap\" data-id=\"672e840\"><div class=\"ea-advanced-data-table-search-wrap ea-advanced-data-table-search-center\"><input type=\"search\" placeholder=\"Search\" class=\"ea-advanced-data-table-search\"><\/div><div class=\"ea-advanced-data-table-wrap-inner\">\n                <table class=\"ea-advanced-data-table ea-advanced-data-table-static ea-advanced-data-table-672e840 ea-advanced-data-table-sortable ea-advanced-data-table-searchable\" data-id=\"672e840\"><thead><tr><th><p>NAZWISKO I IMI\u0118<\/p><\/th><th><p>SKR\u00d3T<\/p><\/th><th><p>NAUCZANY PRZEDMIOT<\/p><\/th><th><p>PRACOWNIA<\/p><\/th><\/tr><\/thead><tbody><tr><td><p>Hermanowska Aleksandra<\/p><\/td><td><p>AH<\/p><\/td><td><p>fizyka<\/p><\/td><td><p>202B<\/p><\/td><\/tr><tr><td><p>Furgacz Kinga<\/p><\/td><td><p>KF<\/p><\/td><td><p>geografia, matematyka<\/p><\/td><td><p>207 A<\/p><\/td><\/tr><tr><td><p>Koza Grzegorz<\/p><\/td><td><p>GK<\/p><\/td><td><p>matematyka<\/p><\/td><td><p>103B<\/p><\/td><\/tr><tr><td><p>M\u0119cik Aleksandra<\/p><\/td><td><p>M2<\/p><\/td><td><p>matematyka, fizyka<\/p><\/td><td><p>206A<\/p><\/td><\/tr><tr><td><p>Sadowska (Novak) Iwona<\/p><\/td><td><p>IN<\/p><\/td><td><p>biologia, chemia<\/p><\/td><td><p>208B<\/p><\/td><\/tr><tr><td><p>Kukla Jowita<\/p><\/td><td><p>JK<\/p><\/td><td><p>chemia<\/p><\/td><td><p>102B<\/p><\/td><\/tr><tr><td><p>Jureczek Piotr<\/p><\/td><td><p>Ju<\/p><\/td><td><p>matematyka<\/p><\/td><td><p>109B<\/p><\/td><\/tr><tr><td><p>Pastuszka Krystyna<\/p><\/td><td><p>PK<\/p><\/td><td><p>matematyka<\/p><\/td><td><p>203A<\/p><\/td><\/tr><tr><td><p>Karo\u0144 Agata<\/p><\/td><td><p>K\u0143<\/p><\/td><td><p>matematyka<\/p><\/td><td><p>203A<\/p><\/td><\/tr><tr><td><p>Muniowski Dawid<\/p><\/td><td><p>Mu<\/p><\/td><td><p>biologia + przedmioty zawodowe<\/p><\/td><td><p>209B, 200B<\/p><\/td><\/tr><tr><td><p>Zabiega\u0142a Gra\u017cyna<\/p><\/td><td><p>GZ<\/p><\/td><td><p>fizyka, przedmioty zawodowe inf.<\/p><\/td><td><p>109c<\/p><\/td><\/tr><tr><td><p>Deptu\u0142a Natalia<\/p><\/td><td><p>DN<\/p><\/td><td><p>matematyka<\/p><\/td><td><p>205B<\/p><\/td><\/tr><tr><td><p>Mo\u017adzierska-Dudek&nbsp;Malwina<\/p><\/td><td><p>MM<\/p><\/td><td><p>matematyka, informatyka, przedmioty zawodowe inf.<\/p><\/td><td><p>12B, 108B<\/p><\/td><\/tr><tr><td><p>Gr\u0105dal Agnieszka<\/p><\/td><td><p>_G<\/p><\/td><td><p>geografia, edb<\/p><\/td><td><p>310A<\/p><\/td><\/tr><tr><td><p>Por\u0119bska Joanna<\/p><\/td><td><p>Po<\/p><\/td><td><p>matematyka<\/p><\/td><td><p>-<\/p><\/td><\/tr><\/tbody><\/table>\n            <\/div><\/div>\t\t\t\t<\/div>\n\t\t\t\t\t<\/div>\n\t\t\t\t<\/div>\n\t\t<div class=\"elementor-element elementor-element-faec77b e-flex e-con-boxed e-con e-parent\" data-id=\"faec77b\" data-element_type=\"container\" data-e-type=\"container\">\n\t\t\t\t\t<div class=\"e-con-inner\">\n\t\t\t\t<div class=\"elementor-element elementor-element-35065a5 elementor-widget elementor-widget-heading\" data-id=\"35065a5\" data-element_type=\"widget\" data-e-type=\"widget\" data-widget_type=\"heading.default\">\n\t\t\t\t\t<h3 class=\"elementor-heading-title elementor-size-default\">ZESP\u00d3\u0141 PRZEDMIOT\u00d3W HUMANISTYCZNYCH<\/h3>\t\t\t\t<\/div>\n\t\t\t\t<div class=\"elementor-element elementor-element-9866704 elementor-widget elementor-widget-text-editor\" data-id=\"9866704\" data-element_type=\"widget\" data-e-type=\"widget\" data-widget_type=\"text-editor.default\">\n\t\t\t\t\t\t\t\t\t<p>Przewodnicz\u0105cy Zespo\u0142u: S\u0142awomir Kaczmarski<\/p>\t\t\t\t\t\t\t\t<\/div>\n\t\t\t\t<div class=\"elementor-element elementor-element-3804d7b elementor-widget elementor-widget-eael-advanced-data-table\" data-id=\"3804d7b\" data-element_type=\"widget\" data-e-type=\"widget\" data-widget_type=\"eael-advanced-data-table.default\">\n\t\t\t\t\t<div class=\"ea-advanced-data-table-wrap\" data-id=\"3804d7b\"><div class=\"ea-advanced-data-table-search-wrap ea-advanced-data-table-search-right\"><input type=\"search\" placeholder=\"Search\" class=\"ea-advanced-data-table-search\"><\/div><div class=\"ea-advanced-data-table-wrap-inner\">\n                <table class=\"ea-advanced-data-table ea-advanced-data-table-static ea-advanced-data-table-3804d7b ea-advanced-data-table-sortable ea-advanced-data-table-searchable\" data-id=\"3804d7b\"><thead><tr><th><p>NAZWISKO I IMI\u0118<\/p><\/th><th><p>SKR\u00d3T<\/p><\/th><th><p>NAUCZANY PRZEDMIOT<\/p><\/th><th><p>PRACOWNIA<\/p><\/th><\/tr><\/thead><tbody><tr><td><p><span style=\"color: black\">Matyjasik Agnieszka<\/span><\/p><\/td><td><p>_M<\/p><\/td><td><p>j\u0119zyk polski<\/p><\/td><td><p>202A<\/p><\/td><\/tr><tr><td><p><span style=\"color: black\">Gajerska Katarzyna<\/span><\/p><\/td><td><p>KG<\/p><\/td><td><p>historia<\/p><\/td><td><p>9B<\/p><\/td><\/tr><tr><td><p>Chwastek Agnieszka<\/p><\/td><td><p>HA<\/p><\/td><td><p>historia<\/p><\/td><td><p>9B<\/p><\/td><\/tr><tr><td><p>Ciepielewska Agnieszka<\/p><\/td><td><p>AC<\/p><\/td><td><p>j\u0119zyk polski<\/p><\/td><td><p>-<\/p><\/td><\/tr><tr><td><p>Drobnica Magdalena<\/p><\/td><td><p>MI<\/p><\/td><td><p>j\u0119zyk polski<\/p><\/td><td><p>202A<\/p><\/td><\/tr><tr><td><p>Gajda Agnieszka<\/p><\/td><td><p>AG<\/p><\/td><td><p>j\u0119zyk polski<\/p><\/td><td><p>200A<\/p><\/td><\/tr><tr><td><p>Jagie\u0142a Magdalena<\/p><\/td><td><p>MJ<\/p><\/td><td><p>biblioteka<\/p><\/td><td><p>biblioteka<\/p><\/td><\/tr><tr><td><p>Kaczmarski S\u0142awomir<\/p><\/td><td><p>Ka<\/p><\/td><td><p>historia<\/p><\/td><td><p>204A<\/p><\/td><\/tr><tr><td><p>Kempa-Ba\u0144ka Aneta<\/p><\/td><td><p>AK<\/p><\/td><td><p>religia<\/p><\/td><td><p><br><\/p><\/td><\/tr><tr><td><p>Kuler Ewa<\/p><\/td><td><p>Ek<\/p><\/td><td><p>j\u0119zyk polski<\/p><\/td><td><p>109A<\/p><\/td><\/tr><tr><td><p>Matuszek Agnieszka<\/p><\/td><td><p>AM<\/p><\/td><td><p>j\u0119zyk polski<\/p><\/td><td><p>215B<\/p><\/td><\/tr><tr><td><p>Sadowska Iwona<\/p><\/td><td><p>IS<\/p><\/td><td><p>religia, biblioteka<\/p><\/td><td><p>12B, biblioteka<\/p><\/td><\/tr><tr><td><p>Skiba Dominika<\/p><\/td><td><p>DS.<\/p><\/td><td><p>psycholog<\/p><\/td><td><p><br><\/p><\/td><\/tr><tr><td><p>Sowula Ilona<\/p><\/td><td><p>SI<\/p><\/td><td><p>j\u0119zyk polski<\/p><\/td><td><p>317A<\/p><\/td><\/tr><\/tbody><\/table>\n            <\/div><\/div>\t\t\t\t<\/div>\n\t\t\t\t\t<\/div>\n\t\t\t\t<\/div>\n\t\t<div class=\"elementor-element elementor-element-cc15a36 e-flex e-con-boxed e-con e-parent\" data-id=\"cc15a36\" data-element_type=\"container\" data-e-type=\"container\">\n\t\t\t\t\t<div class=\"e-con-inner\">\n\t\t\t\t<div class=\"elementor-element elementor-element-e9addc5 elementor-widget elementor-widget-heading\" data-id=\"e9addc5\" data-element_type=\"widget\" data-e-type=\"widget\" data-widget_type=\"heading.default\">\n\t\t\t\t\t<h3 class=\"elementor-heading-title elementor-size-default\">ZESP\u00d3\u0141 J\u0118ZYK\u00d3W OBCYCH<\/h3>\t\t\t\t<\/div>\n\t\t\t\t<div class=\"elementor-element elementor-element-4847c8a elementor-widget elementor-widget-text-editor\" data-id=\"4847c8a\" data-element_type=\"widget\" data-e-type=\"widget\" data-widget_type=\"text-editor.default\">\n\t\t\t\t\t\t\t\t\t<p>Przewodnicz\u0105ca Zespo\u0142u: Sylwia \u0142askawiec-Chrapek<\/p>\t\t\t\t\t\t\t\t<\/div>\n\t\t\t\t<div class=\"elementor-element elementor-element-391b8f6 elementor-widget elementor-widget-eael-advanced-data-table\" data-id=\"391b8f6\" data-element_type=\"widget\" data-e-type=\"widget\" data-widget_type=\"eael-advanced-data-table.default\">\n\t\t\t\t\t<div class=\"ea-advanced-data-table-wrap\" data-id=\"391b8f6\"><div class=\"ea-advanced-data-table-search-wrap ea-advanced-data-table-search-right\"><input type=\"search\" placeholder=\"Search\" class=\"ea-advanced-data-table-search\"><\/div><div class=\"ea-advanced-data-table-wrap-inner\">\n                <table class=\"ea-advanced-data-table ea-advanced-data-table-static ea-advanced-data-table-391b8f6 ea-advanced-data-table-sortable ea-advanced-data-table-searchable\" data-id=\"391b8f6\"><thead><tr><th><p>NAZWISKO I IMI\u0118<\/p><\/th><th><p>SKR\u00d3T<\/p><\/th><th><p>NAUCZANY PRZEDMIOT<\/p><\/th><th><p>PRACOWNIA<\/p><\/th><\/tr><\/thead><tbody><tr><td><p>Bojanek Anna<\/p><\/td><td><p>AB<\/p><\/td><td><p>j\u0119zyk angielski<\/p><\/td><td><p>317A<\/p><\/td><\/tr><tr><td><p><span style=\"color: black\">Gajda Agnieszka<\/span><\/p><\/td><td><p>AG<\/p><\/td><td><p>j\u0119zyk angielski<\/p><\/td><td><p>200A<\/p><\/td><\/tr><tr><td><p>Hadzi\u0144ska Ma\u0142gorzata<\/p><\/td><td><p>HM<\/p><\/td><td><p>j\u0119zyk angielski<\/p><\/td><td><p>320A<\/p><\/td><\/tr><tr><td><p>P\u0119kosz Anna<\/p><\/td><td><p>Pe<\/p><\/td><td><p>j\u0119zyk niemiecki<\/p><\/td><td><p>107A<\/p><\/td><\/tr><tr><td><p>Pieszczek Justyna<\/p><\/td><td><p>Pi<\/p><\/td><td><p>j\u0119zyk angielski<\/p><\/td><td><p>313A<\/p><\/td><\/tr><tr><td><p>So\u0142tysik Marta<\/p><\/td><td><p>MS<\/p><\/td><td><p>j\u0119zyk angielski<\/p><\/td><td><p>116B<\/p><\/td><\/tr><tr><td><p>\u015awiderska - Bekus&nbsp;Ilona<\/p><\/td><td><p>I\u015a<\/p><\/td><td><p>j\u0119zyk angielski<\/p><\/td><td><p>306A<\/p><\/td><\/tr><tr><td><p>Szczepa\u0144ska Paulina<\/p><\/td><td><p>PS<\/p><\/td><td><p>j\u0119zyk niemiecki<\/p><\/td><td><p>103C<\/p><\/td><\/tr><tr><td><p>Szyma\u0144ska - R\u0119kas&nbsp;Agnieszka<\/p><\/td><td><p>AS<\/p><\/td><td><p>j\u0119zyk niemiecki<\/p><\/td><td><p>75C<\/p><\/td><\/tr><tr><td><p>Tobo\u0142a Marta<\/p><\/td><td><p>MT<\/p><\/td><td><p>j\u0119zyk niemiecki<\/p><\/td><td><p>108A<\/p><\/td><\/tr><tr><td><p>W\u00f3jcik Patrycja<\/p><\/td><td><p>PW<\/p><\/td><td><p>j\u0119zyk angielski<\/p><\/td><td><p>307A<\/p><\/td><\/tr><tr><td><p>Zachariasz Przemys\u0142aw<\/p><\/td><td><p>PZ<\/p><\/td><td><p>j\u0119zyk angielski<\/p><\/td><td><p>203B<\/p><\/td><\/tr><tr><td><p>\u0141askawiec-Chrapek&nbsp;Sylwia<\/p><\/td><td><p>S\u0141<\/p><\/td><td><p>j\u0119zyk niemiecki<\/p><\/td><td><p>213A<\/p><\/td><\/tr><\/tbody><\/table>\n            <\/div><\/div>\t\t\t\t<\/div>\n\t\t\t\t\t<\/div>\n\t\t\t\t<\/div>\n\t\t<div class=\"elementor-element elementor-element-39cda65 e-flex e-con-boxed e-con e-parent\" data-id=\"39cda65\" data-element_type=\"container\" data-e-type=\"container\">\n\t\t\t\t\t<div class=\"e-con-inner\">\n\t\t\t\t<div class=\"elementor-element elementor-element-697f4f1 elementor-widget elementor-widget-heading\" data-id=\"697f4f1\" data-element_type=\"widget\" data-e-type=\"widget\" data-widget_type=\"heading.default\">\n\t\t\t\t\t<h3 class=\"elementor-heading-title elementor-size-default\">ZESP\u00d3\u0141 PRZEDMIOT\u00d3W TECHNICZNYCH<\/h3>\t\t\t\t<\/div>\n\t\t\t\t<div class=\"elementor-element elementor-element-8fdfcfb elementor-widget elementor-widget-text-editor\" data-id=\"8fdfcfb\" data-element_type=\"widget\" data-e-type=\"widget\" data-widget_type=\"text-editor.default\">\n\t\t\t\t\t\t\t\t\t<p>Przewodnicz\u0105cy Zespo\u0142u: Dariusz Jopek<\/p>\t\t\t\t\t\t\t\t<\/div>\n\t\t\t\t<div class=\"elementor-element elementor-element-5d075d9 elementor-widget elementor-widget-eael-advanced-data-table\" data-id=\"5d075d9\" data-element_type=\"widget\" data-e-type=\"widget\" data-widget_type=\"eael-advanced-data-table.default\">\n\t\t\t\t\t<div class=\"ea-advanced-data-table-wrap\" data-id=\"5d075d9\"><div class=\"ea-advanced-data-table-search-wrap ea-advanced-data-table-search-right\"><input type=\"search\" placeholder=\"Search\" class=\"ea-advanced-data-table-search\"><\/div><div class=\"ea-advanced-data-table-wrap-inner\">\n                <table class=\"ea-advanced-data-table ea-advanced-data-table-static ea-advanced-data-table-5d075d9 ea-advanced-data-table-sortable ea-advanced-data-table-searchable\" data-id=\"5d075d9\"><thead><tr><th><p>NAZWISKO I IMI\u0118<\/p><\/th><th><p>SKR\u00d3T<\/p><\/th><th><p>NAUCZANY PRZEDMIOT<\/p><\/th><th><p>PRACOWNIA<\/p><\/th><\/tr><\/thead><tbody><tr><td><p>Szczypka - Brodzi\u0144ska&nbsp;Beata<\/p><\/td><td><p>BS<\/p><\/td><td><p>technik elektronik<\/p><\/td><td><p>202A, 107C<\/p><\/td><\/tr><tr><td><p>\u015awi\u0119tek Ryszard<\/p><\/td><td><p>R\u015a<\/p><\/td><td><p>technik elektryk<\/p><\/td><td><p>300A<\/p><\/td><\/tr><tr><td><p>Bulkowska Martynika<\/p><\/td><td><p>Bu<\/p><\/td><td><p>technik elektryk<\/p><\/td><td><p>320A<\/p><\/td><\/tr><tr><td><p>Borowski Jan<\/p><\/td><td><p>JB<\/p><\/td><td><p>technik mechanik<\/p><\/td><td><p>warsztaty paw. C<\/p><\/td><\/tr><tr><td><p>Janikowska Joanna<\/p><\/td><td><p>JJ<\/p><\/td><td><p>technik mechanik<\/p><\/td><td><p>warsztaty paw. C<\/p><\/td><\/tr><tr><td><p>Kaczmarzyk Piotr<\/p><\/td><td><p>PKo<\/p><\/td><td><p>technik mechanik<\/p><\/td><td><p>warsztaty paw. C<\/p><\/td><\/tr><tr><td><p>Michalski Dariusz<\/p><\/td><td><p>DM<\/p><\/td><td><p>technik elektronik<\/p><\/td><td><p>112C, warsztaty paw. C<\/p><\/td><\/tr><tr><td><p>Kalarus Patrycja<\/p><\/td><td><p>_K<\/p><\/td><td><p>technik elektryk<\/p><\/td><td><p>300A\/302A<\/p><\/td><\/tr><tr><td><p>Czaja Piotr<\/p><\/td><td><p>PC<\/p><\/td><td><p>technik automatyk<\/p><\/td><td><p>warsztaty paw. C<\/p><\/td><\/tr><tr><td><p>Jopek Dariusz<\/p><\/td><td><p>DJ<\/p><\/td><td><p>technik automatyk<\/p><\/td><td><p>warsztaty paw. C<\/p><\/td><\/tr><tr><td><p>Cichy Piotr<\/p><\/td><td><p>CP<\/p><\/td><td><p>technik elektronik<\/p><\/td><td><p>112C<\/p><\/td><\/tr><tr><td><p>Ga\u0142eczka Julia<\/p><\/td><td><p>GJ<\/p><\/td><td><p>technik robotyk<\/p><\/td><td><p>warsztaty paw. C<\/p><\/td><\/tr><tr><td><p>Pawlikowski Tomasz<\/p><\/td><td><p>PT<\/p><\/td><td><p>technik elektronik<\/p><\/td><td><p>310A\/203A<\/p><\/td><\/tr><tr><td><p>Kosela Mariusz<\/p><\/td><td><p>MKo<\/p><\/td><td><p>technik elektronik<\/p><\/td><td><p>302A\/304A<\/p><\/td><\/tr><\/tbody><\/table>\n            <\/div><\/div>\t\t\t\t<\/div>\n\t\t\t\t\t<\/div>\n\t\t\t\t<\/div>\n\t\t<div class=\"elementor-element elementor-element-5c85aa5 e-flex e-con-boxed e-con e-parent\" data-id=\"5c85aa5\" data-element_type=\"container\" data-e-type=\"container\">\n\t\t\t\t\t<div class=\"e-con-inner\">\n\t\t\t\t<div class=\"elementor-element elementor-element-a52d155 elementor-widget elementor-widget-heading\" data-id=\"a52d155\" data-element_type=\"widget\" data-e-type=\"widget\" data-widget_type=\"heading.default\">\n\t\t\t\t\t<h3 class=\"elementor-heading-title elementor-size-default\">ZESP\u00d3\u0141 SPORTU<br>I SPRAW OBRONNYCH<\/h3>\t\t\t\t<\/div>\n\t\t\t\t<div class=\"elementor-element elementor-element-babd74e elementor-widget elementor-widget-text-editor\" data-id=\"babd74e\" data-element_type=\"widget\" data-e-type=\"widget\" data-widget_type=\"text-editor.default\">\n\t\t\t\t\t\t\t\t\t<p>Przewodnicz\u0105cy Zespo\u0142u: Pawe\u0142 Nowak<\/p>\t\t\t\t\t\t\t\t<\/div>\n\t\t\t\t<div class=\"elementor-element elementor-element-ee8d314 elementor-widget elementor-widget-eael-advanced-data-table\" data-id=\"ee8d314\" data-element_type=\"widget\" data-e-type=\"widget\" data-widget_type=\"eael-advanced-data-table.default\">\n\t\t\t\t\t<div class=\"ea-advanced-data-table-wrap\" data-id=\"ee8d314\"><div class=\"ea-advanced-data-table-search-wrap ea-advanced-data-table-search-right\"><input type=\"search\" placeholder=\"Search\" class=\"ea-advanced-data-table-search\"><\/div><div class=\"ea-advanced-data-table-wrap-inner\">\n                <table class=\"ea-advanced-data-table ea-advanced-data-table-static ea-advanced-data-table-ee8d314 ea-advanced-data-table-sortable ea-advanced-data-table-searchable\" data-id=\"ee8d314\"><thead><tr><th><p>NAZWISKO I IMI\u0118<\/p><\/th><th><p>SKR\u00d3T<\/p><\/th><th><p>NAUCZANY PRZEDMIOT<\/p><\/th><th><p>PRACOWNIA<\/p><\/th><\/tr><\/thead><tbody><tr><td><p>Gorzkowski Andrzej<\/p><\/td><td><p>AO<\/p><\/td><td><p>wychowanie fizyczne<\/p><\/td><td><p><br><\/p><\/td><\/tr><tr><td><p>Grzyb Karolina<\/p><\/td><td><p>Gr<\/p><\/td><td><p>wychowanie fizyczne<\/p><\/td><td><p><br><\/p><\/td><\/tr><tr><td><p>Mosna Artur<\/p><\/td><td><p>Mo<\/p><\/td><td><p>wychowanie fizyczne<\/p><\/td><td><p><br><\/p><\/td><\/tr><tr><td><p>Nowak Pawe\u0142<\/p><\/td><td><p>PN<\/p><\/td><td><p>wychowanie fizyczne<\/p><\/td><td><p><br><\/p><\/td><\/tr><tr><td><p>Paku\u0142a Piotr<\/p><\/td><td><p>PP<\/p><\/td><td><p>wychowanie fizyczne<\/p><\/td><td><p><br><\/p><\/td><\/tr><tr><td><p>Planeta Karolina<\/p><\/td><td><p>PL<\/p><\/td><td><p>wychowanie fizyczne<\/p><\/td><td><p><br><\/p><\/td><\/tr><tr><td><p>Waszkiewicz Piotr<\/p><\/td><td><p>WK<\/p><\/td><td><p>wychowanie fizyczne<\/p><\/td><td><p><br><\/p><\/td><\/tr><\/tbody><\/table>\n            <\/div><\/div>\t\t\t\t<\/div>\n\t\t\t\t\t<\/div>\n\t\t\t\t<\/div>\n\t\t<div class=\"elementor-element elementor-element-22eeafe e-flex e-con-boxed e-con e-parent\" data-id=\"22eeafe\" data-element_type=\"container\" data-e-type=\"container\">\n\t\t\t\t\t<div class=\"e-con-inner\">\n\t\t\t\t<div class=\"elementor-element elementor-element-43f6f82 elementor-widget elementor-widget-heading\" data-id=\"43f6f82\" data-element_type=\"widget\" data-e-type=\"widget\" data-widget_type=\"heading.default\">\n\t\t\t\t\t<h3 class=\"elementor-heading-title elementor-size-default\">ZESP\u00d3\u0141 PRZEDMIOT\u00d3W IT <br>I REKLAMY<\/h3>\t\t\t\t<\/div>\n\t\t\t\t<div class=\"elementor-element elementor-element-3764cbc elementor-widget elementor-widget-text-editor\" data-id=\"3764cbc\" data-element_type=\"widget\" data-e-type=\"widget\" data-widget_type=\"text-editor.default\">\n\t\t\t\t\t\t\t\t\t<p>Przewodnicz\u0105cy Zespo\u0142u: Arkadiusz Por\u0119bski<\/p>\t\t\t\t\t\t\t\t<\/div>\n\t\t\t\t<div class=\"elementor-element elementor-element-12a335c elementor-widget elementor-widget-eael-advanced-data-table\" data-id=\"12a335c\" data-element_type=\"widget\" data-e-type=\"widget\" data-widget_type=\"eael-advanced-data-table.default\">\n\t\t\t\t\t<div class=\"ea-advanced-data-table-wrap\" data-id=\"12a335c\"><div class=\"ea-advanced-data-table-search-wrap ea-advanced-data-table-search-right\"><input type=\"search\" placeholder=\"Search\" class=\"ea-advanced-data-table-search\"><\/div><div class=\"ea-advanced-data-table-wrap-inner\">\n                <table class=\"ea-advanced-data-table ea-advanced-data-table-static ea-advanced-data-table-12a335c ea-advanced-data-table-sortable ea-advanced-data-table-searchable\" data-id=\"12a335c\"><thead><tr><th><p>NAZWISKO I IMI\u0118<\/p><\/th><th><p>SKR\u00d3T<\/p><\/th><th><p>NAUCZANY PRZEDMIOT<\/p><\/th><th><p>PRACOWNIA<\/p><\/th><\/tr><\/thead><tbody><tr><td><p>Sulej Krzysztof<\/p><\/td><td><p>KS<\/p><\/td><td><p>technik informatyk<\/p><\/td><td><p>315A<\/p><\/td><\/tr><tr><td><p>Dudek Micha\u0142<\/p><\/td><td><p>MD<\/p><\/td><td><p>technik informatyk\/technik programista<\/p><\/td><td><p>211B<\/p><\/td><\/tr><tr><td><p>Mo\u017adzierska \u2013 Dudek Malwina<\/p><\/td><td><p>MM<\/p><\/td><td><p>technik informatyk<\/p><\/td><td><p><br><\/p><\/td><\/tr><tr><td><p>Kocio\u0142ek Zenon<\/p><\/td><td><p>ZK<\/p><\/td><td><p>technik informatyk<\/p><\/td><td><p>316A<\/p><\/td><\/tr><tr><td><p>Kowalczyk Marcin<\/p><\/td><td><p>MY<\/p><\/td><td><p>technik informatyk\/technik programista<\/p><\/td><td><p>108B<\/p><\/td><\/tr><tr><td><p>Kukla Robert<\/p><\/td><td><p>RK<\/p><\/td><td><p>technik informatyk\/technik programista<\/p><\/td><td><p>115B<\/p><\/td><\/tr><tr><td><p>Ludkowski Micha\u0142<\/p><\/td><td><p>ML<\/p><\/td><td><p>technik programista<\/p><\/td><td><p>111B<\/p><\/td><\/tr><tr><td><p>Mularczuk Justyna<\/p><\/td><td><p>JM<\/p><\/td><td><p>technik informatyk\/technik programista<\/p><\/td><td><p>200B<\/p><\/td><\/tr><tr><td><p>Nowak Martyna<\/p><\/td><td><p>MN<\/p><\/td><td><p>technik reklamy<\/p><\/td><td><p>111C<\/p><\/td><\/tr><tr><td><p>Pi\u0105tek Klaudia<\/p><\/td><td><p>KP<\/p><\/td><td><p>technik reklamy<\/p><\/td><td><p>104C<\/p><\/td><\/tr><tr><td><p>Porc Danuta<\/p><\/td><td><p>DP<\/p><\/td><td><p>technik informatyk\/technik programista<\/p><\/td><td><p>314A<\/p><\/td><\/tr><tr><td><p>Por\u0119bski Arkadiusz<\/p><\/td><td><p>Pr<\/p><\/td><td><p>technik programista\/technik robotyk<\/p><\/td><td><p>113B<\/p><\/td><\/tr><tr><td><p>Ring Piotr<\/p><\/td><td><p>RP<\/p><\/td><td><p>technik programista<\/p><\/td><td><p>209B<\/p><\/td><\/tr><tr><td><p>Wilko\u0144ski Grzegorz<\/p><\/td><td><p>WL<\/p><\/td><td><p>technik programista<\/p><\/td><td><p>315A<\/p><\/td><\/tr><tr><td><p>Wiltosi\u0144ska Marta<\/p><\/td><td><p>MW<\/p><\/td><td><p>technik informatyk, technik programista, technik reklamy<\/p><\/td><td><p>213B<\/p><\/td><\/tr><tr><td><p>Zobek Monika<\/p><\/td><td><p>MZ<\/p><\/td><td><p>technik reklamy<\/p><\/td><td><p>105B<\/p><\/td><\/tr><tr><td><p>Muniowski Dawid<\/p><\/td><td><p>Mu<\/p><\/td><td><p>technik informatyk\/technik programista<\/p><\/td><td><p>209B<\/p><\/td><\/tr><tr><td><p>Tobo\u0142a Marta<\/p><\/td><td><p>MT<\/p><\/td><td><p>technik reklamy<\/p><\/td><td><p>108A<\/p><\/td><\/tr><\/tbody><\/table>\n            <\/div><\/div>\t\t\t\t<\/div>\n\t\t\t\t\t<\/div>\n\t\t\t\t<\/div>\n\t\t\t\t<\/div>\n\t\t","protected":false},"excerpt":{"rendered":"<p>WYKAZ NAUCZYCIELI UCZ\u0104CYCHW TECHNICZNYCH ZAK\u0141ADACH NAUKOWYCH ZESP\u00d3\u0141 PRZEDMIOT\u00d3W \u015aCIS\u0141YCHI PRZYRODNICZYCH Przewodnicz\u0105ca Zespo\u0142u: Agata Karo\u0144 NAZWISKO I IMI\u0118 SKR\u00d3T NAUCZANY PRZEDMIOT PRACOWNIA Hermanowska Aleksandra AH fizyka 202B Furgacz Kinga KF geografia, matematyka 207 A Koza Grzegorz GK matematyka 103B M\u0119cik Aleksandra M2 matematyka, fizyka 206A Sadowska (Novak) Iwona IN biologia, chemia 208B Kukla Jowita JK chemia &#8230; <a title=\"GRONO PEDAGOGICZNE\" class=\"read-more\" href=\"https:\/\/student.tzn.dg.pl\/newtzn\/?page_id=263\" aria-label=\"Dowiedz si\u0119 wi\u0119cej o GRONO PEDAGOGICZNE\">Dowiedz si\u0119 wi\u0119cej<\/a><\/p>\n","protected":false},"author":2,"featured_media":0,"parent":0,"menu_order":0,"comment_status":"closed","ping_status":"closed","template":"","meta":{"footnotes":""},"class_list":["post-263","page","type-page","status-publish"],"_links":{"self":[{"href":"https:\/\/student.tzn.dg.pl\/newtzn\/index.php?rest_route=\/wp\/v2\/pages\/263","targetHints":{"allow":["GET"]}}],"collection":[{"href":"https:\/\/student.tzn.dg.pl\/newtzn\/index.php?rest_route=\/wp\/v2\/pages"}],"about":[{"href":"https:\/\/student.tzn.dg.pl\/newtzn\/index.php?rest_route=\/wp\/v2\/types\/page"}],"author":[{"embeddable":true,"href":"https:\/\/student.tzn.dg.pl\/newtzn\/index.php?rest_route=\/wp\/v2\/users\/2"}],"replies":[{"embeddable":true,"href":"https:\/\/student.tzn.dg.pl\/newtzn\/index.php?rest_route=%2Fwp%2Fv2%2Fcomments&post=263"}],"version-history":[{"count":85,"href":"https:\/\/student.tzn.dg.pl\/newtzn\/index.php?rest_route=\/wp\/v2\/pages\/263\/revisions"}],"predecessor-version":[{"id":490,"href":"https:\/\/student.tzn.dg.pl\/newtzn\/index.php?rest_route=\/wp\/v2\/pages\/263\/revisions\/490"}],"wp:attachment":[{"href":"https:\/\/student.tzn.dg.pl\/newtzn\/index.php?rest_route=%2Fwp%2Fv2%2Fmedia&parent=263"}],"curies":[{"name":"wp","href":"https:\/\/api.w.org\/{rel}","templated":true}]}}