{"id":21,"date":"2026-03-19T16:38:28","date_gmt":"2026-03-19T15:38:28","guid":{"rendered":"https:\/\/student.tzn.dg.pl\/newtzn\/?page_id=21"},"modified":"2026-03-20T01:06:15","modified_gmt":"2026-03-20T00:06:15","slug":"kontakt","status":"publish","type":"page","link":"https:\/\/student.tzn.dg.pl\/newtzn\/?page_id=21","title":{"rendered":"KONTAKT"},"content":{"rendered":"\t\t<div data-elementor-type=\"wp-page\" data-elementor-id=\"21\" class=\"elementor elementor-21\">\n\t\t\t\t<div class=\"elementor-element elementor-element-f01b2b3 e-flex e-con-boxed e-con e-parent\" data-id=\"f01b2b3\" data-element_type=\"container\" data-e-type=\"container\">\n\t\t\t\t\t<div class=\"e-con-inner\">\n\t\t<div class=\"elementor-element elementor-element-36e39cc e-con-full e-flex e-con e-child\" data-id=\"36e39cc\" data-element_type=\"container\" data-e-type=\"container\">\n\t\t\t\t<div class=\"elementor-element elementor-element-c3d1ceb elementor-widget elementor-widget-text-editor\" data-id=\"c3d1ceb\" data-element_type=\"widget\" data-e-type=\"widget\" data-widget_type=\"text-editor.default\">\n\t\t\t\t\t\t\t\t\t<p>Tel.: (032) 262-43-13<br \/>e-mail: sekretariat@tzn.dg.pl<\/p><p><strong>Techniczne Zak\u0142ady Naukowe w D\u0105browie G\u00f3rniczej<\/strong><br \/>ul. Emilii Zawidzkiej 10<br \/>41-300 D\u0105browa G\u00f3rnicza<br \/>NIP: 629-15-22-573<br \/>Regon: 000026057<\/p><p><strong>Rada Rodzic\u00f3w Technicznych Zak\u0142ad\u00f3w Naukowych w D\u0105browie G\u00f3rniczej<\/strong><br \/>ul. Emilii Zawidzkiej 10<br \/>41-300 D\u0105browa G\u00f3rnicza<br \/>NIP: 629-15-22-573<\/p>\t\t\t\t\t\t\t\t<\/div>\n\t\t\t\t<\/div>\n\t\t<div class=\"elementor-element elementor-element-294d253 e-con-full e-flex e-con e-child\" data-id=\"294d253\" data-element_type=\"container\" data-e-type=\"container\">\n\t\t\t\t<div class=\"elementor-element elementor-element-3ca86de elementor-widget elementor-widget-google_maps\" data-id=\"3ca86de\" data-element_type=\"widget\" data-e-type=\"widget\" data-widget_type=\"google_maps.default\">\n\t\t\t\t\t\t\t<div class=\"elementor-custom-embed\">\n\t\t\t<iframe loading=\"lazy\"\n\t\t\t\t\tsrc=\"https:\/\/maps.google.com\/maps?q=ul.%20Emilii%20Zawidzkiej%2010%2041-300%20D%C4%85browa%20G%C3%B3rnicza&#038;t=m&#038;z=17&#038;output=embed&#038;iwloc=near\"\n\t\t\t\t\ttitle=\"ul. Emilii Zawidzkiej 10 41-300 D\u0105browa G\u00f3rnicza\"\n\t\t\t\t\taria-label=\"ul. Emilii Zawidzkiej 10 41-300 D\u0105browa G\u00f3rnicza\"\n\t\t\t><\/iframe>\n\t\t<\/div>\n\t\t\t\t\t\t<\/div>\n\t\t\t\t<\/div>\n\t\t\t\t\t<\/div>\n\t\t\t\t<\/div>\n\t\t<div class=\"elementor-element elementor-element-4cf29b3 e-flex e-con-boxed e-con e-parent\" data-id=\"4cf29b3\" data-element_type=\"container\" data-e-type=\"container\">\n\t\t\t\t\t<div class=\"e-con-inner\">\n\t\t\t\t<div class=\"elementor-element elementor-element-52ed5e6 elementor-widget elementor-widget-image\" data-id=\"52ed5e6\" data-element_type=\"widget\" data-e-type=\"widget\" data-widget_type=\"image.default\">\n\t\t\t\t\t\t\t\t\t\t\t\t<figure class=\"wp-caption\">\n\t\t\t\t\t\t\t\t\t\t<img fetchpriority=\"high\" decoding=\"async\" width=\"768\" height=\"498\" src=\"https:\/\/student.tzn.dg.pl\/newtzn\/wp-content\/uploads\/2026\/03\/pawilony-1-768x498.png\" class=\"attachment-medium_large size-medium_large wp-image-153\" alt=\"Plan szko\u0142y z oznaczeniem pawilon\u00f3w A, B i C oraz wej\u015bcia i parking\u00f3w\" srcset=\"https:\/\/student.tzn.dg.pl\/newtzn\/wp-content\/uploads\/2026\/03\/pawilony-1-768x498.png 768w, https:\/\/student.tzn.dg.pl\/newtzn\/wp-content\/uploads\/2026\/03\/pawilony-1-300x195.png 300w, https:\/\/student.tzn.dg.pl\/newtzn\/wp-content\/uploads\/2026\/03\/pawilony-1.png 968w\" sizes=\"(max-width: 768px) 100vw, 768px\" \/>\t\t\t\t\t\t\t\t\t\t\t<figcaption class=\"widget-image-caption wp-caption-text\">Schemat rozmieszczenia pawilon\u00f3w szkolnych oraz wej\u015b\u0107 na teren szko\u0142y<\/figcaption>\n\t\t\t\t\t\t\t\t\t\t<\/figure>\n\t\t\t\t\t\t\t\t\t<\/div>\n\t\t\t\t\t<\/div>\n\t\t\t\t<\/div>\n\t\t\t\t<\/div>\n\t\t","protected":false},"excerpt":{"rendered":"<p>Tel.: (032) 262-43-13e-mail: sekretariat@tzn.dg.pl Techniczne Zak\u0142ady Naukowe w D\u0105browie G\u00f3rniczejul. Emilii Zawidzkiej 1041-300 D\u0105browa G\u00f3rniczaNIP: 629-15-22-573Regon: 000026057 Rada Rodzic\u00f3w Technicznych Zak\u0142ad\u00f3w Naukowych w D\u0105browie G\u00f3rniczejul. Emilii Zawidzkiej 1041-300 D\u0105browa G\u00f3rniczaNIP: 629-15-22-573 Schemat rozmieszczenia pawilon\u00f3w szkolnych oraz wej\u015b\u0107 na teren szko\u0142y<\/p>\n","protected":false},"author":2,"featured_media":0,"parent":0,"menu_order":0,"comment_status":"closed","ping_status":"closed","template":"","meta":{"footnotes":""},"class_list":["post-21","page","type-page","status-publish"],"_links":{"self":[{"href":"https:\/\/student.tzn.dg.pl\/newtzn\/index.php?rest_route=\/wp\/v2\/pages\/21","targetHints":{"allow":["GET"]}}],"collection":[{"href":"https:\/\/student.tzn.dg.pl\/newtzn\/index.php?rest_route=\/wp\/v2\/pages"}],"about":[{"href":"https:\/\/student.tzn.dg.pl\/newtzn\/index.php?rest_route=\/wp\/v2\/types\/page"}],"author":[{"embeddable":true,"href":"https:\/\/student.tzn.dg.pl\/newtzn\/index.php?rest_route=\/wp\/v2\/users\/2"}],"replies":[{"embeddable":true,"href":"https:\/\/student.tzn.dg.pl\/newtzn\/index.php?rest_route=%2Fwp%2Fv2%2Fcomments&post=21"}],"version-history":[{"count":10,"href":"https:\/\/student.tzn.dg.pl\/newtzn\/index.php?rest_route=\/wp\/v2\/pages\/21\/revisions"}],"predecessor-version":[{"id":156,"href":"https:\/\/student.tzn.dg.pl\/newtzn\/index.php?rest_route=\/wp\/v2\/pages\/21\/revisions\/156"}],"wp:attachment":[{"href":"https:\/\/student.tzn.dg.pl\/newtzn\/index.php?rest_route=%2Fwp%2Fv2%2Fmedia&parent=21"}],"curies":[{"name":"wp","href":"https:\/\/api.w.org\/{rel}","templated":true}]}}