{"id":201,"date":"2026-03-20T13:17:44","date_gmt":"2026-03-20T12:17:44","guid":{"rendered":"https:\/\/student.tzn.dg.pl\/newtzn\/?page_id=201"},"modified":"2026-03-20T13:41:04","modified_gmt":"2026-03-20T12:41:04","slug":"regulamin-rekrutacji","status":"publish","type":"page","link":"https:\/\/student.tzn.dg.pl\/newtzn\/?page_id=201","title":{"rendered":"REGULAMIN REKRUTACJI"},"content":{"rendered":"\t\t<div data-elementor-type=\"wp-page\" data-elementor-id=\"201\" class=\"elementor elementor-201\">\n\t\t\t\t<div class=\"elementor-element elementor-element-f990e77 e-flex e-con-boxed e-con e-parent\" data-id=\"f990e77\" data-element_type=\"container\" data-e-type=\"container\">\n\t\t\t\t\t<div class=\"e-con-inner\">\n\t\t\t\t<div class=\"elementor-element elementor-element-85cfcf4 elementor-widget elementor-widget-heading\" data-id=\"85cfcf4\" data-element_type=\"widget\" data-e-type=\"widget\" data-widget_type=\"heading.default\">\n\t\t\t\t\t<h2 class=\"elementor-heading-title elementor-size-default\">Regulamin rekrutacji<br>do Technicznych Zak\u0142ad\u00f3w Naukowych<br>w D\u0105browie G\u00f3rniczej<\/h2>\t\t\t\t<\/div>\n\t\t\t\t\t<\/div>\n\t\t\t\t<\/div>\n\t\t<div class=\"elementor-element elementor-element-bd52ebc e-flex e-con-boxed e-con e-parent\" data-id=\"bd52ebc\" data-element_type=\"container\" data-e-type=\"container\">\n\t\t\t\t\t<div class=\"e-con-inner\">\n\t\t\t\t<div class=\"elementor-element elementor-element-09e3bfb elementor-widget elementor-widget-text-editor\" data-id=\"09e3bfb\" data-element_type=\"widget\" data-e-type=\"widget\" data-widget_type=\"text-editor.default\">\n\t\t\t\t\t\t\t\t\t<p>Rok szkolny 2026\/2027<br \/>Rekrutacja dotyczy naboru do klas pierwszych Technikum nr 2 w Technicznych Zak\u0142adach Naukowych.<\/p><p>Techniczne Zak\u0142ady Naukowe<br \/>ul. Emilii Zawidzkiej 10, 41-300 D\u0105browa G\u00f3rnicza<br \/>tel. 32 262 53 10<br \/>e-mail: rekrutacja@tzn.dg.pl<\/p>\t\t\t\t\t\t\t\t<\/div>\n\t\t\t\t\t<\/div>\n\t\t\t\t<\/div>\n\t\t<div class=\"elementor-element elementor-element-6a8520d e-flex e-con-boxed e-con e-parent\" data-id=\"6a8520d\" data-element_type=\"container\" data-e-type=\"container\">\n\t\t\t\t\t<div class=\"e-con-inner\">\n\t\t\t\t<div class=\"elementor-element elementor-element-6f51f2d elementor-widget elementor-widget-heading\" data-id=\"6f51f2d\" data-element_type=\"widget\" data-e-type=\"widget\" data-widget_type=\"heading.default\">\n\t\t\t\t\t<h2 class=\"elementor-heading-title elementor-size-default\"><span style=\"font-size: 26px;letter-spacing: 0.5px;text-align: start;text-transform: uppercase\">Podstawa prawna<\/span><\/h2>\t\t\t\t<\/div>\n\t\t\t\t\t<\/div>\n\t\t\t\t<\/div>\n\t\t<div class=\"elementor-element elementor-element-db18093 e-flex e-con-boxed e-con e-parent\" data-id=\"db18093\" data-element_type=\"container\" data-e-type=\"container\">\n\t\t\t\t\t<div class=\"e-con-inner\">\n\t\t\t\t<div class=\"elementor-element elementor-element-18cb9ac elementor-widget elementor-widget-text-editor\" data-id=\"18cb9ac\" data-element_type=\"widget\" data-e-type=\"widget\" data-widget_type=\"text-editor.default\">\n\t\t\t\t\t\t\t\t\t<ul><li><strong>Ustawa z dnia 14 grudnia 2016 r. Prawo o\u015bwiatowe<\/strong> (Dz. U. z 2023 r. poz. 900 ze zm.).<\/li><li><strong>Rozporz\u0105dzenie Ministra Edukacji Narodowej z dnia 18 listopada 2022 r.<\/strong> w sprawie przeprowadzania post\u0119powania rekrutacyjnego oraz post\u0119powania uzupe\u0142niaj\u0105cego do publicznych przedszkoli, szk\u00f3\u0142, plac\u00f3wek i centr\u00f3w (Dz.U.z 2022 r., poz. 2431 oraz z 2024 r. poz. 151).<\/li><li><strong>Decyzja nr WE-KZ.527.1.2024 \u015al\u0105skiego Kuratora O\u015bwiaty z dnia 29 stycznia 2024 r.<\/strong> w sprawie okre\u015blenia termin\u00f3w przeprowadzania post\u0119powania rekrutacyjnego i post\u0119powania uzupe\u0142niaj\u0105cego na terenie wojew\u00f3dztwa \u015bl\u0105skiego, w tym termin\u00f3w sk\u0142adania dokument\u00f3w.<\/li><\/ul>\t\t\t\t\t\t\t\t<\/div>\n\t\t\t\t\t<\/div>\n\t\t\t\t<\/div>\n\t\t<div class=\"elementor-element elementor-element-eca3724 e-flex e-con-boxed e-con e-parent\" data-id=\"eca3724\" data-element_type=\"container\" data-e-type=\"container\">\n\t\t\t\t\t<div class=\"e-con-inner\">\n\t\t\t\t<div class=\"elementor-element elementor-element-e626e57 elementor-widget elementor-widget-heading\" data-id=\"e626e57\" data-element_type=\"widget\" data-e-type=\"widget\" data-widget_type=\"heading.default\">\n\t\t\t\t\t<h2 class=\"elementor-heading-title elementor-size-default\"><font color=\"#972626\" face=\"Open Sans\"><span style=\"font-size: 26px;letter-spacing: 0.5px;text-transform: uppercase\">informacje og\u00f3lne<\/span><\/font><\/h2>\t\t\t\t<\/div>\n\t\t\t\t\t<\/div>\n\t\t\t\t<\/div>\n\t\t<div class=\"elementor-element elementor-element-e13cba8 e-flex e-con-boxed e-con e-parent\" data-id=\"e13cba8\" data-element_type=\"container\" data-e-type=\"container\">\n\t\t\t\t\t<div class=\"e-con-inner\">\n\t\t\t\t<div class=\"elementor-element elementor-element-e31d173 elementor-widget elementor-widget-text-editor\" data-id=\"e31d173\" data-element_type=\"widget\" data-e-type=\"widget\" data-widget_type=\"text-editor.default\">\n\t\t\t\t\t\t\t\t\t<p>Post\u0119powanie rekrutacyjne prowadzone jest z wykorzystaniem\u00a0<strong>systemu elektronicznego<\/strong>.<\/p><p>Rejestracji nale\u017cy dokona\u0107 na stronie:\u00a0<a role=\"link\" href=\"https:\/\/slaskie.edu.com.pl\/kandydat\/app\/access_locked.xhtml\"><strong>slaskie.edu.com.pl<\/strong><\/a><\/p>\t\t\t\t\t\t\t\t<\/div>\n\t\t\t\t\t<\/div>\n\t\t\t\t<\/div>\n\t\t<div class=\"elementor-element elementor-element-11d318d e-flex e-con-boxed e-con e-parent\" data-id=\"11d318d\" data-element_type=\"container\" data-e-type=\"container\">\n\t\t\t\t\t<div class=\"e-con-inner\">\n\t\t\t\t<div class=\"elementor-element elementor-element-d14a318 elementor-widget elementor-widget-heading\" data-id=\"d14a318\" data-element_type=\"widget\" data-e-type=\"widget\" data-widget_type=\"heading.default\">\n\t\t\t\t\t<h2 class=\"elementor-heading-title elementor-size-default\"><span style=\"font-size: 26px;letter-spacing: 0.5px;text-transform: uppercase\">Kierunki kszta\u0142cenia w roku szkolnym 2026\/2027<\/span><\/h2>\t\t\t\t<\/div>\n\t\t\t\t\t<\/div>\n\t\t\t\t<\/div>\n\t\t<div class=\"elementor-element elementor-element-5acc79b e-flex e-con-boxed e-con e-parent\" data-id=\"5acc79b\" data-element_type=\"container\" data-e-type=\"container\">\n\t\t\t\t\t<div class=\"e-con-inner\">\n\t\t\t\t<div class=\"elementor-element elementor-element-91d4aab elementor-widget elementor-widget-text-editor\" data-id=\"91d4aab\" data-element_type=\"widget\" data-e-type=\"widget\" data-widget_type=\"text-editor.default\">\n\t\t\t\t\t\t\t\t\t<ul><li><a role=\"link\" href=\"https:\/\/tzn.dg.pl\/automatyk\/\"><strong>technik automatyk<\/strong><\/a><\/li><li><a role=\"link\" href=\"https:\/\/tzn.dg.pl\/technik-elektryk\/\"><strong>technik elektryk<\/strong><\/a><\/li><li><a role=\"link\" href=\"https:\/\/tzn.dg.pl\/technik-elektronik\/\"><strong>technik elektronik<\/strong><\/a><\/li><li><a role=\"link\" href=\"https:\/\/tzn.dg.pl\/technik-informatyk\/\"><strong>technik informatyk<\/strong><\/a><\/li><li><a role=\"link\" href=\"https:\/\/tzn.dg.pl\/technik-mechanik\/\"><strong>technik mechanik<\/strong><\/a><\/li><li><a role=\"link\" href=\"https:\/\/tzn.dg.pl\/programista\/\"><strong>technik programista<\/strong><\/a><\/li><li><a role=\"link\" href=\"https:\/\/tzn.dg.pl\/technik-reklamy\/\"><strong>technik reklamy<\/strong><\/a><\/li><li><a role=\"link\" href=\"https:\/\/tzn.dg.pl\/technik-robotyk\/\"><strong>technik robotyk<\/strong><\/a><\/li><\/ul>\t\t\t\t\t\t\t\t<\/div>\n\t\t\t\t\t<\/div>\n\t\t\t\t<\/div>\n\t\t<div class=\"elementor-element elementor-element-6ecac71 e-flex e-con-boxed e-con e-parent\" data-id=\"6ecac71\" data-element_type=\"container\" data-e-type=\"container\">\n\t\t\t\t\t<div class=\"e-con-inner\">\n\t\t\t\t<div class=\"elementor-element elementor-element-14a605f elementor-widget elementor-widget-heading\" data-id=\"14a605f\" data-element_type=\"widget\" data-e-type=\"widget\" data-widget_type=\"heading.default\">\n\t\t\t\t\t<h2 class=\"elementor-heading-title elementor-size-default\"><font color=\"#972626\" face=\"Open Sans\"><span style=\"font-size: 26px;letter-spacing: 0.5px;text-transform: uppercase\">warunki przyj\u0119cia do klasy pierwszej<\/span><\/font><\/h2>\t\t\t\t<\/div>\n\t\t\t\t\t<\/div>\n\t\t\t\t<\/div>\n\t\t<div class=\"elementor-element elementor-element-9110f46 e-flex e-con-boxed e-con e-parent\" data-id=\"9110f46\" data-element_type=\"container\" data-e-type=\"container\">\n\t\t\t\t\t<div class=\"e-con-inner\">\n\t\t\t\t<div class=\"elementor-element elementor-element-67a08db elementor-widget elementor-widget-text-editor\" data-id=\"67a08db\" data-element_type=\"widget\" data-e-type=\"widget\" data-widget_type=\"text-editor.default\">\n\t\t\t\t\t\t\t\t\t<p>Do klasy pierwszej przyjmowani s\u0105 kandydaci, kt\u00f3rzy posiadaj\u0105:<\/p><ul><li style=\"list-style-type: none;\"><ul><li><strong>\u015bwiadectwo uko\u0144czenia szko\u0142y podstawowej<\/strong>,<\/li><li><strong>za\u015bwiadczenie lekarskie<\/strong>\u00a0zawieraj\u0105ce orzeczenie o braku przeciwwskaza\u0144 zdrowotnych do podj\u0119cia praktycznej nauki zawodu.<\/li><\/ul><\/li><\/ul>\t\t\t\t\t\t\t\t<\/div>\n\t\t\t\t\t<\/div>\n\t\t\t\t<\/div>\n\t\t<div class=\"elementor-element elementor-element-e0d69cc e-flex e-con-boxed e-con e-parent\" data-id=\"e0d69cc\" data-element_type=\"container\" data-e-type=\"container\">\n\t\t\t\t\t<div class=\"e-con-inner\">\n\t\t\t\t<div class=\"elementor-element elementor-element-5bd906f elementor-widget elementor-widget-heading\" data-id=\"5bd906f\" data-element_type=\"widget\" data-e-type=\"widget\" data-widget_type=\"heading.default\">\n\t\t\t\t\t<h2 class=\"elementor-heading-title elementor-size-default\"><span style=\"font-size: 26px;letter-spacing: 0.5px;text-transform: uppercase\">Wa\u017cne zasady organizacyjne<\/span><\/h2>\t\t\t\t<\/div>\n\t\t\t\t\t<\/div>\n\t\t\t\t<\/div>\n\t\t<div class=\"elementor-element elementor-element-0a9a77f e-flex e-con-boxed e-con e-parent\" data-id=\"0a9a77f\" data-element_type=\"container\" data-e-type=\"container\">\n\t\t\t\t\t<div class=\"e-con-inner\">\n\t\t\t\t<div class=\"elementor-element elementor-element-e4e72b2 elementor-widget elementor-widget-text-editor\" data-id=\"e4e72b2\" data-element_type=\"widget\" data-e-type=\"widget\" data-widget_type=\"text-editor.default\">\n\t\t\t\t\t\t\t\t\t<ul><li>Je\u017celi liczba kandydat\u00f3w zakwalifikowanych do oddzia\u0142u b\u0119dzie ni\u017csza ni\u017c\u00a0<strong>24 osoby<\/strong>, oddzia\u0142 nie zostanie utworzony.<\/li><li>Je\u017celi liczba kandydat\u00f3w zakwalifikowanych do danego zawodu b\u0119dzie ni\u017csza ni\u017c\u00a0<strong>10 os\u00f3b<\/strong>, zaw\u00f3d nie zostanie uruchomiony.<\/li><\/ul>\t\t\t\t\t\t\t\t<\/div>\n\t\t\t\t\t<\/div>\n\t\t\t\t<\/div>\n\t\t<div class=\"elementor-element elementor-element-0d56ca2 e-flex e-con-boxed e-con e-parent\" data-id=\"0d56ca2\" data-element_type=\"container\" data-e-type=\"container\">\n\t\t\t\t\t<div class=\"e-con-inner\">\n\t\t\t\t<div class=\"elementor-element elementor-element-efa8126 elementor-widget elementor-widget-heading\" data-id=\"efa8126\" data-element_type=\"widget\" data-e-type=\"widget\" data-widget_type=\"heading.default\">\n\t\t\t\t\t<h2 class=\"elementor-heading-title elementor-size-default\"><span style=\"font-size: 26px;letter-spacing: 0.5px;text-transform: uppercase\">Punktacja i szczeg\u00f3\u0142owe zasady rekrutacji<\/span><\/h2>\t\t\t\t<\/div>\n\t\t\t\t\t<\/div>\n\t\t\t\t<\/div>\n\t\t<div class=\"elementor-element elementor-element-925a36e e-flex e-con-boxed e-con e-parent\" data-id=\"925a36e\" data-element_type=\"container\" data-e-type=\"container\">\n\t\t\t\t\t<div class=\"e-con-inner\">\n\t\t\t\t<div class=\"elementor-element elementor-element-7f1b1e9 elementor-widget elementor-widget-heading\" data-id=\"7f1b1e9\" data-element_type=\"widget\" data-e-type=\"widget\" data-widget_type=\"heading.default\">\n\t\t\t\t\t<h4 class=\"elementor-heading-title elementor-size-default\"><h3 style=\"margin-top: 18px;margin-bottom: 6px;padding-bottom: 10px;font-style: normal;font-weight: 700;font-size: 20px;line-height: 1.2;vertical-align: baseline;letter-spacing: 0.5px;text-transform: uppercase\">Oceny z zaj\u0119\u0107 edukacyjnych<span style=\"font-family: Poppins, sans-serif;font-size: 19px;font-style: inherit;text-transform: none\"><\/span><\/h3><\/h4>\t\t\t\t<\/div>\n\t\t\t\t\t<\/div>\n\t\t\t\t<\/div>\n\t\t<div class=\"elementor-element elementor-element-2ed100f e-flex e-con-boxed e-con e-parent\" data-id=\"2ed100f\" data-element_type=\"container\" data-e-type=\"container\">\n\t\t\t\t\t<div class=\"e-con-inner\">\n\t\t\t\t<div class=\"elementor-element elementor-element-dd6add1 elementor-widget elementor-widget-text-editor\" data-id=\"dd6add1\" data-element_type=\"widget\" data-e-type=\"widget\" data-widget_type=\"text-editor.default\">\n\t\t\t\t\t\t\t\t\t<p>Na punkty przeliczane s\u0105 oceny z nast\u0119puj\u0105cych przedmiot\u00f3w:<\/p><ul><li><strong>j\u0119zyk polski<\/strong><\/li><li><strong>matematyka<\/strong><\/li><li><strong>j\u0119zyk obcy \/ fizyka \/ informatyka<\/strong>\u00a0\u2013 najwy\u017csza ocena<\/li><li><strong>technika \/ plastyka<\/strong>\u00a0\u2013 najwy\u017csza ocena<\/li><\/ul><p><strong>Przelicznik:<\/strong><\/p>\t\t\t\t\t\t\t\t<\/div>\n\t\t\t\t\t<\/div>\n\t\t\t\t<\/div>\n\t\t<div class=\"elementor-element elementor-element-d32dd6e e-flex e-con-boxed e-con e-parent\" data-id=\"d32dd6e\" data-element_type=\"container\" data-e-type=\"container\">\n\t\t\t\t\t<div class=\"e-con-inner\">\n\t\t\t\t<div class=\"elementor-element elementor-element-7c28d2d elementor-widget__width-initial elementor-widget elementor-widget-text-editor\" data-id=\"7c28d2d\" data-element_type=\"widget\" data-e-type=\"widget\" data-widget_type=\"text-editor.default\">\n\t\t\t\t\t\t\t\t\t<table><thead><tr><th>Ocena<\/th><th>Liczba punkt\u00f3w<\/th><\/tr><\/thead><tbody><tr><td>celuj\u0105cy<\/td><td><strong>18 punkt\u00f3w<\/strong><\/td><\/tr><tr><td>bardzo dobry<\/td><td><strong>17 punkt\u00f3w<\/strong><\/td><\/tr><tr><td>dobry<\/td><td><strong>14 punkt\u00f3w<\/strong><\/td><\/tr><tr><td>dostateczny<\/td><td><strong>8 punkt\u00f3w<\/strong><\/td><\/tr><tr><td>dopuszczaj\u0105cy<\/td><td><strong>2 punkty<\/strong><\/td><\/tr><\/tbody><\/table>\t\t\t\t\t\t\t\t<\/div>\n\t\t\t\t\t<\/div>\n\t\t\t\t<\/div>\n\t\t<div class=\"elementor-element elementor-element-927d395 e-flex e-con-boxed e-con e-parent\" data-id=\"927d395\" data-element_type=\"container\" data-e-type=\"container\">\n\t\t\t\t\t<div class=\"e-con-inner\">\n\t\t\t\t<div class=\"elementor-element elementor-element-3c39a0a elementor-widget elementor-widget-heading\" data-id=\"3c39a0a\" data-element_type=\"widget\" data-e-type=\"widget\" data-widget_type=\"heading.default\">\n\t\t\t\t\t<h4 class=\"elementor-heading-title elementor-size-default\">WYNIKI Z EGZAMINU \u00d3SMOKLASISTY<\/h4>\t\t\t\t<\/div>\n\t\t\t\t\t<\/div>\n\t\t\t\t<\/div>\n\t\t<div class=\"elementor-element elementor-element-bc71e44 e-flex e-con-boxed e-con e-parent\" data-id=\"bc71e44\" data-element_type=\"container\" data-e-type=\"container\">\n\t\t\t\t\t<div class=\"e-con-inner\">\n\t\t\t\t<div class=\"elementor-element elementor-element-9c50434 elementor-widget elementor-widget-text-editor\" data-id=\"9c50434\" data-element_type=\"widget\" data-e-type=\"widget\" data-widget_type=\"text-editor.default\">\n\t\t\t\t\t\t\t\t\t<p>Wyniki egzaminu \u00f3smoklasisty przedstawione w procentach przeliczane s\u0105 na punkty w nast\u0119puj\u0105cy spos\u00f3b:<\/p><ul><li><strong>j\u0119zyk polski<\/strong>\u00a0\u2013 wynik mno\u017cy si\u0119 przez\u00a0<strong>0,35<\/strong>,<\/li><li><strong>matematyka<\/strong>\u00a0\u2013 wynik mno\u017cy si\u0119 przez\u00a0<strong>0,35<\/strong>,<\/li><li><strong>j\u0119zyk obcy nowo\u017cytny<\/strong>\u00a0\u2013 wynik mno\u017cy si\u0119 przez\u00a0<strong>0,3<\/strong>.<\/li><\/ul>\t\t\t\t\t\t\t\t<\/div>\n\t\t\t\t\t<\/div>\n\t\t\t\t<\/div>\n\t\t<div class=\"elementor-element elementor-element-0599d86 e-flex e-con-boxed e-con e-parent\" data-id=\"0599d86\" data-element_type=\"container\" data-e-type=\"container\">\n\t\t\t\t\t<div class=\"e-con-inner\">\n\t\t\t\t<div class=\"elementor-element elementor-element-f2a59e8 elementor-widget elementor-widget-heading\" data-id=\"f2a59e8\" data-element_type=\"widget\" data-e-type=\"widget\" data-widget_type=\"heading.default\">\n\t\t\t\t\t<h4 class=\"elementor-heading-title elementor-size-default\">SZCZEG\u00d3LNE OSI\u0104GNI\u0118CIA<\/h4>\t\t\t\t<\/div>\n\t\t\t\t\t<\/div>\n\t\t\t\t<\/div>\n\t\t<div class=\"elementor-element elementor-element-74801e7 e-flex e-con-boxed e-con e-parent\" data-id=\"74801e7\" data-element_type=\"container\" data-e-type=\"container\">\n\t\t\t\t\t<div class=\"e-con-inner\">\n\t\t\t\t<div class=\"elementor-element elementor-element-9333c63 elementor-widget elementor-widget-text-editor\" data-id=\"9333c63\" data-element_type=\"widget\" data-e-type=\"widget\" data-widget_type=\"text-editor.default\">\n\t\t\t\t\t\t\t\t\t<ul><li>\u015bwiadectwo uko\u0144czenia szko\u0142y podstawowej z wyr\u00f3\u017cnieniem \u2013\u00a0<strong>7 punkt\u00f3w<\/strong>,<\/li><li>osi\u0105gni\u0119cia w zakresie aktywno\u015bci spo\u0142ecznej, w tym na rzecz \u015brodowiska szkolnego \u2013\u00a0<strong>3 punkty<\/strong>.<\/li><\/ul>\t\t\t\t\t\t\t\t<\/div>\n\t\t\t\t\t<\/div>\n\t\t\t\t<\/div>\n\t\t<div class=\"elementor-element elementor-element-d9bebe1 e-flex e-con-boxed e-con e-parent\" data-id=\"d9bebe1\" data-element_type=\"container\" data-e-type=\"container\">\n\t\t\t\t\t<div class=\"e-con-inner\">\n\t\t\t\t<div class=\"elementor-element elementor-element-6adaacf elementor-widget elementor-widget-heading\" data-id=\"6adaacf\" data-element_type=\"widget\" data-e-type=\"widget\" data-widget_type=\"heading.default\">\n\t\t\t\t\t<h4 class=\"elementor-heading-title elementor-size-default\">ZASADY PRZYJ\u0118\u0106<\/h4>\t\t\t\t<\/div>\n\t\t\t\t\t<\/div>\n\t\t\t\t<\/div>\n\t\t<div class=\"elementor-element elementor-element-fc2a050 e-flex e-con-boxed e-con e-parent\" data-id=\"fc2a050\" data-element_type=\"container\" data-e-type=\"container\">\n\t\t\t\t\t<div class=\"e-con-inner\">\n\t\t\t\t<div class=\"elementor-element elementor-element-4b37487 elementor-widget elementor-widget-text-editor\" data-id=\"4b37487\" data-element_type=\"widget\" data-e-type=\"widget\" data-widget_type=\"text-editor.default\">\n\t\t\t\t\t\t\t\t\t<p>Uczniowie przyjmowani s\u0105 do wybranego oddzia\u0142u szko\u0142y\u00a0<strong>w kolejno\u015bci zgodnej z otrzyman\u0105 sum\u0105 punkt\u00f3w<\/strong>.<\/p>\t\t\t\t\t\t\t\t<\/div>\n\t\t\t\t\t<\/div>\n\t\t\t\t<\/div>\n\t\t<div class=\"elementor-element elementor-element-6942e80 e-flex e-con-boxed e-con e-parent\" data-id=\"6942e80\" data-element_type=\"container\" data-e-type=\"container\">\n\t\t\t\t\t<div class=\"e-con-inner\">\n\t\t\t\t<div class=\"elementor-element elementor-element-7d60bbf elementor-widget elementor-widget-heading\" data-id=\"7d60bbf\" data-element_type=\"widget\" data-e-type=\"widget\" data-widget_type=\"heading.default\">\n\t\t\t\t\t<h2 class=\"elementor-heading-title elementor-size-default\"><span style=\"font-size: 26px;letter-spacing: 0.5px;text-transform: uppercase\">TERMINARZ rekrutacji<\/span><\/h2>\t\t\t\t<\/div>\n\t\t\t\t<div class=\"elementor-element elementor-element-11d360b elementor-widget elementor-widget-text-editor\" data-id=\"11d360b\" data-element_type=\"widget\" data-e-type=\"widget\" data-widget_type=\"text-editor.default\">\n\t\t\t\t\t\t\t\t\t<table><thead><tr><th>Rodzaj czynno\u015bci<\/th><th>Termin w post\u0119powaniu rekrutacyjnym<\/th><th>Termin w post\u0119powaniu uzupe\u0142niaj\u0105cym<\/th><\/tr><\/thead><tbody><tr><td><strong>Z\u0142o\u017cenie wniosku<\/strong>, w tym zmiana wniosku o przyj\u0119cie do szko\u0142y ponadpodstawowej wraz z dokumentami<\/td><td>od\u00a0<strong>11 maja 2026<\/strong>\u00a0do\u00a0<strong>22 czerwca 2026 do godz. 15:00<\/strong><\/td><td>od\u00a0<strong>23 lipca 2026<\/strong>\u00a0do\u00a0<strong>29 lipca 2026 do godz. 15:00<\/strong><\/td><\/tr><tr><td><strong>Uzupe\u0142nienie wniosku<\/strong>\u00a0o \u015bwiadectwo uko\u0144czenia szko\u0142y podstawowej i za\u015bwiadczenie o wyniku egzaminu \u00f3smoklasisty oraz z\u0142o\u017cenie nowego wniosku<\/td><td>od\u00a0<strong>26 czerwca 2026<\/strong>\u00a0do\u00a0<strong>10 lipca 2026 do godz. 15:00<\/strong><\/td><td>\u2014<\/td><\/tr><tr><td><strong>Podanie do publicznej wiadomo\u015bci listy kandydat\u00f3w zakwalifikowanych i niezakwalifikowanych<\/strong><\/td><td><strong>15 lipca 2026<\/strong><\/td><td><strong>4 sierpnia 2026<\/strong><\/td><\/tr><tr><td><strong>Wydanie przez szko\u0142\u0119 skierowania na badanie lekarskie<\/strong><\/td><td>od\u00a0<strong>11 maja 2026<\/strong>\u00a0do\u00a0<strong>17 lipca 2026<\/strong><\/td><td>od\u00a0<strong>23 lipca 2026<\/strong>\u00a0do\u00a0<strong>7 sierpnia 2026<\/strong><\/td><\/tr><tr><td><strong>Potwierdzenie woli przyj\u0119cia<\/strong>\u00a0poprzez przed\u0142o\u017cenie wymaganych orygina\u0142\u00f3w dokument\u00f3w oraz za\u015bwiadczenia lekarskiego<\/td><td>od\u00a0<strong>15 lipca 2026<\/strong>\u00a0do\u00a0<strong>20 lipca 2026 do godz. 15:00<\/strong><\/td><td>od\u00a0<strong>4 sierpnia 2026<\/strong>\u00a0do\u00a0<strong>10 sierpnia 2026 do godz. 15:00<\/strong><\/td><\/tr><tr><td><strong>Podanie do publicznej wiadomo\u015bci listy kandydat\u00f3w przyj\u0119tych i nieprzyj\u0119tych<\/strong><\/td><td><strong>21 lipca 2026 do godz. 14:00<\/strong><\/td><td><strong>11 sierpnia 2026 do godz. 14:00<\/strong><\/td><\/tr><\/tbody><\/table>\t\t\t\t\t\t\t\t<\/div>\n\t\t\t\t\t<\/div>\n\t\t\t\t<\/div>\n\t\t<div class=\"elementor-element elementor-element-7b9a781 e-flex e-con-boxed e-con e-parent\" data-id=\"7b9a781\" data-element_type=\"container\" data-e-type=\"container\">\n\t\t\t\t\t<div class=\"e-con-inner\">\n\t\t\t\t<div class=\"elementor-element elementor-element-037c4bb elementor-widget elementor-widget-heading\" data-id=\"037c4bb\" data-element_type=\"widget\" data-e-type=\"widget\" data-widget_type=\"heading.default\">\n\t\t\t\t\t<h2 class=\"elementor-heading-title elementor-size-default\"><font color=\"#972626\" face=\"Open Sans\"><span style=\"font-size: 26px;letter-spacing: 0.5px;text-transform: uppercase\">WYMAGANE DOKUMENTY<\/span><\/font><\/h2>\t\t\t\t<\/div>\n\t\t\t\t\t<\/div>\n\t\t\t\t<\/div>\n\t\t<div class=\"elementor-element elementor-element-24bfb0a e-flex e-con-boxed e-con e-parent\" data-id=\"24bfb0a\" data-element_type=\"container\" data-e-type=\"container\">\n\t\t\t\t\t<div class=\"e-con-inner\">\n\t\t\t\t<div class=\"elementor-element elementor-element-f1f4b2c elementor-widget elementor-widget-text-editor\" data-id=\"f1f4b2c\" data-element_type=\"widget\" data-e-type=\"widget\" data-widget_type=\"text-editor.default\">\n\t\t\t\t\t\t\t\t\t<ul><li><strong>2 zdj\u0119cia<\/strong>\u00a0podpisane na odwrocie (imi\u0119 i nazwisko, data urodzenia, pierwsza preferencja),<\/li><li><strong>wniosek kandydata o przyj\u0119cie do szko\u0142y<\/strong>,<\/li><li><strong>\u015bwiadectwo uko\u0144czenia szko\u0142y podstawowej<\/strong>\u00a0(orygina\u0142),<\/li><li><strong>za\u015bwiadczenie o szczeg\u00f3\u0142owych wynikach egzaminu \u00f3smoklasisty<\/strong>\u00a0(orygina\u0142),<\/li><li><strong>za\u015bwiadczenie lekarskie o braku przeciwwskaza\u0144 do wykonywania zawodu<\/strong>,<\/li><li><strong>udokumentowane osi\u0105gni\u0119cia<\/strong>\u00a0w olimpiadach i konkursach przedmiotowych lub potwierdzenie wolontariatu, je\u017celi kandydat je posiada.<\/li><\/ul>\t\t\t\t\t\t\t\t<\/div>\n\t\t\t\t\t<\/div>\n\t\t\t\t<\/div>\n\t\t<div class=\"elementor-element elementor-element-56fb43b e-flex e-con-boxed e-con e-parent\" data-id=\"56fb43b\" data-element_type=\"container\" data-e-type=\"container\">\n\t\t\t\t\t<div class=\"e-con-inner\">\n\t\t\t\t<div class=\"elementor-element elementor-element-a04381b elementor-widget elementor-widget-heading\" data-id=\"a04381b\" data-element_type=\"widget\" data-e-type=\"widget\" data-widget_type=\"heading.default\">\n\t\t\t\t\t<h2 class=\"elementor-heading-title elementor-size-default\"><span style=\"font-size: 26px;letter-spacing: 0.5px;text-transform: uppercase\">Informacje dodatkowe \u2013 sk\u0142adanie wniosku<\/span><\/h2>\t\t\t\t<\/div>\n\t\t\t\t\t<\/div>\n\t\t\t\t<\/div>\n\t\t<div class=\"elementor-element elementor-element-92614f2 e-flex e-con-boxed e-con e-parent\" data-id=\"92614f2\" data-element_type=\"container\" data-e-type=\"container\">\n\t\t\t\t\t<div class=\"e-con-inner\">\n\t\t\t\t<div class=\"elementor-element elementor-element-bc0de76 elementor-widget elementor-widget-text-editor\" data-id=\"bc0de76\" data-element_type=\"widget\" data-e-type=\"widget\" data-widget_type=\"text-editor.default\">\n\t\t\t\t\t\t\t\t\t<p>Wniosek o przyj\u0119cie do szko\u0142y wraz z dokumentami mo\u017cna z\u0142o\u017cy\u0107:<\/p><ul><li><strong>osobi\u015bcie w szkole<\/strong>\u00a0\u2013 Komisja Rekrutacyjna, pawilon B, w godz. 8:30\u201314:30,<\/li><li><strong>elektronicznie<\/strong>\u00a0za pomoc\u0105 systemu e-dor\u0119cze\u0144,<\/li><li><strong>elektronicznie<\/strong>\u00a0z podpisem profilem zaufanym,<\/li><li><strong>za pomoc\u0105 systemu naboru elektronicznego<\/strong>.<\/li><\/ul>\t\t\t\t\t\t\t\t<\/div>\n\t\t\t\t\t<\/div>\n\t\t\t\t<\/div>\n\t\t\t\t<\/div>\n\t\t","protected":false},"excerpt":{"rendered":"<p>Regulamin rekrutacjido Technicznych Zak\u0142ad\u00f3w Naukowychw D\u0105browie G\u00f3rniczej Rok szkolny 2026\/2027Rekrutacja dotyczy naboru do klas pierwszych Technikum nr 2 w Technicznych Zak\u0142adach Naukowych. Techniczne Zak\u0142ady Naukoweul. Emilii Zawidzkiej 10, 41-300 D\u0105browa G\u00f3rniczatel. 32 262 53 10e-mail: rekrutacja@tzn.dg.pl Podstawa prawna Ustawa z dnia 14 grudnia 2016 r. Prawo o\u015bwiatowe (Dz. U. z 2023 r. poz. 900 ze &#8230; <a title=\"REGULAMIN REKRUTACJI\" class=\"read-more\" href=\"https:\/\/student.tzn.dg.pl\/newtzn\/?page_id=201\" aria-label=\"Dowiedz si\u0119 wi\u0119cej o REGULAMIN REKRUTACJI\">Dowiedz si\u0119 wi\u0119cej<\/a><\/p>\n","protected":false},"author":2,"featured_media":0,"parent":0,"menu_order":0,"comment_status":"closed","ping_status":"closed","template":"","meta":{"footnotes":""},"class_list":["post-201","page","type-page","status-publish"],"_links":{"self":[{"href":"https:\/\/student.tzn.dg.pl\/newtzn\/index.php?rest_route=\/wp\/v2\/pages\/201","targetHints":{"allow":["GET"]}}],"collection":[{"href":"https:\/\/student.tzn.dg.pl\/newtzn\/index.php?rest_route=\/wp\/v2\/pages"}],"about":[{"href":"https:\/\/student.tzn.dg.pl\/newtzn\/index.php?rest_route=\/wp\/v2\/types\/page"}],"author":[{"embeddable":true,"href":"https:\/\/student.tzn.dg.pl\/newtzn\/index.php?rest_route=\/wp\/v2\/users\/2"}],"replies":[{"embeddable":true,"href":"https:\/\/student.tzn.dg.pl\/newtzn\/index.php?rest_route=%2Fwp%2Fv2%2Fcomments&post=201"}],"version-history":[{"count":19,"href":"https:\/\/student.tzn.dg.pl\/newtzn\/index.php?rest_route=\/wp\/v2\/pages\/201\/revisions"}],"predecessor-version":[{"id":225,"href":"https:\/\/student.tzn.dg.pl\/newtzn\/index.php?rest_route=\/wp\/v2\/pages\/201\/revisions\/225"}],"wp:attachment":[{"href":"https:\/\/student.tzn.dg.pl\/newtzn\/index.php?rest_route=%2Fwp%2Fv2%2Fmedia&parent=201"}],"curies":[{"name":"wp","href":"https:\/\/api.w.org\/{rel}","templated":true}]}}