{"id":157,"date":"2026-03-20T01:26:49","date_gmt":"2026-03-20T00:26:49","guid":{"rendered":"https:\/\/student.tzn.dg.pl\/newtzn\/?page_id=157"},"modified":"2026-04-03T23:00:22","modified_gmt":"2026-04-03T21:00:22","slug":"su","status":"publish","type":"page","link":"https:\/\/student.tzn.dg.pl\/newtzn\/?page_id=157","title":{"rendered":"SAMORZ\u0104D UCZNIOWSKI"},"content":{"rendered":"\t\t<div data-elementor-type=\"wp-page\" data-elementor-id=\"157\" class=\"elementor elementor-157\">\n\t\t\t\t<div class=\"elementor-element elementor-element-22fb293 e-flex e-con-boxed e-con e-parent\" data-id=\"22fb293\" data-element_type=\"container\" data-e-type=\"container\">\n\t\t\t\t\t<div class=\"e-con-inner\">\n\t\t\t\t<div class=\"elementor-element elementor-element-c176ce5 elementor-widget-divider--view-line elementor-widget elementor-widget-divider\" data-id=\"c176ce5\" data-element_type=\"widget\" data-e-type=\"widget\" data-widget_type=\"divider.default\">\n\t\t\t\t\t\t\t<div class=\"elementor-divider\">\n\t\t\t<span class=\"elementor-divider-separator\">\n\t\t\t\t\t\t<\/span>\n\t\t<\/div>\n\t\t\t\t\t\t<\/div>\n\t\t\t\t\t<\/div>\n\t\t\t\t<\/div>\n\t\t<div class=\"elementor-element elementor-element-cf936b6 e-flex e-con-boxed e-con e-parent\" data-id=\"cf936b6\" data-element_type=\"container\" data-e-type=\"container\">\n\t\t\t\t\t<div class=\"e-con-inner\">\n\t\t\t\t<div class=\"elementor-element elementor-element-7688249 elementor-widget elementor-widget-image\" data-id=\"7688249\" data-element_type=\"widget\" data-e-type=\"widget\" data-widget_type=\"image.default\">\n\t\t\t\t\t\t\t\t\t\t\t\t\t\t\t<img fetchpriority=\"high\" decoding=\"async\" width=\"1024\" height=\"724\" src=\"https:\/\/student.tzn.dg.pl\/newtzn\/wp-content\/uploads\/2026\/03\/struktura-samorzadu-uczniowskiego-1-1024x724.jpg\" class=\"attachment-large size-large wp-image-159\" alt=\"Schemat struktury samorz\u0105du uczniowskiego z podzia\u0142em na zarz\u0105d, przewodnicz\u0105cego, sekcje i rad\u0119 uczni\u00f3w\" srcset=\"https:\/\/student.tzn.dg.pl\/newtzn\/wp-content\/uploads\/2026\/03\/struktura-samorzadu-uczniowskiego-1-1024x724.jpg 1024w, https:\/\/student.tzn.dg.pl\/newtzn\/wp-content\/uploads\/2026\/03\/struktura-samorzadu-uczniowskiego-1-300x212.jpg 300w, https:\/\/student.tzn.dg.pl\/newtzn\/wp-content\/uploads\/2026\/03\/struktura-samorzadu-uczniowskiego-1-768x543.jpg 768w, https:\/\/student.tzn.dg.pl\/newtzn\/wp-content\/uploads\/2026\/03\/struktura-samorzadu-uczniowskiego-1-1536x1086.jpg 1536w, https:\/\/student.tzn.dg.pl\/newtzn\/wp-content\/uploads\/2026\/03\/struktura-samorzadu-uczniowskiego-1-2048x1448.jpg 2048w\" sizes=\"(max-width: 1024px) 100vw, 1024px\" \/>\t\t\t\t\t\t\t\t\t\t\t\t\t\t\t<\/div>\n\t\t\t\t<div class=\"elementor-element elementor-element-bde9a76 elementor-widget-divider--view-line elementor-widget elementor-widget-divider\" data-id=\"bde9a76\" data-element_type=\"widget\" data-e-type=\"widget\" data-widget_type=\"divider.default\">\n\t\t\t\t\t\t\t<div class=\"elementor-divider\">\n\t\t\t<span class=\"elementor-divider-separator\">\n\t\t\t\t\t\t<\/span>\n\t\t<\/div>\n\t\t\t\t\t\t<\/div>\n\t\t\t\t\t<\/div>\n\t\t\t\t<\/div>\n\t\t<div class=\"elementor-element elementor-element-9c7c2a4 e-flex e-con-boxed e-con e-parent\" data-id=\"9c7c2a4\" data-element_type=\"container\" data-e-type=\"container\">\n\t\t\t\t\t<div class=\"e-con-inner\">\n\t\t<div class=\"elementor-element elementor-element-3058f37 e-con-full e-flex e-con e-child\" data-id=\"3058f37\" data-element_type=\"container\" data-e-type=\"container\">\n\t\t\t\t<div class=\"elementor-element elementor-element-7f59d33e elementor-widget elementor-widget-heading\" data-id=\"7f59d33e\" data-element_type=\"widget\" data-e-type=\"widget\" data-widget_type=\"heading.default\">\n\t\t\t\t\t<h3 class=\"elementor-heading-title elementor-size-default\">Sk\u0142ad Zarz\u0105du Samorz\u0105du Uczniowskiego<\/h3>\t\t\t\t<\/div>\n\t\t\t\t<div class=\"elementor-element elementor-element-a5989d1 elementor-widget elementor-widget-text-editor\" data-id=\"a5989d1\" data-element_type=\"widget\" data-e-type=\"widget\" data-widget_type=\"text-editor.default\">\n\t\t\t\t\t\t\t\t\t<p><strong>Przewodnicz\u0105cy:<\/strong> Marcel Michalak (kl. 4ur)<br \/><strong>Wiceprzewodnicz\u0105cy:<\/strong> Szymon Siwiec (kl. 4o)<br \/><strong>Szef sekcji organizacyjnej:<\/strong> Tomasz Mi\u0105sko<br \/><strong>Szef sekcji technicznej:<\/strong> Bart\u0142omiej Kapusty\u0144ski<br \/><strong>Szef sekcji muzycznej:<\/strong> Kamil Gie\u0142da<br \/><strong>Szefowa sekcji dekoracyjnej:<\/strong> Bianka Beszterda (kl. 4o)<\/p>\t\t\t\t\t\t\t\t<\/div>\n\t\t\t\t<\/div>\n\t\t<div class=\"elementor-element elementor-element-8aed792 e-con-full e-flex e-con e-child\" data-id=\"8aed792\" data-element_type=\"container\" data-e-type=\"container\">\n\t\t\t\t<div class=\"elementor-element elementor-element-9aba915 elementor-widget elementor-widget-text-editor\" data-id=\"9aba915\" data-element_type=\"widget\" data-e-type=\"widget\" data-widget_type=\"text-editor.default\">\n\t\t\t\t\t\t\t\t\t<p><strong>Opiekunowie Samorz\u0105du Uczniowskiego:<\/strong><\/p><ul><li>Jowita Kukla<\/li><li>Martyna Nowak<\/li><\/ul>\t\t\t\t\t\t\t\t<\/div>\n\t\t\t\t<\/div>\n\t\t\t\t\t<\/div>\n\t\t\t\t<\/div>\n\t\t<div class=\"elementor-element elementor-element-2151b99 e-flex e-con-boxed e-con e-parent\" data-id=\"2151b99\" data-element_type=\"container\" data-e-type=\"container\">\n\t\t\t\t\t<div class=\"e-con-inner\">\n\t\t\t\t<div class=\"elementor-element elementor-element-f81b3c8 elementor-widget-divider--view-line elementor-widget elementor-widget-divider\" data-id=\"f81b3c8\" data-element_type=\"widget\" data-e-type=\"widget\" data-widget_type=\"divider.default\">\n\t\t\t\t\t\t\t<div class=\"elementor-divider\">\n\t\t\t<span class=\"elementor-divider-separator\">\n\t\t\t\t\t\t<\/span>\n\t\t<\/div>\n\t\t\t\t\t\t<\/div>\n\t\t\t\t\t<\/div>\n\t\t\t\t<\/div>\n\t\t<div class=\"elementor-element elementor-element-228d64c e-con-full e-flex e-con e-parent\" data-id=\"228d64c\" data-element_type=\"container\" data-e-type=\"container\">\n\t\t\t\t<\/div>\n\t\t\t\t<\/div>\n\t\t","protected":false},"excerpt":{"rendered":"<p>Sk\u0142ad Zarz\u0105du Samorz\u0105du Uczniowskiego Przewodnicz\u0105cy: Marcel Michalak (kl. 4ur)Wiceprzewodnicz\u0105cy: Szymon Siwiec (kl. 4o)Szef sekcji organizacyjnej: Tomasz Mi\u0105skoSzef sekcji technicznej: Bart\u0142omiej Kapusty\u0144skiSzef sekcji muzycznej: Kamil Gie\u0142daSzefowa sekcji dekoracyjnej: Bianka Beszterda (kl. 4o) Opiekunowie Samorz\u0105du Uczniowskiego: Jowita Kukla Martyna Nowak<\/p>\n","protected":false},"author":2,"featured_media":0,"parent":0,"menu_order":0,"comment_status":"closed","ping_status":"closed","template":"","meta":{"footnotes":""},"class_list":["post-157","page","type-page","status-publish"],"_links":{"self":[{"href":"https:\/\/student.tzn.dg.pl\/newtzn\/index.php?rest_route=\/wp\/v2\/pages\/157","targetHints":{"allow":["GET"]}}],"collection":[{"href":"https:\/\/student.tzn.dg.pl\/newtzn\/index.php?rest_route=\/wp\/v2\/pages"}],"about":[{"href":"https:\/\/student.tzn.dg.pl\/newtzn\/index.php?rest_route=\/wp\/v2\/types\/page"}],"author":[{"embeddable":true,"href":"https:\/\/student.tzn.dg.pl\/newtzn\/index.php?rest_route=\/wp\/v2\/users\/2"}],"replies":[{"embeddable":true,"href":"https:\/\/student.tzn.dg.pl\/newtzn\/index.php?rest_route=%2Fwp%2Fv2%2Fcomments&post=157"}],"version-history":[{"count":10,"href":"https:\/\/student.tzn.dg.pl\/newtzn\/index.php?rest_route=\/wp\/v2\/pages\/157\/revisions"}],"predecessor-version":[{"id":874,"href":"https:\/\/student.tzn.dg.pl\/newtzn\/index.php?rest_route=\/wp\/v2\/pages\/157\/revisions\/874"}],"wp:attachment":[{"href":"https:\/\/student.tzn.dg.pl\/newtzn\/index.php?rest_route=%2Fwp%2Fv2%2Fmedia&parent=157"}],"curies":[{"name":"wp","href":"https:\/\/api.w.org\/{rel}","templated":true}]}}