{"id":1116,"date":"2026-04-09T00:05:25","date_gmt":"2026-04-08T22:05:25","guid":{"rendered":"https:\/\/student.tzn.dg.pl\/newtzn\/?page_id=1116"},"modified":"2026-04-09T00:36:12","modified_gmt":"2026-04-08T22:36:12","slug":"szkola_zawodowcow","status":"publish","type":"page","link":"https:\/\/student.tzn.dg.pl\/newtzn\/?page_id=1116","title":{"rendered":"SZKO\u0141A ZAWODOWC\u00d3W"},"content":{"rendered":"\t\t<div data-elementor-type=\"wp-page\" data-elementor-id=\"1116\" class=\"elementor elementor-1116\">\n\t\t\t\t<div class=\"elementor-element elementor-element-96f14e8 e-flex e-con-boxed e-con e-parent\" data-id=\"96f14e8\" data-element_type=\"container\" data-e-type=\"container\">\n\t\t\t\t\t<div class=\"e-con-inner\">\n\t\t\t\t<div class=\"elementor-element elementor-element-7756552 elementor-widget elementor-widget-image\" data-id=\"7756552\" data-element_type=\"widget\" data-e-type=\"widget\" data-widget_type=\"image.default\">\n\t\t\t\t\t\t\t\t\t\t\t\t\t\t\t<img fetchpriority=\"high\" decoding=\"async\" width=\"1024\" height=\"108\" src=\"https:\/\/student.tzn.dg.pl\/newtzn\/wp-content\/uploads\/2026\/04\/FE-SL-kolor-poziom-br-1-1024x108.jpg\" class=\"attachment-large size-large wp-image-1000\" alt=\"FE-SL-kolor-poziom-br-1\" srcset=\"https:\/\/student.tzn.dg.pl\/newtzn\/wp-content\/uploads\/2026\/04\/FE-SL-kolor-poziom-br-1-1024x108.jpg 1024w, https:\/\/student.tzn.dg.pl\/newtzn\/wp-content\/uploads\/2026\/04\/FE-SL-kolor-poziom-br-1-300x32.jpg 300w, https:\/\/student.tzn.dg.pl\/newtzn\/wp-content\/uploads\/2026\/04\/FE-SL-kolor-poziom-br-1-768x81.jpg 768w, https:\/\/student.tzn.dg.pl\/newtzn\/wp-content\/uploads\/2026\/04\/FE-SL-kolor-poziom-br-1-1536x162.jpg 1536w, https:\/\/student.tzn.dg.pl\/newtzn\/wp-content\/uploads\/2026\/04\/FE-SL-kolor-poziom-br-1.jpg 2015w\" sizes=\"(max-width: 1024px) 100vw, 1024px\" \/>\t\t\t\t\t\t\t\t\t\t\t\t\t\t\t<\/div>\n\t\t\t\t\t<\/div>\n\t\t\t\t<\/div>\n\t\t<div class=\"elementor-element elementor-element-1de54a1 e-flex e-con-boxed e-con e-parent\" data-id=\"1de54a1\" data-element_type=\"container\" data-e-type=\"container\">\n\t\t\t\t\t<div class=\"e-con-inner\">\n\t\t\t\t<div class=\"elementor-element elementor-element-c3d1ceb elementor-widget elementor-widget-text-editor\" data-id=\"c3d1ceb\" data-element_type=\"widget\" data-e-type=\"widget\" data-widget_type=\"text-editor.default\">\n\t\t\t\t\t\t\t\t\t<p>Mi\u0119dzynarodowe Centrum Doskonalenia Zawodowego Sp. z o.o. i Miasto D\u0105browa G\u00f3rnicza\/Techniczne Zak\u0142ady Naukowe w D\u0105browie G\u00f3rniczej rozpoczyna realizacj\u0119 projektu pt. \u201eSzko\u0142a zawodowc\u00f3w\u201d realizowanego w ramach Priorytetu 10. Fundusze Europejskie na transformacj\u0119, Dzia\u0142ania 10.23 Edukacja zawodowa w procesie sprawiedliwej transformacji regionu, Regionalnego programu Fundusze Europejskie dla \u015al\u0105skiego 2021-2027, wsp\u00f3\u0142finansowanego przez Uni\u0119 Europejsk\u0105 z Funduszu na rzecz Sprawiedliwej Transformacji.<\/p><p><strong>Celem g\u0142\u00f3wnym projektu<\/strong>\u00a0jest podniesienie zdolno\u015bci do zatrudnienia 80 uczni\u00f3w\/uczennic (1K,79M) z Technikum nr 2 z Technicznych Zak\u0142ad\u00f3w Naukowych (TZN) w D\u0105browie G\u00f3rniczej g\u0142\u00f3wnie \u00a0z kierunku technik elektronik i elektryk oraz pozosta\u0142ych kierunk\u00f3w (technik informatyk, programista, automatyk, robotyk, mechanik, reklamy) poprzez zapewnienie uczniom wysokiej jako\u015bci szkole\u0144 zawodowych oraz zakup doposa\u017cenia do pracowni zawodowej elektryczno-elektronicznej.<\/p><p><strong>Grup\u0105 docelow\u0105 projektu<\/strong>\u00a0jest 80 uczni\u00f3w\/uczennic z Technikum nr 2 w Technicznych Zak\u0142adach Naukowych w D\u0105browie G\u00f3rniczej w pierwszej kolejno\u015bci z kierunk\u00f3w technik elektronik i elektryk oraz pozosta\u0142ych kierunk\u00f3w (technik informatyk, programista, automatyk, robotyk, mechanik, reklamy).<\/p>\t\t\t\t\t\t\t\t<\/div>\n\t\t\t\t\t<\/div>\n\t\t\t\t<\/div>\n\t\t<div class=\"elementor-element elementor-element-eeb15c0 e-flex e-con-boxed e-con e-parent\" data-id=\"eeb15c0\" data-element_type=\"container\" data-e-type=\"container\">\n\t\t\t\t\t<div class=\"e-con-inner\">\n\t\t\t\t<div class=\"elementor-element elementor-element-f6ff92c elementor-widget-divider--view-line elementor-widget elementor-widget-divider\" data-id=\"f6ff92c\" data-element_type=\"widget\" data-e-type=\"widget\" data-widget_type=\"divider.default\">\n\t\t\t\t\t\t\t<div class=\"elementor-divider\">\n\t\t\t<span class=\"elementor-divider-separator\">\n\t\t\t\t\t\t<\/span>\n\t\t<\/div>\n\t\t\t\t\t\t<\/div>\n\t\t\t\t\t<\/div>\n\t\t\t\t<\/div>\n\t\t<div class=\"elementor-element elementor-element-d50f1f8 e-flex e-con-boxed e-con e-parent\" data-id=\"d50f1f8\" data-element_type=\"container\" data-e-type=\"container\">\n\t\t\t\t\t<div class=\"e-con-inner\">\n\t\t\t\t<div class=\"elementor-element elementor-element-cd637d6 elementor-widget elementor-widget-heading\" data-id=\"cd637d6\" data-element_type=\"widget\" data-e-type=\"widget\" data-widget_type=\"heading.default\">\n\t\t\t\t\t<h3 class=\"elementor-heading-title elementor-size-default\">W ramach projektu przewiduje si\u0119:<\/h3>\t\t\t\t<\/div>\n\t\t\t\t\t<\/div>\n\t\t\t\t<\/div>\n\t\t<div class=\"elementor-element elementor-element-0c357e2 e-flex e-con-boxed e-con e-parent\" data-id=\"0c357e2\" data-element_type=\"container\" data-e-type=\"container\">\n\t\t\t\t\t<div class=\"e-con-inner\">\n\t\t\t\t<div class=\"elementor-element elementor-element-748257d elementor-widget elementor-widget-text-editor\" data-id=\"748257d\" data-element_type=\"widget\" data-e-type=\"widget\" data-widget_type=\"text-editor.default\">\n\t\t\t\t\t\t\t\t\t<ol><li><strong>Przeprowadzenie szkole\u0144 zawodowych dla uczni\u00f3w\/uczennic:<\/strong><\/li><\/ol><ul><li>Wsp\u00f3\u0142czesne techniki diagnozowania, modyfikacji i napraw ekologicznych pakiet\u00f3w elektronicznych wyst\u0119puj\u0105cych w urz\u0105dzeniach infrastruktury krytycznej przemys\u0142u 4.0 z uwzgl\u0119dnieniem element\u00f3w SPACE (IPC) dla 80 uczni\u00f3w\/uczennic;<\/li><li>Ekologiczny monta\u017c i naprawa komponent\u00f3w BGA wyst\u0119puj\u0105cych w urz\u0105dzeniach infrastruktury krytycznej przemys\u0142u 4.0 oraz aplikacjach dzia\u0142aj\u0105cych w przestrzeni kosmicznej (BGA) dla 80 uczni\u00f3w\/uczennic;<\/li><li>Projektowanie i tworzenie wsp\u00f3\u0142czesnych, ekologicznych wi\u0105zek kablowych wyst\u0119puj\u0105cych w urz\u0105dzeniach infrastruktury krytycznej przemys\u0142u 4.0 oraz w zastosowaniach SPACE (Wi\u0105zki IPC) dla 50 uczni\u00f3w\/uczennic;<\/li><li>Google ADS dla 60 uczni\u00f3w\/uczennic;<\/li><\/ul><ol start=\"2\"><li><strong>Zakup doposa\u017cenia do pracowni zawodowej elektryczno-elektronicznej.<\/strong><\/li><\/ol>\t\t\t\t\t\t\t\t<\/div>\n\t\t\t\t\t<\/div>\n\t\t\t\t<\/div>\n\t\t<div class=\"elementor-element elementor-element-40c2628 e-flex e-con-boxed e-con e-parent\" data-id=\"40c2628\" data-element_type=\"container\" data-e-type=\"container\">\n\t\t\t\t\t<div class=\"e-con-inner\">\n\t\t\t\t<div class=\"elementor-element elementor-element-9663614 elementor-widget-divider--view-line elementor-widget elementor-widget-divider\" data-id=\"9663614\" data-element_type=\"widget\" data-e-type=\"widget\" data-widget_type=\"divider.default\">\n\t\t\t\t\t\t\t<div class=\"elementor-divider\">\n\t\t\t<span class=\"elementor-divider-separator\">\n\t\t\t\t\t\t<\/span>\n\t\t<\/div>\n\t\t\t\t\t\t<\/div>\n\t\t\t\t\t<\/div>\n\t\t\t\t<\/div>\n\t\t<div class=\"elementor-element elementor-element-ccd1701 e-flex e-con-boxed e-con e-parent\" data-id=\"ccd1701\" data-element_type=\"container\" data-e-type=\"container\">\n\t\t\t\t\t<div class=\"e-con-inner\">\n\t\t\t\t<div class=\"elementor-element elementor-element-fe60e94 elementor-widget elementor-widget-heading\" data-id=\"fe60e94\" data-element_type=\"widget\" data-e-type=\"widget\" data-widget_type=\"heading.default\">\n\t\t\t\t\t<h3 class=\"elementor-heading-title elementor-size-default\">Efektem projektu b\u0119dzie:<\/h3>\t\t\t\t<\/div>\n\t\t\t\t\t<\/div>\n\t\t\t\t<\/div>\n\t\t<div class=\"elementor-element elementor-element-8289cc1 e-flex e-con-boxed e-con e-parent\" data-id=\"8289cc1\" data-element_type=\"container\" data-e-type=\"container\">\n\t\t\t\t\t<div class=\"e-con-inner\">\n\t\t\t\t<div class=\"elementor-element elementor-element-cce75cd elementor-widget elementor-widget-text-editor\" data-id=\"cce75cd\" data-element_type=\"widget\" data-e-type=\"widget\" data-widget_type=\"text-editor.default\">\n\t\t\t\t\t\t\t\t\t<ul><li>72 uczni\u00f3w\/uczennic nab\u0119dzie kwalifikacje po opuszczeniu programu;<\/li><li>doposa\u017cenie pracowni zawodowej dla kierunku technik elektronik i technik elektryk.<\/li><\/ul>\t\t\t\t\t\t\t\t<\/div>\n\t\t\t\t\t<\/div>\n\t\t\t\t<\/div>\n\t\t<div class=\"elementor-element elementor-element-de49352 e-flex e-con-boxed e-con e-parent\" data-id=\"de49352\" data-element_type=\"container\" data-e-type=\"container\" data-settings=\"{&quot;background_background&quot;:&quot;classic&quot;}\">\n\t\t\t\t\t<div class=\"e-con-inner\">\n\t\t\t\t<div class=\"elementor-element elementor-element-c59896f elementor-widget elementor-widget-text-editor\" data-id=\"c59896f\" data-element_type=\"widget\" data-e-type=\"widget\" data-widget_type=\"text-editor.default\">\n\t\t\t\t\t\t\t\t\t<p>Projekt umo\u017cliwia skorzystanie z us\u0142ug dost\u0119powych np. t\u0142umaczenie na j\u0119zyk migowy.<\/p>\t\t\t\t\t\t\t\t<\/div>\n\t\t\t\t\t<\/div>\n\t\t\t\t<\/div>\n\t\t<div class=\"elementor-element elementor-element-2ccf2b4 e-flex e-con-boxed e-con e-parent\" data-id=\"2ccf2b4\" data-element_type=\"container\" data-e-type=\"container\">\n\t\t\t\t\t<div class=\"e-con-inner\">\n\t\t\t\t<div class=\"elementor-element elementor-element-05d6b22 elementor-widget-divider--view-line elementor-widget elementor-widget-divider\" data-id=\"05d6b22\" data-element_type=\"widget\" data-e-type=\"widget\" data-widget_type=\"divider.default\">\n\t\t\t\t\t\t\t<div class=\"elementor-divider\">\n\t\t\t<span class=\"elementor-divider-separator\">\n\t\t\t\t\t\t<\/span>\n\t\t<\/div>\n\t\t\t\t\t\t<\/div>\n\t\t\t\t\t<\/div>\n\t\t\t\t<\/div>\n\t\t<div class=\"elementor-element elementor-element-c8dd980 e-flex e-con-boxed e-con e-parent\" data-id=\"c8dd980\" data-element_type=\"container\" data-e-type=\"container\">\n\t\t\t\t\t<div class=\"e-con-inner\">\n\t\t\t\t<div class=\"elementor-element elementor-element-aef4d64 elementor-widget elementor-widget-heading\" data-id=\"aef4d64\" data-element_type=\"widget\" data-e-type=\"widget\" data-widget_type=\"heading.default\">\n\t\t\t\t\t<h3 class=\"elementor-heading-title elementor-size-default\">Adres biura projektu:<\/h3>\t\t\t\t<\/div>\n\t\t\t\t\t<\/div>\n\t\t\t\t<\/div>\n\t\t<div class=\"elementor-element elementor-element-633804d e-flex e-con-boxed e-con e-parent\" data-id=\"633804d\" data-element_type=\"container\" data-e-type=\"container\">\n\t\t\t\t\t<div class=\"e-con-inner\">\n\t\t\t\t<div class=\"elementor-element elementor-element-dc17e2b elementor-widget elementor-widget-text-editor\" data-id=\"dc17e2b\" data-element_type=\"widget\" data-e-type=\"widget\" data-widget_type=\"text-editor.default\">\n\t\t\t\t\t\t\t\t\t<p>Techniczne Zak\u0142ady Naukowe w D\u0105browie G\u00f3rniczej<\/p><p>ul. Emilii Zawidzkiej 10, 41-300 D\u0105browa G\u00f3rnicza<\/p><p>Sekretariat Szko\u0142y (pawilon B),<\/p><p>biuro czynne w poniedzia\u0142ki\u00a0 i czwartki w godz.: 09:00-13:00.<\/p><p><strong>Szkolnym Koordynatorem Projektu<\/strong> w Technicznych Zak\u0142adach Naukowcy w D\u0105browie G\u00f3rniczej jest<\/p><p>pani Sylwia Bia\u0142czyk<\/p><p>dost\u0119pna w poniedzia\u0142ki i czwartki w godz.: 09:00-13:00 (Sekretariat Szko\u0142y \u2013 pawilon B),<\/p><p>tel.: 32 262 43 13 wew. 46.<\/p><p><strong>Kierownik projektu:<\/strong> Katarzyna Przepi\u00f3ra, tel.: 572\u00a0408\u00a0866, e-mail:\u00a0<a role=\"link\" href=\"mailto:katarzyna@mcdz.com.pl\">katarzyna@mcdz.com.pl<\/a><\/p>\t\t\t\t\t\t\t\t<\/div>\n\t\t\t\t\t<\/div>\n\t\t\t\t<\/div>\n\t\t<div class=\"elementor-element elementor-element-40f7d7c e-flex e-con-boxed e-con e-parent\" data-id=\"40f7d7c\" data-element_type=\"container\" data-e-type=\"container\">\n\t\t\t\t\t<div class=\"e-con-inner\">\n\t\t\t\t<div class=\"elementor-element elementor-element-3f21556 elementor-widget-divider--view-line elementor-widget elementor-widget-divider\" data-id=\"3f21556\" data-element_type=\"widget\" data-e-type=\"widget\" data-widget_type=\"divider.default\">\n\t\t\t\t\t\t\t<div class=\"elementor-divider\">\n\t\t\t<span class=\"elementor-divider-separator\">\n\t\t\t\t\t\t<\/span>\n\t\t<\/div>\n\t\t\t\t\t\t<\/div>\n\t\t\t\t\t<\/div>\n\t\t\t\t<\/div>\n\t\t<div class=\"elementor-element elementor-element-e211d9e e-flex e-con-boxed e-con e-parent\" data-id=\"e211d9e\" data-element_type=\"container\" data-e-type=\"container\" data-settings=\"{&quot;background_background&quot;:&quot;classic&quot;}\">\n\t\t\t\t\t<div class=\"e-con-inner\">\n\t\t\t\t<div class=\"elementor-element elementor-element-ae45f21 elementor-widget elementor-widget-text-editor\" data-id=\"ae45f21\" data-element_type=\"widget\" data-e-type=\"widget\" data-widget_type=\"text-editor.default\">\n\t\t\t\t\t\t\t\t\t<p><strong>Warto\u015b\u0107 projektu:<\/strong>\u00a02\u00a0088\u00a0000,00 z\u0142<\/p><p><strong>Wysoko\u015b\u0107 wk\u0142adu z Funduszy Europejskich:<\/strong>\u00a01\u00a0879\u00a0200,00 z\u0142<\/p><p><strong>Okres realizacji projektu<\/strong>: 01.10.2024 r. \u2013 30.06.2026 r.<\/p>\t\t\t\t\t\t\t\t<\/div>\n\t\t\t\t\t<\/div>\n\t\t\t\t<\/div>\n\t\t<div class=\"elementor-element elementor-element-0a7a0a4 e-flex e-con-boxed e-con e-parent\" data-id=\"0a7a0a4\" data-element_type=\"container\" data-e-type=\"container\">\n\t\t\t\t\t<div class=\"e-con-inner\">\n\t\t\t\t<div class=\"elementor-element elementor-element-30a806a elementor-widget-divider--view-line elementor-widget elementor-widget-divider\" data-id=\"30a806a\" data-element_type=\"widget\" data-e-type=\"widget\" data-widget_type=\"divider.default\">\n\t\t\t\t\t\t\t<div class=\"elementor-divider\">\n\t\t\t<span class=\"elementor-divider-separator\">\n\t\t\t\t\t\t<\/span>\n\t\t<\/div>\n\t\t\t\t\t\t<\/div>\n\t\t\t\t\t<\/div>\n\t\t\t\t<\/div>\n\t\t<div class=\"elementor-element elementor-element-8074e44 e-flex e-con-boxed e-con e-parent\" data-id=\"8074e44\" data-element_type=\"container\" data-e-type=\"container\">\n\t\t\t\t\t<div class=\"e-con-inner\">\n\t\t\t\t<div class=\"elementor-element elementor-element-29fd08a elementor-widget elementor-widget-heading\" data-id=\"29fd08a\" data-element_type=\"widget\" data-e-type=\"widget\" data-widget_type=\"heading.default\">\n\t\t\t\t\t<h3 class=\"elementor-heading-title elementor-size-default\">DOKUMENTY<\/h3>\t\t\t\t<\/div>\n\t\t\t\t\t<\/div>\n\t\t\t\t<\/div>\n\t\t<div class=\"elementor-element elementor-element-5794cea e-con-full e-flex e-con e-parent\" data-id=\"5794cea\" data-element_type=\"container\" data-e-type=\"container\">\n\t\t\t\t<div class=\"elementor-element elementor-element-f5ffc58 elementor-widget elementor-widget-text-editor\" data-id=\"f5ffc58\" data-element_type=\"widget\" data-e-type=\"widget\" data-widget_type=\"text-editor.default\">\n\t\t\t\t\t\t\t\t\t<ul><li><a href=\"https:\/\/student.tzn.dg.pl\/newtzn\/wp-content\/uploads\/2026\/04\/Infor.-o-projekcie-Szkola-zawodowcow.docx\" target=\"_blank\" rel=\"noopener\">Informacje o projekcie &#8222;Szko\u0142a zawodowc\u00f3w&#8221;\u00a0 (.docx)<\/a><\/li><\/ul><p><strong>Regulamin rekrutacji do udzia\u0142u w projekcie pn. \u201eSzko\u0142a zawodowc\u00f3w\u201d oraz komplet dokument\u00f3w rekrutacyjnych znajduj\u0105 si\u0119 poni\u017cej:<\/strong><\/p><ul><li><a href=\"https:\/\/student.tzn.dg.pl\/newtzn\/wp-content\/uploads\/2026\/04\/Regulamin-rekrutacji_szkola_zawodowcow.pdf\" target=\"_blank\" rel=\"noopener\">regulamin rekrutacji (.pdf)<\/a><\/li><li><a href=\"https:\/\/student.tzn.dg.pl\/newtzn\/wp-content\/uploads\/2026\/04\/Regulamin-rekrutacji.docx\" target=\"_blank\" rel=\"noopener\">regulamin rekrutacji (.docx)<\/a><\/li><li><a href=\"https:\/\/student.tzn.dg.pl\/newtzn\/wp-content\/uploads\/2026\/04\/Dokumenty-rekrutacyjne_szkola_zawodowcow.pdf\" target=\"_blank\" rel=\"noopener\">dokumenty rekrutacyjne (pdf)<\/a><\/li><li><a href=\"https:\/\/student.tzn.dg.pl\/newtzn\/wp-content\/uploads\/2026\/04\/Dokumenty-rekrutacyjne.docx\" target=\"_blank\" rel=\"noopener\">dokumenty rekrutacyjne (docx)<\/a><\/li><li><a href=\"https:\/\/student.tzn.dg.pl\/newtzn\/wp-content\/uploads\/2026\/04\/Lista-uczestnikow_szkola-zawodowcow.docx\" target=\"_blank\" rel=\"noopener\">lista zakwalifikowanych uczestnik\u00f3w (.docx)<\/a><\/li><\/ul><p><strong>Harmonogram wsparcia dla uczni\u00f3w\/uczennic w ramach projektu \u201eSzko\u0142a zawodowc\u00f3w\u201d znajduje si\u0119 poni\u017cej:<\/strong><\/p><ul><li><a href=\"https:\/\/student.tzn.dg.pl\/newtzn\/wp-content\/uploads\/2026\/04\/Harmonogram-wsparcia-luty.docx\" target=\"_blank\" rel=\"noopener\"><span data-olk-copy-source=\"MessageBody\">Harmonogram wsparcia luty 2025.docx<\/span><\/a><\/li><li><a href=\"https:\/\/student.tzn.dg.pl\/newtzn\/wp-content\/uploads\/2026\/04\/Harmonogram-wsparcia-szkola-zawodowcow-luty.pdf\" target=\"_blank\" rel=\"noopener\">Harmonogram wsparcia luty 2025.pdf<\/a><\/li><li><a href=\"https:\/\/student.tzn.dg.pl\/newtzn\/wp-content\/uploads\/2026\/04\/1.-Harmonogram-wsparcia-marzec-2025-r.docx\">Harmonogram wsparcia marzec 2025.docx<\/a><\/li><li><a href=\"https:\/\/student.tzn.dg.pl\/newtzn\/wp-content\/uploads\/2026\/04\/1.-Harmonogram-wsparcia-szkola-zawodowcow-marzec-2025-r.pdf\" target=\"_blank\" rel=\"noopener\">Harmonogram wsparcia marzec 2025.pdf<\/a><\/li><li><a href=\"https:\/\/student.tzn.dg.pl\/newtzn\/wp-content\/uploads\/2026\/04\/1.-Harmonogram-wsparcia-kwiecien-2025-r.docx\" target=\"_blank\" rel=\"noopener\">Harmonogram wsparcia kwiecie\u0144 2025.docx<\/a><\/li><li><a href=\"https:\/\/student.tzn.dg.pl\/newtzn\/wp-content\/uploads\/2026\/04\/1.-Harmonogram-wsparcia-szkola-zawodowcow-kwiecien-2025-r.pdf\" target=\"_blank\" rel=\"noopener\">Harmonogram wsparcia kwiecie\u0144 2025.pdf<\/a><\/li><li><a href=\"https:\/\/student.tzn.dg.pl\/newtzn\/wp-content\/uploads\/2026\/04\/1.-Harmonogram-wsparcia-maj-2025-r.docx\" target=\"_blank\" rel=\"noopener\">Harmonogram wsparcia maj 2025.docx<\/a><\/li><li><a href=\"https:\/\/student.tzn.dg.pl\/newtzn\/wp-content\/uploads\/2026\/04\/1.-Harmonogram-wsparcia-szkola-zawodowcow-maj-2025-r.pdf\" target=\"_blank\" rel=\"noopener\">Harmonogram wsparcia maj 2025.pdf<\/a><\/li><li><a href=\"https:\/\/student.tzn.dg.pl\/newtzn\/wp-content\/uploads\/2026\/04\/1.-Harmonogram-wsparcia-czerwiec-2025-r.docx\" target=\"_blank\" rel=\"noopener\">Harmonogram wsparcia czerwiec 2025.docx<\/a><\/li><li><a href=\"https:\/\/student.tzn.dg.pl\/newtzn\/wp-content\/uploads\/2026\/04\/1.-Harmonogram-wsparcia-szkola-zawodowcow-czerwiec-2025-r.pdf\" target=\"_blank\" rel=\"noopener\">Harmonogram wsparcia czerwiec 2025.pdf<\/a><\/li><\/ul><p><span data-olk-copy-source=\"MessageBody\">Data og\u0142oszenia: 05.05.2025 r.<\/span><br \/><strong>Informacja o dost\u0119pno\u015bci architektonicznej miejsca realizacji zada\u0144 w ramach projektu \u201eSzko\u0142a zawodowc\u00f3w\u201d znajduje si\u0119 poni\u017cej:<\/strong><\/p><ul><li><a href=\"https:\/\/student.tzn.dg.pl\/newtzn\/wp-content\/uploads\/2026\/04\/Dostepnosc-architektoniczna.docx\" target=\"_blank\" rel=\"noopener\">dost\u0119pno\u015b\u0107 architektoniczna.docx<\/a><\/li><\/ul><p><strong>Regulamin rekrutacji do udzia\u0142u w projekcie na II rok realizacji projektu pn. \u201eSzko\u0142a zawodowc\u00f3w\u201d oraz komplet dokument\u00f3w rekrutacyjnych znajduj\u0105 si\u0119 poni\u017cej:<\/strong><\/p><ul><li><a href=\"https:\/\/student.tzn.dg.pl\/newtzn\/wp-content\/uploads\/2026\/04\/Regulamin-rekrutacji-2025-2.docx\" target=\"_blank\" rel=\"noopener\">Regulamin rekrutacji.docx<\/a><\/li><li><a href=\"https:\/\/student.tzn.dg.pl\/newtzn\/wp-content\/uploads\/2026\/04\/Regulamin-rekrutacji-szkola-zawodowcow-2025-II-rok.pdf\" target=\"_blank\" rel=\"noopener\">Regulamin rekrutacji.pdf<\/a><\/li><li><a href=\"https:\/\/student.tzn.dg.pl\/newtzn\/wp-content\/uploads\/2026\/04\/Dokumenty-rekrutacyjne-1.docx\" target=\"_blank\" rel=\"noopener\">Dokumenty rekrutacyjne.docx<\/a><\/li><li><a href=\"https:\/\/student.tzn.dg.pl\/newtzn\/wp-content\/uploads\/2026\/04\/Dokumenty-rekrutacyjne-szkola-zawodowcow-II-rok.pdf\" target=\"_blank\" rel=\"noopener\">Dokumenty rekrutacyjne.pdf<\/a><\/li><li><a href=\"https:\/\/student.tzn.dg.pl\/newtzn\/wp-content\/uploads\/2026\/04\/Lista-uczestnikow.docx\" target=\"_blank\" rel=\"noopener\">Lista uczestnik\u00f3w.docx<\/a><\/li><\/ul><p><strong>Harmonogram wsparcia dla uczni\u00f3w\/uczennic w ramach projektu \u201eSzko\u0142a zawodowc\u00f3w\u201d znajduje si\u0119 poni\u017cej (II rok realizacji):<\/strong><\/p><ul><li><a href=\"https:\/\/student.tzn.dg.pl\/newtzn\/wp-content\/uploads\/2026\/04\/1.-Harmonogram-wsparcia-pazdziernik-2025.docx\" target=\"_blank\" rel=\"noopener\">Harmonogram wsparcia pa\u017adziernik 2025.docx<\/a><\/li><li><a href=\"https:\/\/student.tzn.dg.pl\/newtzn\/wp-content\/uploads\/2026\/04\/1.-Harmonogram-wsparcia-szkola-zawodowcow-pazdziernik-2025.pdf\" target=\"_blank\" rel=\"noopener\">Harmonogram wsparcia pa\u017adziernik 2025.pdf<\/a><\/li><\/ul>\t\t\t\t\t\t\t\t<\/div>\n\t\t\t\t<\/div>\n\t\t\t\t<\/div>\n\t\t","protected":false},"excerpt":{"rendered":"<p>Mi\u0119dzynarodowe Centrum Doskonalenia Zawodowego Sp. z o.o. i Miasto D\u0105browa G\u00f3rnicza\/Techniczne Zak\u0142ady Naukowe w D\u0105browie G\u00f3rniczej rozpoczyna realizacj\u0119 projektu pt. \u201eSzko\u0142a zawodowc\u00f3w\u201d realizowanego w ramach Priorytetu 10. Fundusze Europejskie na transformacj\u0119, Dzia\u0142ania 10.23 Edukacja zawodowa w procesie sprawiedliwej transformacji regionu, Regionalnego programu Fundusze Europejskie dla \u015al\u0105skiego 2021-2027, wsp\u00f3\u0142finansowanego przez Uni\u0119 Europejsk\u0105 z Funduszu na rzecz &#8230; <a title=\"SZKO\u0141A ZAWODOWC\u00d3W\" class=\"read-more\" href=\"https:\/\/student.tzn.dg.pl\/newtzn\/?page_id=1116\" aria-label=\"Dowiedz si\u0119 wi\u0119cej o SZKO\u0141A ZAWODOWC\u00d3W\">Dowiedz si\u0119 wi\u0119cej<\/a><\/p>\n","protected":false},"author":2,"featured_media":0,"parent":0,"menu_order":0,"comment_status":"closed","ping_status":"closed","template":"","meta":{"footnotes":""},"class_list":["post-1116","page","type-page","status-publish"],"_links":{"self":[{"href":"https:\/\/student.tzn.dg.pl\/newtzn\/index.php?rest_route=\/wp\/v2\/pages\/1116","targetHints":{"allow":["GET"]}}],"collection":[{"href":"https:\/\/student.tzn.dg.pl\/newtzn\/index.php?rest_route=\/wp\/v2\/pages"}],"about":[{"href":"https:\/\/student.tzn.dg.pl\/newtzn\/index.php?rest_route=\/wp\/v2\/types\/page"}],"author":[{"embeddable":true,"href":"https:\/\/student.tzn.dg.pl\/newtzn\/index.php?rest_route=\/wp\/v2\/users\/2"}],"replies":[{"embeddable":true,"href":"https:\/\/student.tzn.dg.pl\/newtzn\/index.php?rest_route=%2Fwp%2Fv2%2Fcomments&post=1116"}],"version-history":[{"count":13,"href":"https:\/\/student.tzn.dg.pl\/newtzn\/index.php?rest_route=\/wp\/v2\/pages\/1116\/revisions"}],"predecessor-version":[{"id":1154,"href":"https:\/\/student.tzn.dg.pl\/newtzn\/index.php?rest_route=\/wp\/v2\/pages\/1116\/revisions\/1154"}],"wp:attachment":[{"href":"https:\/\/student.tzn.dg.pl\/newtzn\/index.php?rest_route=%2Fwp%2Fv2%2Fmedia&parent=1116"}],"curies":[{"name":"wp","href":"https:\/\/api.w.org\/{rel}","templated":true}]}}